{"id":26358,"date":"2024-11-16T12:42:18","date_gmt":"2024-11-16T09:42:18","guid":{"rendered":"https:\/\/www.ygm.com.tr\/urun\/cup-wheel-o150x40x70-10s80\/"},"modified":"2024-11-16T12:44:12","modified_gmt":"2024-11-16T09:44:12","slug":"cup-wheel-o150x40x70-10s80","status":"publish","type":"product","link":"https:\/\/www.ygm.com.tr\/en\/product\/cup-wheel-o150x40x70-10s80\/","title":{"rendered":"Cup Wheel \u00d8150x40x70 10S80"},"content":{"rendered":"","protected":false},"excerpt":{"rendered":"","protected":false},"featured_media":26361,"template":"","meta":[],"product_brand":[],"product_cat":[90155,90164,90405],"product_tag":[],"class_list":{"0":"post-26358","1":"product","2":"type-product","3":"status-publish","4":"has-post-thumbnail","6":"product_cat-peripheral-wheels","7":"product_cat-polishing-felts","8":"product_cat-products-en","10":"first","11":"instock","12":"taxable","13":"shipping-taxable","14":"purchasable","15":"product-type-simple"},"yoast_head":"<!-- This site is optimized with the Yoast SEO plugin v27.0 - https:\/\/yoast.com\/product\/yoast-seo-wordpress\/ -->\n<title>Cup Wheel \u00d8150x40x70 10S80 - YGM | Y\u00fczey Geli\u015ftirme Merkezi<\/title>\n<meta name=\"description\" content=\"Cup Wheel \u00d8150x40x70 10S80 - YGM | Y\u00fczey Geli\u015ftirme Merkezi\" \/>\n<meta name=\"robots\" content=\"index, follow, max-snippet:-1, max-image-preview:large, max-video-preview:-1\" \/>\n<link rel=\"canonical\" href=\"https:\/\/www.ygm.com.tr\/en\/product\/cup-wheel-o150x40x70-10s80\/\" \/>\n<meta property=\"og:locale\" content=\"en_US\" \/>\n<meta property=\"og:type\" content=\"article\" \/>\n<meta property=\"og:title\" content=\"Cup Wheel \u00d8150x40x70 10S80 - YGM | Y\u00fczey Geli\u015ftirme Merkezi\" \/>\n<meta property=\"og:description\" content=\"Cup Wheel \u00d8150x40x70 10S80 - YGM | Y\u00fczey Geli\u015ftirme Merkezi\" \/>\n<meta property=\"og:url\" content=\"https:\/\/www.ygm.com.tr\/en\/product\/cup-wheel-o150x40x70-10s80\/\" \/>\n<meta property=\"og:site_name\" content=\"YGM | Y\u00fczey Geli\u015ftirme Merkezi\" \/>\n<meta property=\"article:publisher\" content=\"https:\/\/www.facebook.com\/people\/Yzey-Gelitirme-Merkezi\/100063886306150\/\" \/>\n<meta property=\"article:modified_time\" content=\"2024-11-16T09:44:12+00:00\" \/>\n<meta property=\"og:image\" content=\"https:\/\/www.ygm.com.tr\/wp-content\/uploads\/urun_resimleri\/PN.14.19.282-Intermac%20Buseeti%20ve%20Bavelloni.png\" \/>\n\t<meta property=\"og:image:width\" content=\"836\" \/>\n\t<meta property=\"og:image:height\" content=\"547\" \/>\n\t<meta property=\"og:image:type\" content=\"image\/png\" \/>\n<meta name=\"twitter:card\" content=\"summary_large_image\" \/>\n<script type=\"application\/ld+json\" class=\"yoast-schema-graph\">{\"@context\":\"https:\/\/schema.org\",\"@graph\":[{\"@type\":[\"WebPage\",\"ItemPage\"],\"@id\":\"https:\/\/www.ygm.com.tr\/en\/product\/cup-wheel-o150x40x70-10s80\/\",\"url\":\"https:\/\/www.ygm.com.tr\/en\/product\/cup-wheel-o150x40x70-10s80\/\",\"name\":\"Cup Wheel \u00d8150x40x70 10S80 - YGM | Y\u00fczey Geli\u015ftirme Merkezi\",\"isPartOf\":{\"@id\":\"https:\/\/www.ygm.com.tr\/en\/#website\"},\"primaryImageOfPage\":{\"@id\":\"https:\/\/www.ygm.com.tr\/en\/product\/cup-wheel-o150x40x70-10s80\/#primaryimage\"},\"image\":{\"@id\":\"https:\/\/www.ygm.com.tr\/en\/product\/cup-wheel-o150x40x70-10s80\/#primaryimage\"},\"thumbnailUrl\":\"https:\/\/www.ygm.com.tr\/wp-content\/uploads\/urun_resimleri\/PN.14.19.282-Intermac Buseeti ve Bavelloni.png\",\"datePublished\":\"2024-11-16T09:42:18+00:00\",\"dateModified\":\"2024-11-16T09:44:12+00:00\",\"description\":\"Cup Wheel \u00d8150x40x70 10S80 - YGM | Y\u00fczey Geli\u015ftirme Merkezi\",\"breadcrumb\":{\"@id\":\"https:\/\/www.ygm.com.tr\/en\/product\/cup-wheel-o150x40x70-10s80\/#breadcrumb\"},\"inLanguage\":\"en-US\",\"potentialAction\":[{\"@type\":\"ReadAction\",\"target\":[\"https:\/\/www.ygm.com.tr\/en\/product\/cup-wheel-o150x40x70-10s80\/\"]}]},{\"@type\":\"ImageObject\",\"inLanguage\":\"en-US\",\"@id\":\"https:\/\/www.ygm.com.tr\/en\/product\/cup-wheel-o150x40x70-10s80\/#primaryimage\",\"url\":\"https:\/\/www.ygm.com.tr\/wp-content\/uploads\/urun_resimleri\/PN.14.19.282-Intermac Buseeti ve Bavelloni.png\",\"contentUrl\":\"https:\/\/www.ygm.com.tr\/wp-content\/uploads\/urun_resimleri\/PN.14.19.282-Intermac Buseeti ve Bavelloni.png\",\"width\":836,\"height\":547},{\"@type\":\"BreadcrumbList\",\"@id\":\"https:\/\/www.ygm.com.tr\/en\/product\/cup-wheel-o150x40x70-10s80\/#breadcrumb\",\"itemListElement\":[{\"@type\":\"ListItem\",\"position\":1,\"name\":\"Home\",\"item\":\"https:\/\/www.ygm.com.tr\/en\/\"},{\"@type\":\"ListItem\",\"position\":2,\"name\":\"\u00dcr\u00fcnler\",\"item\":\"https:\/\/www.ygm.com.tr\/urunler\/\"},{\"@type\":\"ListItem\",\"position\":3,\"name\":\"Products\",\"item\":\"https:\/\/www.ygm.com.tr\/en\/product-category\/products-en\/\"},{\"@type\":\"ListItem\",\"position\":4,\"name\":\"Peripheral Wheels\",\"item\":\"https:\/\/www.ygm.com.tr\/en\/product-category\/products-en\/peripheral-wheels\/\"},{\"@type\":\"ListItem\",\"position\":5,\"name\":\"Polishing Felts\",\"item\":\"https:\/\/www.ygm.com.tr\/en\/product-category\/products-en\/peripheral-wheels\/polishing-felts\/\"},{\"@type\":\"ListItem\",\"position\":6,\"name\":\"Cup Wheel \u00d8150x40x70 10S80\"}]},{\"@type\":\"WebSite\",\"@id\":\"https:\/\/www.ygm.com.tr\/en\/#website\",\"url\":\"https:\/\/www.ygm.com.tr\/en\/\",\"name\":\"YGM | Y\u00fczey Geli\u015ftirme Merkezi\",\"description\":\"Y\u00fczey i\u015fleme m\u00fchendisli\u011fi\",\"publisher\":{\"@id\":\"https:\/\/www.ygm.com.tr\/en\/#organization\"},\"potentialAction\":[{\"@type\":\"SearchAction\",\"target\":{\"@type\":\"EntryPoint\",\"urlTemplate\":\"https:\/\/www.ygm.com.tr\/en\/?s={search_term_string}\"},\"query-input\":{\"@type\":\"PropertyValueSpecification\",\"valueRequired\":true,\"valueName\":\"search_term_string\"}}],\"inLanguage\":\"en-US\"},{\"@type\":\"Organization\",\"@id\":\"https:\/\/www.ygm.com.tr\/en\/#organization\",\"name\":\"YGM | Y\u00fczey Geli\u015ftirme Merkezi\",\"alternateName\":\"YGM\",\"url\":\"https:\/\/www.ygm.com.tr\/en\/\",\"logo\":{\"@type\":\"ImageObject\",\"inLanguage\":\"en-US\",\"@id\":\"https:\/\/www.ygm.com.tr\/en\/#\/schema\/logo\/image\/\",\"url\":\"https:\/\/www.ygm.com.tr\/wp-content\/uploads\/2023\/06\/YGM_logo.svg\",\"contentUrl\":\"https:\/\/www.ygm.com.tr\/wp-content\/uploads\/2023\/06\/YGM_logo.svg\",\"width\":606,\"height\":359,\"caption\":\"YGM | Y\u00fczey Geli\u015ftirme Merkezi\"},\"image\":{\"@id\":\"https:\/\/www.ygm.com.tr\/en\/#\/schema\/logo\/image\/\"},\"sameAs\":[\"https:\/\/www.facebook.com\/people\/Yzey-Gelitirme-Merkezi\/100063886306150\/\",\"https:\/\/www.instagram.com\/ygm_makina\/\",\"https:\/\/tr.linkedin.com\/company\/yzey-gelitirme-merkezi\",\"https:\/\/wa.me\/905465895950\",\"https:\/\/www.facebook.com\/profile.php?id=100063886306150\"]}]}<\/script>\n<!-- \/ Yoast SEO plugin. -->","yoast_head_json":{"title":"Cup Wheel \u00d8150x40x70 10S80 - YGM | Y\u00fczey Geli\u015ftirme Merkezi","description":"Cup Wheel \u00d8150x40x70 10S80 - YGM | Y\u00fczey Geli\u015ftirme Merkezi","robots":{"index":"index","follow":"follow","max-snippet":"max-snippet:-1","max-image-preview":"max-image-preview:large","max-video-preview":"max-video-preview:-1"},"canonical":"https:\/\/www.ygm.com.tr\/en\/product\/cup-wheel-o150x40x70-10s80\/","og_locale":"en_US","og_type":"article","og_title":"Cup Wheel \u00d8150x40x70 10S80 - YGM | Y\u00fczey Geli\u015ftirme Merkezi","og_description":"Cup Wheel \u00d8150x40x70 10S80 - YGM | Y\u00fczey Geli\u015ftirme Merkezi","og_url":"https:\/\/www.ygm.com.tr\/en\/product\/cup-wheel-o150x40x70-10s80\/","og_site_name":"YGM | Y\u00fczey Geli\u015ftirme Merkezi","article_publisher":"https:\/\/www.facebook.com\/people\/Yzey-Gelitirme-Merkezi\/100063886306150\/","article_modified_time":"2024-11-16T09:44:12+00:00","og_image":[{"width":836,"height":547,"url":"https:\/\/www.ygm.com.tr\/wp-content\/uploads\/urun_resimleri\/PN.14.19.282-Intermac Buseeti ve Bavelloni.png","type":"image\/png"}],"twitter_card":"summary_large_image","schema":{"@context":"https:\/\/schema.org","@graph":[{"@type":["WebPage","ItemPage"],"@id":"https:\/\/www.ygm.com.tr\/en\/product\/cup-wheel-o150x40x70-10s80\/","url":"https:\/\/www.ygm.com.tr\/en\/product\/cup-wheel-o150x40x70-10s80\/","name":"Cup Wheel \u00d8150x40x70 10S80 - YGM | Y\u00fczey Geli\u015ftirme Merkezi","isPartOf":{"@id":"https:\/\/www.ygm.com.tr\/en\/#website"},"primaryImageOfPage":{"@id":"https:\/\/www.ygm.com.tr\/en\/product\/cup-wheel-o150x40x70-10s80\/#primaryimage"},"image":{"@id":"https:\/\/www.ygm.com.tr\/en\/product\/cup-wheel-o150x40x70-10s80\/#primaryimage"},"thumbnailUrl":"https:\/\/www.ygm.com.tr\/wp-content\/uploads\/urun_resimleri\/PN.14.19.282-Intermac Buseeti ve Bavelloni.png","datePublished":"2024-11-16T09:42:18+00:00","dateModified":"2024-11-16T09:44:12+00:00","description":"Cup Wheel \u00d8150x40x70 10S80 - YGM | Y\u00fczey Geli\u015ftirme Merkezi","breadcrumb":{"@id":"https:\/\/www.ygm.com.tr\/en\/product\/cup-wheel-o150x40x70-10s80\/#breadcrumb"},"inLanguage":"en-US","potentialAction":[{"@type":"ReadAction","target":["https:\/\/www.ygm.com.tr\/en\/product\/cup-wheel-o150x40x70-10s80\/"]}]},{"@type":"ImageObject","inLanguage":"en-US","@id":"https:\/\/www.ygm.com.tr\/en\/product\/cup-wheel-o150x40x70-10s80\/#primaryimage","url":"https:\/\/www.ygm.com.tr\/wp-content\/uploads\/urun_resimleri\/PN.14.19.282-Intermac Buseeti ve Bavelloni.png","contentUrl":"https:\/\/www.ygm.com.tr\/wp-content\/uploads\/urun_resimleri\/PN.14.19.282-Intermac Buseeti ve Bavelloni.png","width":836,"height":547},{"@type":"BreadcrumbList","@id":"https:\/\/www.ygm.com.tr\/en\/product\/cup-wheel-o150x40x70-10s80\/#breadcrumb","itemListElement":[{"@type":"ListItem","position":1,"name":"Home","item":"https:\/\/www.ygm.com.tr\/en\/"},{"@type":"ListItem","position":2,"name":"\u00dcr\u00fcnler","item":"https:\/\/www.ygm.com.tr\/urunler\/"},{"@type":"ListItem","position":3,"name":"Products","item":"https:\/\/www.ygm.com.tr\/en\/product-category\/products-en\/"},{"@type":"ListItem","position":4,"name":"Peripheral Wheels","item":"https:\/\/www.ygm.com.tr\/en\/product-category\/products-en\/peripheral-wheels\/"},{"@type":"ListItem","position":5,"name":"Polishing Felts","item":"https:\/\/www.ygm.com.tr\/en\/product-category\/products-en\/peripheral-wheels\/polishing-felts\/"},{"@type":"ListItem","position":6,"name":"Cup Wheel \u00d8150x40x70 10S80"}]},{"@type":"WebSite","@id":"https:\/\/www.ygm.com.tr\/en\/#website","url":"https:\/\/www.ygm.com.tr\/en\/","name":"YGM | Y\u00fczey Geli\u015ftirme Merkezi","description":"Y\u00fczey i\u015fleme m\u00fchendisli\u011fi","publisher":{"@id":"https:\/\/www.ygm.com.tr\/en\/#organization"},"potentialAction":[{"@type":"SearchAction","target":{"@type":"EntryPoint","urlTemplate":"https:\/\/www.ygm.com.tr\/en\/?s={search_term_string}"},"query-input":{"@type":"PropertyValueSpecification","valueRequired":true,"valueName":"search_term_string"}}],"inLanguage":"en-US"},{"@type":"Organization","@id":"https:\/\/www.ygm.com.tr\/en\/#organization","name":"YGM | Y\u00fczey Geli\u015ftirme Merkezi","alternateName":"YGM","url":"https:\/\/www.ygm.com.tr\/en\/","logo":{"@type":"ImageObject","inLanguage":"en-US","@id":"https:\/\/www.ygm.com.tr\/en\/#\/schema\/logo\/image\/","url":"https:\/\/www.ygm.com.tr\/wp-content\/uploads\/2023\/06\/YGM_logo.svg","contentUrl":"https:\/\/www.ygm.com.tr\/wp-content\/uploads\/2023\/06\/YGM_logo.svg","width":606,"height":359,"caption":"YGM | Y\u00fczey Geli\u015ftirme Merkezi"},"image":{"@id":"https:\/\/www.ygm.com.tr\/en\/#\/schema\/logo\/image\/"},"sameAs":["https:\/\/www.facebook.com\/people\/Yzey-Gelitirme-Merkezi\/100063886306150\/","https:\/\/www.instagram.com\/ygm_makina\/","https:\/\/tr.linkedin.com\/company\/yzey-gelitirme-merkezi","https:\/\/wa.me\/905465895950","https:\/\/www.facebook.com\/profile.php?id=100063886306150"]}]}},"_links":{"self":[{"href":"https:\/\/www.ygm.com.tr\/en\/wp-json\/wp\/v2\/product\/26358","targetHints":{"allow":["GET"]}}],"collection":[{"href":"https:\/\/www.ygm.com.tr\/en\/wp-json\/wp\/v2\/product"}],"about":[{"href":"https:\/\/www.ygm.com.tr\/en\/wp-json\/wp\/v2\/types\/product"}],"version-history":[{"count":0,"href":"https:\/\/www.ygm.com.tr\/en\/wp-json\/wp\/v2\/product\/26358\/revisions"}],"wp:featuredmedia":[{"embeddable":true,"href":"https:\/\/www.ygm.com.tr\/en\/wp-json\/wp\/v2\/media\/26361"}],"wp:attachment":[{"href":"https:\/\/www.ygm.com.tr\/en\/wp-json\/wp\/v2\/media?parent=26358"}],"wp:term":[{"taxonomy":"product_brand","embeddable":true,"href":"https:\/\/www.ygm.com.tr\/en\/wp-json\/wp\/v2\/product_brand?post=26358"},{"taxonomy":"product_cat","embeddable":true,"href":"https:\/\/www.ygm.com.tr\/en\/wp-json\/wp\/v2\/product_cat?post=26358"},{"taxonomy":"product_tag","embeddable":true,"href":"https:\/\/www.ygm.com.tr\/en\/wp-json\/wp\/v2\/product_tag?post=26358"}],"curies":[{"name":"wp","href":"https:\/\/api.w.org\/{rel}","templated":true}]}}