{"id":25602,"date":"2024-11-16T07:42:24","date_gmt":"2024-11-16T04:42:24","guid":{"rendered":"https:\/\/www.ygm.com.tr\/urun\/sltb-178-zk-40\/"},"modified":"2024-11-16T07:43:59","modified_gmt":"2024-11-16T04:43:59","slug":"sltb-178-zk-40","status":"publish","type":"product","link":"https:\/\/www.ygm.com.tr\/en\/product\/sltb-178-zk-40\/","title":{"rendered":"SLTB 178 ZK 40"},"content":{"rendered":"<ul>\n<li>The robust tool with a steel carrier<\/li>\n<li>No tool breakage thanks to robust steel carrier plate<\/li>\n<li>Maximum tool life thanks to multi-layer abrasive coating<\/li>\n<li>Self-sharpening effect: high removal rate especially on stainless steel<\/li>\n<li>No blue discolouration thanks to optimised heat dissipation: less reworking needed<\/li>\n<li>Fresh abrasive coating every time: wear exposes the flaps underneath<\/li>\n<li>Secure working even at high operating speeds and temperature thanks to special resin bond<\/li>\n<li>Extremely hard and sharp for an impressively long tool life<\/li>\n<li>Also ideal for use with robot systems<\/li>\n<li>Environmentally friendly production using state-of-the-art resin curing technology<\/li>\n<li>Also machines hard materials efficiently<\/li>\n<li>LUKAS exclusive<\/li>\n<li>Can be used with any commercially available angle grinder thanks to 22.23 mm bore<\/li>\n<li>The tool&#8217;s steel carrier plate is exclusively available from LUKAS. The stable and robust carrier offers maximum reliability (no breakage) and is therefore also suitable for use with robot systems. The good heat dissipation also ensures cool grinding and practically eliminates the need for reworking.<\/li>\n<li>Thanks to the multi-layer coating, this tool is always as sharp as at the first time of use. When the top flaps wear down, the fresh abrasive coating of the flaps underneath is exposed. In this way, they achieve a long service life and consistent working quality.<\/li>\n<li>A high-quality resin system prevents this tool from rupturing at high speeds or working temperatures. In addition, we pay attention to environmental conservation during the production and use start-of-the-art technologies with short curing times.<\/li>\n<li>Thanks to the self-sharpening effect of the zirconia alumina, combined with the extreme hardness and sharpness of the abrasive grain, this tool achieves high removal rates and a long service life, especially with hard and tough materials such as stainless steel.<\/li>\n<\/ul>\n","protected":false},"excerpt":{"rendered":"<p>The robust tool with a steel carrier No tool breakage thanks to robust steel carrier plate Maximum tool life thanks<\/p>\n","protected":false},"featured_media":25621,"template":"","meta":[],"product_brand":[],"product_cat":[90140,90405,90123],"product_tag":[],"class_list":{"0":"post-25602","1":"product","2":"type-product","3":"status-publish","4":"has-post-thumbnail","6":"product_cat-flap-discs","7":"product_cat-products-en","8":"product_cat-sandpapers-and-other-abrasives","10":"first","11":"instock","12":"taxable","13":"shipping-taxable","14":"purchasable","15":"product-type-simple"},"yoast_head":"<!-- This site is optimized with the Yoast SEO plugin v27.4 - https:\/\/yoast.com\/product\/yoast-seo-wordpress\/ -->\n<title>SLTB 178 ZK 40 - YGM | Y\u00fczey Geli\u015ftirme Merkezi<\/title>\n<meta name=\"description\" content=\"SLTB 178 ZK 40 - YGM | Y\u00fczey Geli\u015ftirme Merkezi\" \/>\n<meta name=\"robots\" content=\"index, follow, max-snippet:-1, max-image-preview:large, max-video-preview:-1\" \/>\n<link rel=\"canonical\" href=\"https:\/\/www.ygm.com.tr\/en\/product\/sltb-178-zk-40\/\" \/>\n<meta property=\"og:locale\" content=\"en_US\" \/>\n<meta property=\"og:type\" content=\"article\" \/>\n<meta property=\"og:title\" content=\"SLTB 178 ZK 40 - YGM | Y\u00fczey Geli\u015ftirme Merkezi\" \/>\n<meta property=\"og:description\" content=\"SLTB 178 ZK 40 - YGM | Y\u00fczey Geli\u015ftirme Merkezi\" \/>\n<meta property=\"og:url\" content=\"https:\/\/www.ygm.com.tr\/en\/product\/sltb-178-zk-40\/\" \/>\n<meta property=\"og:site_name\" content=\"YGM | Y\u00fczey Geli\u015ftirme Merkezi\" \/>\n<meta property=\"article:publisher\" content=\"https:\/\/www.facebook.com\/people\/Yzey-Gelitirme-Merkezi\/100063886306150\/\" \/>\n<meta property=\"article:modified_time\" content=\"2024-11-16T04:43:59+00:00\" \/>\n<meta property=\"og:image\" content=\"https:\/\/www.ygm.com.tr\/wp-content\/uploads\/urun_resimleri\/PN.03.16.013-A2250125040_Schleiflamellenteller_SLTB_ZK_oben-scaled.jpg\" \/>\n\t<meta property=\"og:image:width\" content=\"2560\" \/>\n\t<meta property=\"og:image:height\" content=\"2560\" \/>\n\t<meta property=\"og:image:type\" content=\"image\/jpeg\" \/>\n<meta name=\"twitter:card\" content=\"summary_large_image\" \/>\n<meta name=\"twitter:label1\" content=\"Est. reading time\" \/>\n\t<meta name=\"twitter:data1\" content=\"1 minute\" \/>\n<script type=\"application\/ld+json\" class=\"yoast-schema-graph\">{\"@context\":\"https:\\\/\\\/schema.org\",\"@graph\":[{\"@type\":[\"WebPage\",\"ItemPage\"],\"@id\":\"https:\\\/\\\/www.ygm.com.tr\\\/en\\\/product\\\/sltb-178-zk-40\\\/\",\"url\":\"https:\\\/\\\/www.ygm.com.tr\\\/en\\\/product\\\/sltb-178-zk-40\\\/\",\"name\":\"SLTB 178 ZK 40 - YGM | Y\u00fczey Geli\u015ftirme Merkezi\",\"isPartOf\":{\"@id\":\"https:\\\/\\\/www.ygm.com.tr\\\/en\\\/#website\"},\"primaryImageOfPage\":{\"@id\":\"https:\\\/\\\/www.ygm.com.tr\\\/en\\\/product\\\/sltb-178-zk-40\\\/#primaryimage\"},\"image\":{\"@id\":\"https:\\\/\\\/www.ygm.com.tr\\\/en\\\/product\\\/sltb-178-zk-40\\\/#primaryimage\"},\"thumbnailUrl\":\"https:\\\/\\\/www.ygm.com.tr\\\/wp-content\\\/uploads\\\/urun_resimleri\\\/PN.03.16.013-A2250125040_Schleiflamellenteller_SLTB_ZK_oben-scaled.jpg\",\"datePublished\":\"2024-11-16T04:42:24+00:00\",\"dateModified\":\"2024-11-16T04:43:59+00:00\",\"description\":\"SLTB 178 ZK 40 - YGM | Y\u00fczey Geli\u015ftirme Merkezi\",\"breadcrumb\":{\"@id\":\"https:\\\/\\\/www.ygm.com.tr\\\/en\\\/product\\\/sltb-178-zk-40\\\/#breadcrumb\"},\"inLanguage\":\"en-US\",\"potentialAction\":[{\"@type\":\"ReadAction\",\"target\":[\"https:\\\/\\\/www.ygm.com.tr\\\/en\\\/product\\\/sltb-178-zk-40\\\/\"]}]},{\"@type\":\"ImageObject\",\"inLanguage\":\"en-US\",\"@id\":\"https:\\\/\\\/www.ygm.com.tr\\\/en\\\/product\\\/sltb-178-zk-40\\\/#primaryimage\",\"url\":\"https:\\\/\\\/www.ygm.com.tr\\\/wp-content\\\/uploads\\\/urun_resimleri\\\/PN.03.16.013-A2250125040_Schleiflamellenteller_SLTB_ZK_oben-scaled.jpg\",\"contentUrl\":\"https:\\\/\\\/www.ygm.com.tr\\\/wp-content\\\/uploads\\\/urun_resimleri\\\/PN.03.16.013-A2250125040_Schleiflamellenteller_SLTB_ZK_oben-scaled.jpg\",\"width\":2560,\"height\":2560},{\"@type\":\"BreadcrumbList\",\"@id\":\"https:\\\/\\\/www.ygm.com.tr\\\/en\\\/product\\\/sltb-178-zk-40\\\/#breadcrumb\",\"itemListElement\":[{\"@type\":\"ListItem\",\"position\":1,\"name\":\"Home\",\"item\":\"https:\\\/\\\/www.ygm.com.tr\\\/en\\\/\"},{\"@type\":\"ListItem\",\"position\":2,\"name\":\"\u00dcr\u00fcnler\",\"item\":\"https:\\\/\\\/www.ygm.com.tr\\\/urunler\\\/\"},{\"@type\":\"ListItem\",\"position\":3,\"name\":\"Products\",\"item\":\"https:\\\/\\\/www.ygm.com.tr\\\/en\\\/product-category\\\/products-en\\\/\"},{\"@type\":\"ListItem\",\"position\":4,\"name\":\"Sandpapers and Other Abrasives\",\"item\":\"https:\\\/\\\/www.ygm.com.tr\\\/en\\\/product-category\\\/products-en\\\/sandpapers-and-other-abrasives\\\/\"},{\"@type\":\"ListItem\",\"position\":5,\"name\":\"Flap Discs\",\"item\":\"https:\\\/\\\/www.ygm.com.tr\\\/en\\\/product-category\\\/products-en\\\/sandpapers-and-other-abrasives\\\/flap-discs\\\/\"},{\"@type\":\"ListItem\",\"position\":6,\"name\":\"SLTB 178 ZK 40\"}]},{\"@type\":\"WebSite\",\"@id\":\"https:\\\/\\\/www.ygm.com.tr\\\/en\\\/#website\",\"url\":\"https:\\\/\\\/www.ygm.com.tr\\\/en\\\/\",\"name\":\"YGM | Y\u00fczey Geli\u015ftirme Merkezi\",\"description\":\"Y\u00fczey i\u015fleme m\u00fchendisli\u011fi\",\"publisher\":{\"@id\":\"https:\\\/\\\/www.ygm.com.tr\\\/en\\\/#organization\"},\"potentialAction\":[{\"@type\":\"SearchAction\",\"target\":{\"@type\":\"EntryPoint\",\"urlTemplate\":\"https:\\\/\\\/www.ygm.com.tr\\\/en\\\/?s={search_term_string}\"},\"query-input\":{\"@type\":\"PropertyValueSpecification\",\"valueRequired\":true,\"valueName\":\"search_term_string\"}}],\"inLanguage\":\"en-US\"},{\"@type\":\"Organization\",\"@id\":\"https:\\\/\\\/www.ygm.com.tr\\\/en\\\/#organization\",\"name\":\"YGM | Y\u00fczey Geli\u015ftirme Merkezi\",\"alternateName\":\"YGM\",\"url\":\"https:\\\/\\\/www.ygm.com.tr\\\/en\\\/\",\"logo\":{\"@type\":\"ImageObject\",\"inLanguage\":\"en-US\",\"@id\":\"https:\\\/\\\/www.ygm.com.tr\\\/en\\\/#\\\/schema\\\/logo\\\/image\\\/\",\"url\":\"https:\\\/\\\/www.ygm.com.tr\\\/wp-content\\\/uploads\\\/2023\\\/06\\\/YGM_logo.svg\",\"contentUrl\":\"https:\\\/\\\/www.ygm.com.tr\\\/wp-content\\\/uploads\\\/2023\\\/06\\\/YGM_logo.svg\",\"width\":606,\"height\":359,\"caption\":\"YGM | Y\u00fczey Geli\u015ftirme Merkezi\"},\"image\":{\"@id\":\"https:\\\/\\\/www.ygm.com.tr\\\/en\\\/#\\\/schema\\\/logo\\\/image\\\/\"},\"sameAs\":[\"https:\\\/\\\/www.facebook.com\\\/people\\\/Yzey-Gelitirme-Merkezi\\\/100063886306150\\\/\",\"https:\\\/\\\/www.instagram.com\\\/ygm_makina\\\/\",\"https:\\\/\\\/tr.linkedin.com\\\/company\\\/yzey-gelitirme-merkezi\",\"https:\\\/\\\/wa.me\\\/905465895950\",\"https:\\\/\\\/www.facebook.com\\\/profile.php?id=100063886306150\"]}]}<\/script>\n<!-- \/ Yoast SEO plugin. -->","yoast_head_json":{"title":"SLTB 178 ZK 40 - YGM | Y\u00fczey Geli\u015ftirme Merkezi","description":"SLTB 178 ZK 40 - YGM | Y\u00fczey Geli\u015ftirme Merkezi","robots":{"index":"index","follow":"follow","max-snippet":"max-snippet:-1","max-image-preview":"max-image-preview:large","max-video-preview":"max-video-preview:-1"},"canonical":"https:\/\/www.ygm.com.tr\/en\/product\/sltb-178-zk-40\/","og_locale":"en_US","og_type":"article","og_title":"SLTB 178 ZK 40 - YGM | Y\u00fczey Geli\u015ftirme Merkezi","og_description":"SLTB 178 ZK 40 - YGM | Y\u00fczey Geli\u015ftirme Merkezi","og_url":"https:\/\/www.ygm.com.tr\/en\/product\/sltb-178-zk-40\/","og_site_name":"YGM | Y\u00fczey Geli\u015ftirme Merkezi","article_publisher":"https:\/\/www.facebook.com\/people\/Yzey-Gelitirme-Merkezi\/100063886306150\/","article_modified_time":"2024-11-16T04:43:59+00:00","og_image":[{"width":2560,"height":2560,"url":"https:\/\/www.ygm.com.tr\/wp-content\/uploads\/urun_resimleri\/PN.03.16.013-A2250125040_Schleiflamellenteller_SLTB_ZK_oben-scaled.jpg","type":"image\/jpeg"}],"twitter_card":"summary_large_image","twitter_misc":{"Est. reading time":"1 minute"},"schema":{"@context":"https:\/\/schema.org","@graph":[{"@type":["WebPage","ItemPage"],"@id":"https:\/\/www.ygm.com.tr\/en\/product\/sltb-178-zk-40\/","url":"https:\/\/www.ygm.com.tr\/en\/product\/sltb-178-zk-40\/","name":"SLTB 178 ZK 40 - YGM | Y\u00fczey Geli\u015ftirme Merkezi","isPartOf":{"@id":"https:\/\/www.ygm.com.tr\/en\/#website"},"primaryImageOfPage":{"@id":"https:\/\/www.ygm.com.tr\/en\/product\/sltb-178-zk-40\/#primaryimage"},"image":{"@id":"https:\/\/www.ygm.com.tr\/en\/product\/sltb-178-zk-40\/#primaryimage"},"thumbnailUrl":"https:\/\/www.ygm.com.tr\/wp-content\/uploads\/urun_resimleri\/PN.03.16.013-A2250125040_Schleiflamellenteller_SLTB_ZK_oben-scaled.jpg","datePublished":"2024-11-16T04:42:24+00:00","dateModified":"2024-11-16T04:43:59+00:00","description":"SLTB 178 ZK 40 - YGM | Y\u00fczey Geli\u015ftirme Merkezi","breadcrumb":{"@id":"https:\/\/www.ygm.com.tr\/en\/product\/sltb-178-zk-40\/#breadcrumb"},"inLanguage":"en-US","potentialAction":[{"@type":"ReadAction","target":["https:\/\/www.ygm.com.tr\/en\/product\/sltb-178-zk-40\/"]}]},{"@type":"ImageObject","inLanguage":"en-US","@id":"https:\/\/www.ygm.com.tr\/en\/product\/sltb-178-zk-40\/#primaryimage","url":"https:\/\/www.ygm.com.tr\/wp-content\/uploads\/urun_resimleri\/PN.03.16.013-A2250125040_Schleiflamellenteller_SLTB_ZK_oben-scaled.jpg","contentUrl":"https:\/\/www.ygm.com.tr\/wp-content\/uploads\/urun_resimleri\/PN.03.16.013-A2250125040_Schleiflamellenteller_SLTB_ZK_oben-scaled.jpg","width":2560,"height":2560},{"@type":"BreadcrumbList","@id":"https:\/\/www.ygm.com.tr\/en\/product\/sltb-178-zk-40\/#breadcrumb","itemListElement":[{"@type":"ListItem","position":1,"name":"Home","item":"https:\/\/www.ygm.com.tr\/en\/"},{"@type":"ListItem","position":2,"name":"\u00dcr\u00fcnler","item":"https:\/\/www.ygm.com.tr\/urunler\/"},{"@type":"ListItem","position":3,"name":"Products","item":"https:\/\/www.ygm.com.tr\/en\/product-category\/products-en\/"},{"@type":"ListItem","position":4,"name":"Sandpapers and Other Abrasives","item":"https:\/\/www.ygm.com.tr\/en\/product-category\/products-en\/sandpapers-and-other-abrasives\/"},{"@type":"ListItem","position":5,"name":"Flap Discs","item":"https:\/\/www.ygm.com.tr\/en\/product-category\/products-en\/sandpapers-and-other-abrasives\/flap-discs\/"},{"@type":"ListItem","position":6,"name":"SLTB 178 ZK 40"}]},{"@type":"WebSite","@id":"https:\/\/www.ygm.com.tr\/en\/#website","url":"https:\/\/www.ygm.com.tr\/en\/","name":"YGM | Y\u00fczey Geli\u015ftirme Merkezi","description":"Y\u00fczey i\u015fleme m\u00fchendisli\u011fi","publisher":{"@id":"https:\/\/www.ygm.com.tr\/en\/#organization"},"potentialAction":[{"@type":"SearchAction","target":{"@type":"EntryPoint","urlTemplate":"https:\/\/www.ygm.com.tr\/en\/?s={search_term_string}"},"query-input":{"@type":"PropertyValueSpecification","valueRequired":true,"valueName":"search_term_string"}}],"inLanguage":"en-US"},{"@type":"Organization","@id":"https:\/\/www.ygm.com.tr\/en\/#organization","name":"YGM | Y\u00fczey Geli\u015ftirme Merkezi","alternateName":"YGM","url":"https:\/\/www.ygm.com.tr\/en\/","logo":{"@type":"ImageObject","inLanguage":"en-US","@id":"https:\/\/www.ygm.com.tr\/en\/#\/schema\/logo\/image\/","url":"https:\/\/www.ygm.com.tr\/wp-content\/uploads\/2023\/06\/YGM_logo.svg","contentUrl":"https:\/\/www.ygm.com.tr\/wp-content\/uploads\/2023\/06\/YGM_logo.svg","width":606,"height":359,"caption":"YGM | Y\u00fczey Geli\u015ftirme Merkezi"},"image":{"@id":"https:\/\/www.ygm.com.tr\/en\/#\/schema\/logo\/image\/"},"sameAs":["https:\/\/www.facebook.com\/people\/Yzey-Gelitirme-Merkezi\/100063886306150\/","https:\/\/www.instagram.com\/ygm_makina\/","https:\/\/tr.linkedin.com\/company\/yzey-gelitirme-merkezi","https:\/\/wa.me\/905465895950","https:\/\/www.facebook.com\/profile.php?id=100063886306150"]}]}},"_links":{"self":[{"href":"https:\/\/www.ygm.com.tr\/en\/wp-json\/wp\/v2\/product\/25602","targetHints":{"allow":["GET"]}}],"collection":[{"href":"https:\/\/www.ygm.com.tr\/en\/wp-json\/wp\/v2\/product"}],"about":[{"href":"https:\/\/www.ygm.com.tr\/en\/wp-json\/wp\/v2\/types\/product"}],"version-history":[{"count":0,"href":"https:\/\/www.ygm.com.tr\/en\/wp-json\/wp\/v2\/product\/25602\/revisions"}],"wp:featuredmedia":[{"embeddable":true,"href":"https:\/\/www.ygm.com.tr\/en\/wp-json\/wp\/v2\/media\/25621"}],"wp:attachment":[{"href":"https:\/\/www.ygm.com.tr\/en\/wp-json\/wp\/v2\/media?parent=25602"}],"wp:term":[{"taxonomy":"product_brand","embeddable":true,"href":"https:\/\/www.ygm.com.tr\/en\/wp-json\/wp\/v2\/product_brand?post=25602"},{"taxonomy":"product_cat","embeddable":true,"href":"https:\/\/www.ygm.com.tr\/en\/wp-json\/wp\/v2\/product_cat?post=25602"},{"taxonomy":"product_tag","embeddable":true,"href":"https:\/\/www.ygm.com.tr\/en\/wp-json\/wp\/v2\/product_tag?post=25602"}],"curies":[{"name":"wp","href":"https:\/\/api.w.org\/{rel}","templated":true}]}}