{"id":25536,"date":"2024-11-16T07:34:59","date_gmt":"2024-11-16T04:34:59","guid":{"rendered":"https:\/\/www.ygm.com.tr\/urun\/t41-350x26x2540-a36s-bf-inox\/"},"modified":"2024-11-16T07:36:15","modified_gmt":"2024-11-16T04:36:15","slug":"t41-350x26x2540-a36s-bf-inox","status":"publish","type":"product","link":"https:\/\/www.ygm.com.tr\/en\/product\/t41-350x26x2540-a36s-bf-inox\/","title":{"rendered":"T41 350&#215;2,6&#215;25,40 A36S-BF Inox"},"content":{"rendered":"<ul>\n<li>Machine non-rusting steel with precise cutting<\/li>\n<li>Suitable for all power tools, e.g. petrol cut-off machine with 1&#8243; tool holder<\/li>\n<li>Good value for money thanks to regular aluminium oxide<\/li>\n<li>No abrasive material wastage due to the straight shape: grind up to the centre of the tool<\/li>\n<li>Tested quality: high level of safety through regular testing<\/li>\n<li>The aluminium oxide used for this cutting disc boasts an impressive tool life with structural steel and allows you to work in a cost-effective manner.<\/li>\n<\/ul>\n","protected":false},"excerpt":{"rendered":"<p>Machine non-rusting steel with precise cutting Suitable for all power tools, e.g. petrol cut-off machine with 1&#8243; tool holder Good<\/p>\n","protected":false},"featured_media":25555,"template":"","meta":[],"product_brand":[],"product_cat":[90126,90123,90405],"product_tag":[],"class_list":{"0":"post-25536","1":"product","2":"type-product","3":"status-publish","4":"has-post-thumbnail","6":"product_cat-cutting","7":"product_cat-sandpapers-and-other-abrasives","8":"product_cat-products-en","10":"first","11":"instock","12":"taxable","13":"shipping-taxable","14":"purchasable","15":"product-type-simple"},"yoast_head":"<!-- This site is optimized with the Yoast SEO plugin v27.0 - https:\/\/yoast.com\/product\/yoast-seo-wordpress\/ -->\n<title>T41 350x2,6x25,40 A36S-BF Inox - YGM | Y\u00fczey Geli\u015ftirme Merkezi<\/title>\n<meta name=\"description\" content=\"T41 350x2,6x25,40 A36S-BF Inox - YGM | Y\u00fczey Geli\u015ftirme Merkezi\" \/>\n<meta name=\"robots\" content=\"index, follow, max-snippet:-1, max-image-preview:large, max-video-preview:-1\" \/>\n<link rel=\"canonical\" href=\"https:\/\/www.ygm.com.tr\/en\/product\/t41-350x26x2540-a36s-bf-inox\/\" \/>\n<meta property=\"og:locale\" content=\"en_US\" \/>\n<meta property=\"og:type\" content=\"article\" \/>\n<meta property=\"og:title\" content=\"T41 350x2,6x25,40 A36S-BF Inox - YGM | Y\u00fczey Geli\u015ftirme Merkezi\" \/>\n<meta property=\"og:description\" content=\"T41 350x2,6x25,40 A36S-BF Inox - YGM | Y\u00fczey Geli\u015ftirme Merkezi\" \/>\n<meta property=\"og:url\" content=\"https:\/\/www.ygm.com.tr\/en\/product\/t41-350x26x2540-a36s-bf-inox\/\" \/>\n<meta property=\"og:site_name\" content=\"YGM | Y\u00fczey Geli\u015ftirme Merkezi\" \/>\n<meta property=\"article:publisher\" content=\"https:\/\/www.facebook.com\/people\/Yzey-Gelitirme-Merkezi\/100063886306150\/\" \/>\n<meta property=\"article:modified_time\" content=\"2024-11-16T04:36:15+00:00\" \/>\n<meta property=\"og:image\" content=\"https:\/\/www.ygm.com.tr\/wp-content\/uploads\/urun_resimleri\/PN.03.12.173-7_1_10_2.jpg\" \/>\n\t<meta property=\"og:image:width\" content=\"969\" \/>\n\t<meta property=\"og:image:height\" content=\"969\" \/>\n\t<meta property=\"og:image:type\" content=\"image\/jpeg\" \/>\n<meta name=\"twitter:card\" content=\"summary_large_image\" \/>\n<script type=\"application\/ld+json\" class=\"yoast-schema-graph\">{\"@context\":\"https:\/\/schema.org\",\"@graph\":[{\"@type\":[\"WebPage\",\"ItemPage\"],\"@id\":\"https:\/\/www.ygm.com.tr\/en\/product\/t41-350x26x2540-a36s-bf-inox\/\",\"url\":\"https:\/\/www.ygm.com.tr\/en\/product\/t41-350x26x2540-a36s-bf-inox\/\",\"name\":\"T41 350x2,6x25,40 A36S-BF Inox - YGM | Y\u00fczey Geli\u015ftirme Merkezi\",\"isPartOf\":{\"@id\":\"https:\/\/www.ygm.com.tr\/en\/#website\"},\"primaryImageOfPage\":{\"@id\":\"https:\/\/www.ygm.com.tr\/en\/product\/t41-350x26x2540-a36s-bf-inox\/#primaryimage\"},\"image\":{\"@id\":\"https:\/\/www.ygm.com.tr\/en\/product\/t41-350x26x2540-a36s-bf-inox\/#primaryimage\"},\"thumbnailUrl\":\"https:\/\/www.ygm.com.tr\/wp-content\/uploads\/urun_resimleri\/PN.03.12.173-7_1_10_2.jpg\",\"datePublished\":\"2024-11-16T04:34:59+00:00\",\"dateModified\":\"2024-11-16T04:36:15+00:00\",\"description\":\"T41 350x2,6x25,40 A36S-BF Inox - YGM | Y\u00fczey Geli\u015ftirme Merkezi\",\"breadcrumb\":{\"@id\":\"https:\/\/www.ygm.com.tr\/en\/product\/t41-350x26x2540-a36s-bf-inox\/#breadcrumb\"},\"inLanguage\":\"en-US\",\"potentialAction\":[{\"@type\":\"ReadAction\",\"target\":[\"https:\/\/www.ygm.com.tr\/en\/product\/t41-350x26x2540-a36s-bf-inox\/\"]}]},{\"@type\":\"ImageObject\",\"inLanguage\":\"en-US\",\"@id\":\"https:\/\/www.ygm.com.tr\/en\/product\/t41-350x26x2540-a36s-bf-inox\/#primaryimage\",\"url\":\"https:\/\/www.ygm.com.tr\/wp-content\/uploads\/urun_resimleri\/PN.03.12.173-7_1_10_2.jpg\",\"contentUrl\":\"https:\/\/www.ygm.com.tr\/wp-content\/uploads\/urun_resimleri\/PN.03.12.173-7_1_10_2.jpg\",\"width\":969,\"height\":969},{\"@type\":\"BreadcrumbList\",\"@id\":\"https:\/\/www.ygm.com.tr\/en\/product\/t41-350x26x2540-a36s-bf-inox\/#breadcrumb\",\"itemListElement\":[{\"@type\":\"ListItem\",\"position\":1,\"name\":\"Home\",\"item\":\"https:\/\/www.ygm.com.tr\/en\/\"},{\"@type\":\"ListItem\",\"position\":2,\"name\":\"\u00dcr\u00fcnler\",\"item\":\"https:\/\/www.ygm.com.tr\/urunler\/\"},{\"@type\":\"ListItem\",\"position\":3,\"name\":\"Products\",\"item\":\"https:\/\/www.ygm.com.tr\/en\/product-category\/products-en\/\"},{\"@type\":\"ListItem\",\"position\":4,\"name\":\"Sandpapers and Other Abrasives\",\"item\":\"https:\/\/www.ygm.com.tr\/en\/product-category\/products-en\/sandpapers-and-other-abrasives\/\"},{\"@type\":\"ListItem\",\"position\":5,\"name\":\"Cutting\",\"item\":\"https:\/\/www.ygm.com.tr\/en\/product-category\/products-en\/sandpapers-and-other-abrasives\/cutting\/\"},{\"@type\":\"ListItem\",\"position\":6,\"name\":\"T41 350&#215;2,6&#215;25,40 A36S-BF Inox\"}]},{\"@type\":\"WebSite\",\"@id\":\"https:\/\/www.ygm.com.tr\/en\/#website\",\"url\":\"https:\/\/www.ygm.com.tr\/en\/\",\"name\":\"YGM | Y\u00fczey Geli\u015ftirme Merkezi\",\"description\":\"Y\u00fczey i\u015fleme m\u00fchendisli\u011fi\",\"publisher\":{\"@id\":\"https:\/\/www.ygm.com.tr\/en\/#organization\"},\"potentialAction\":[{\"@type\":\"SearchAction\",\"target\":{\"@type\":\"EntryPoint\",\"urlTemplate\":\"https:\/\/www.ygm.com.tr\/en\/?s={search_term_string}\"},\"query-input\":{\"@type\":\"PropertyValueSpecification\",\"valueRequired\":true,\"valueName\":\"search_term_string\"}}],\"inLanguage\":\"en-US\"},{\"@type\":\"Organization\",\"@id\":\"https:\/\/www.ygm.com.tr\/en\/#organization\",\"name\":\"YGM | Y\u00fczey Geli\u015ftirme Merkezi\",\"alternateName\":\"YGM\",\"url\":\"https:\/\/www.ygm.com.tr\/en\/\",\"logo\":{\"@type\":\"ImageObject\",\"inLanguage\":\"en-US\",\"@id\":\"https:\/\/www.ygm.com.tr\/en\/#\/schema\/logo\/image\/\",\"url\":\"https:\/\/www.ygm.com.tr\/wp-content\/uploads\/2023\/06\/YGM_logo.svg\",\"contentUrl\":\"https:\/\/www.ygm.com.tr\/wp-content\/uploads\/2023\/06\/YGM_logo.svg\",\"width\":606,\"height\":359,\"caption\":\"YGM | Y\u00fczey Geli\u015ftirme Merkezi\"},\"image\":{\"@id\":\"https:\/\/www.ygm.com.tr\/en\/#\/schema\/logo\/image\/\"},\"sameAs\":[\"https:\/\/www.facebook.com\/people\/Yzey-Gelitirme-Merkezi\/100063886306150\/\",\"https:\/\/www.instagram.com\/ygm_makina\/\",\"https:\/\/tr.linkedin.com\/company\/yzey-gelitirme-merkezi\",\"https:\/\/wa.me\/905465895950\",\"https:\/\/www.facebook.com\/profile.php?id=100063886306150\"]}]}<\/script>\n<!-- \/ Yoast SEO plugin. -->","yoast_head_json":{"title":"T41 350x2,6x25,40 A36S-BF Inox - YGM | Y\u00fczey Geli\u015ftirme Merkezi","description":"T41 350x2,6x25,40 A36S-BF Inox - YGM | Y\u00fczey Geli\u015ftirme Merkezi","robots":{"index":"index","follow":"follow","max-snippet":"max-snippet:-1","max-image-preview":"max-image-preview:large","max-video-preview":"max-video-preview:-1"},"canonical":"https:\/\/www.ygm.com.tr\/en\/product\/t41-350x26x2540-a36s-bf-inox\/","og_locale":"en_US","og_type":"article","og_title":"T41 350x2,6x25,40 A36S-BF Inox - YGM | Y\u00fczey Geli\u015ftirme Merkezi","og_description":"T41 350x2,6x25,40 A36S-BF Inox - YGM | Y\u00fczey Geli\u015ftirme Merkezi","og_url":"https:\/\/www.ygm.com.tr\/en\/product\/t41-350x26x2540-a36s-bf-inox\/","og_site_name":"YGM | Y\u00fczey Geli\u015ftirme Merkezi","article_publisher":"https:\/\/www.facebook.com\/people\/Yzey-Gelitirme-Merkezi\/100063886306150\/","article_modified_time":"2024-11-16T04:36:15+00:00","og_image":[{"width":969,"height":969,"url":"https:\/\/www.ygm.com.tr\/wp-content\/uploads\/urun_resimleri\/PN.03.12.173-7_1_10_2.jpg","type":"image\/jpeg"}],"twitter_card":"summary_large_image","schema":{"@context":"https:\/\/schema.org","@graph":[{"@type":["WebPage","ItemPage"],"@id":"https:\/\/www.ygm.com.tr\/en\/product\/t41-350x26x2540-a36s-bf-inox\/","url":"https:\/\/www.ygm.com.tr\/en\/product\/t41-350x26x2540-a36s-bf-inox\/","name":"T41 350x2,6x25,40 A36S-BF Inox - YGM | Y\u00fczey Geli\u015ftirme Merkezi","isPartOf":{"@id":"https:\/\/www.ygm.com.tr\/en\/#website"},"primaryImageOfPage":{"@id":"https:\/\/www.ygm.com.tr\/en\/product\/t41-350x26x2540-a36s-bf-inox\/#primaryimage"},"image":{"@id":"https:\/\/www.ygm.com.tr\/en\/product\/t41-350x26x2540-a36s-bf-inox\/#primaryimage"},"thumbnailUrl":"https:\/\/www.ygm.com.tr\/wp-content\/uploads\/urun_resimleri\/PN.03.12.173-7_1_10_2.jpg","datePublished":"2024-11-16T04:34:59+00:00","dateModified":"2024-11-16T04:36:15+00:00","description":"T41 350x2,6x25,40 A36S-BF Inox - YGM | Y\u00fczey Geli\u015ftirme Merkezi","breadcrumb":{"@id":"https:\/\/www.ygm.com.tr\/en\/product\/t41-350x26x2540-a36s-bf-inox\/#breadcrumb"},"inLanguage":"en-US","potentialAction":[{"@type":"ReadAction","target":["https:\/\/www.ygm.com.tr\/en\/product\/t41-350x26x2540-a36s-bf-inox\/"]}]},{"@type":"ImageObject","inLanguage":"en-US","@id":"https:\/\/www.ygm.com.tr\/en\/product\/t41-350x26x2540-a36s-bf-inox\/#primaryimage","url":"https:\/\/www.ygm.com.tr\/wp-content\/uploads\/urun_resimleri\/PN.03.12.173-7_1_10_2.jpg","contentUrl":"https:\/\/www.ygm.com.tr\/wp-content\/uploads\/urun_resimleri\/PN.03.12.173-7_1_10_2.jpg","width":969,"height":969},{"@type":"BreadcrumbList","@id":"https:\/\/www.ygm.com.tr\/en\/product\/t41-350x26x2540-a36s-bf-inox\/#breadcrumb","itemListElement":[{"@type":"ListItem","position":1,"name":"Home","item":"https:\/\/www.ygm.com.tr\/en\/"},{"@type":"ListItem","position":2,"name":"\u00dcr\u00fcnler","item":"https:\/\/www.ygm.com.tr\/urunler\/"},{"@type":"ListItem","position":3,"name":"Products","item":"https:\/\/www.ygm.com.tr\/en\/product-category\/products-en\/"},{"@type":"ListItem","position":4,"name":"Sandpapers and Other Abrasives","item":"https:\/\/www.ygm.com.tr\/en\/product-category\/products-en\/sandpapers-and-other-abrasives\/"},{"@type":"ListItem","position":5,"name":"Cutting","item":"https:\/\/www.ygm.com.tr\/en\/product-category\/products-en\/sandpapers-and-other-abrasives\/cutting\/"},{"@type":"ListItem","position":6,"name":"T41 350&#215;2,6&#215;25,40 A36S-BF Inox"}]},{"@type":"WebSite","@id":"https:\/\/www.ygm.com.tr\/en\/#website","url":"https:\/\/www.ygm.com.tr\/en\/","name":"YGM | Y\u00fczey Geli\u015ftirme Merkezi","description":"Y\u00fczey i\u015fleme m\u00fchendisli\u011fi","publisher":{"@id":"https:\/\/www.ygm.com.tr\/en\/#organization"},"potentialAction":[{"@type":"SearchAction","target":{"@type":"EntryPoint","urlTemplate":"https:\/\/www.ygm.com.tr\/en\/?s={search_term_string}"},"query-input":{"@type":"PropertyValueSpecification","valueRequired":true,"valueName":"search_term_string"}}],"inLanguage":"en-US"},{"@type":"Organization","@id":"https:\/\/www.ygm.com.tr\/en\/#organization","name":"YGM | Y\u00fczey Geli\u015ftirme Merkezi","alternateName":"YGM","url":"https:\/\/www.ygm.com.tr\/en\/","logo":{"@type":"ImageObject","inLanguage":"en-US","@id":"https:\/\/www.ygm.com.tr\/en\/#\/schema\/logo\/image\/","url":"https:\/\/www.ygm.com.tr\/wp-content\/uploads\/2023\/06\/YGM_logo.svg","contentUrl":"https:\/\/www.ygm.com.tr\/wp-content\/uploads\/2023\/06\/YGM_logo.svg","width":606,"height":359,"caption":"YGM | Y\u00fczey Geli\u015ftirme Merkezi"},"image":{"@id":"https:\/\/www.ygm.com.tr\/en\/#\/schema\/logo\/image\/"},"sameAs":["https:\/\/www.facebook.com\/people\/Yzey-Gelitirme-Merkezi\/100063886306150\/","https:\/\/www.instagram.com\/ygm_makina\/","https:\/\/tr.linkedin.com\/company\/yzey-gelitirme-merkezi","https:\/\/wa.me\/905465895950","https:\/\/www.facebook.com\/profile.php?id=100063886306150"]}]}},"_links":{"self":[{"href":"https:\/\/www.ygm.com.tr\/en\/wp-json\/wp\/v2\/product\/25536","targetHints":{"allow":["GET"]}}],"collection":[{"href":"https:\/\/www.ygm.com.tr\/en\/wp-json\/wp\/v2\/product"}],"about":[{"href":"https:\/\/www.ygm.com.tr\/en\/wp-json\/wp\/v2\/types\/product"}],"version-history":[{"count":0,"href":"https:\/\/www.ygm.com.tr\/en\/wp-json\/wp\/v2\/product\/25536\/revisions"}],"wp:featuredmedia":[{"embeddable":true,"href":"https:\/\/www.ygm.com.tr\/en\/wp-json\/wp\/v2\/media\/25555"}],"wp:attachment":[{"href":"https:\/\/www.ygm.com.tr\/en\/wp-json\/wp\/v2\/media?parent=25536"}],"wp:term":[{"taxonomy":"product_brand","embeddable":true,"href":"https:\/\/www.ygm.com.tr\/en\/wp-json\/wp\/v2\/product_brand?post=25536"},{"taxonomy":"product_cat","embeddable":true,"href":"https:\/\/www.ygm.com.tr\/en\/wp-json\/wp\/v2\/product_cat?post=25536"},{"taxonomy":"product_tag","embeddable":true,"href":"https:\/\/www.ygm.com.tr\/en\/wp-json\/wp\/v2\/product_tag?post=25536"}],"curies":[{"name":"wp","href":"https:\/\/api.w.org\/{rel}","templated":true}]}}