{"id":25436,"date":"2024-11-16T07:21:29","date_gmt":"2024-11-16T04:21:29","guid":{"rendered":"https:\/\/www.ygm.com.tr\/urun\/sp-0510-03-rkd-100-qu-v21\/"},"modified":"2024-11-16T07:22:25","modified_gmt":"2024-11-16T04:22:25","slug":"sp-0510-03-rkd-100-qu-v21","status":"publish","type":"product","link":"https:\/\/www.ygm.com.tr\/en\/product\/sp-0510-03-rkd-100-qu-v21\/","title":{"rendered":"SP 0510.03 RKD 100 QU V21"},"content":{"rendered":"<ul>\n<li>Perfect results on non-rusting steel with the mixture of dark red aluminium oxide and pink aluminium oxide<\/li>\n<li>perfect dimensional stability: Fits perfectly in the power tool<\/li>\n<li>Stainless thanks to zinc-nickel coating<\/li>\n<li>No dangerous shank breakage thanks to high-quality steel shank<\/li>\n<li>Without chrome coating<\/li>\n<li>Tested quality: high level of safety through regular testing<\/li>\n<li>The high-quality steel shank of the tool fits perfectly in the power tool. Jamming, slippage or even shaft breakage are a thing of the past.<\/li>\n<\/ul>\n","protected":false},"excerpt":{"rendered":"<p>Perfect results on non-rusting steel with the mixture of dark red aluminium oxide and pink aluminium oxide perfect dimensional stability:<\/p>\n","protected":false},"featured_media":25447,"template":"","meta":[],"product_brand":[],"product_cat":[90123,90125,90405],"product_tag":[],"class_list":{"0":"post-25436","1":"product","2":"type-product","3":"status-publish","4":"has-post-thumbnail","6":"product_cat-sandpapers-and-other-abrasives","7":"product_cat-stemmed","8":"product_cat-products-en","10":"first","11":"instock","12":"taxable","13":"shipping-taxable","14":"purchasable","15":"product-type-simple"},"yoast_head":"<!-- This site is optimized with the Yoast SEO plugin v27.0 - https:\/\/yoast.com\/product\/yoast-seo-wordpress\/ -->\n<title>SP 0510.03 RKD 100 QU V21 - YGM | Y\u00fczey Geli\u015ftirme Merkezi<\/title>\n<meta name=\"description\" content=\"SP 0510.03 RKD 100 QU V21 - YGM | Y\u00fczey Geli\u015ftirme Merkezi\" \/>\n<meta name=\"robots\" content=\"index, follow, max-snippet:-1, max-image-preview:large, max-video-preview:-1\" \/>\n<link rel=\"canonical\" href=\"https:\/\/www.ygm.com.tr\/en\/product\/sp-0510-03-rkd-100-qu-v21\/\" \/>\n<meta property=\"og:locale\" content=\"en_US\" \/>\n<meta property=\"og:type\" content=\"article\" \/>\n<meta property=\"og:title\" content=\"SP 0510.03 RKD 100 QU V21 - YGM | Y\u00fczey Geli\u015ftirme Merkezi\" \/>\n<meta property=\"og:description\" content=\"SP 0510.03 RKD 100 QU V21 - YGM | Y\u00fczey Geli\u015ftirme Merkezi\" \/>\n<meta property=\"og:url\" content=\"https:\/\/www.ygm.com.tr\/en\/product\/sp-0510-03-rkd-100-qu-v21\/\" \/>\n<meta property=\"og:site_name\" content=\"YGM | Y\u00fczey Geli\u015ftirme Merkezi\" \/>\n<meta property=\"article:publisher\" content=\"https:\/\/www.facebook.com\/people\/Yzey-Gelitirme-Merkezi\/100063886306150\/\" \/>\n<meta property=\"article:modified_time\" content=\"2024-11-16T04:22:25+00:00\" \/>\n<meta property=\"og:image\" content=\"https:\/\/www.ygm.com.tr\/wp-content\/uploads\/urun_resimleri\/PN.03.11.027-2_1_3_EKR.jpg\" \/>\n\t<meta property=\"og:image:width\" content=\"1044\" \/>\n\t<meta property=\"og:image:height\" content=\"461\" \/>\n\t<meta property=\"og:image:type\" content=\"image\/jpeg\" \/>\n<meta name=\"twitter:card\" content=\"summary_large_image\" \/>\n<script type=\"application\/ld+json\" class=\"yoast-schema-graph\">{\"@context\":\"https:\/\/schema.org\",\"@graph\":[{\"@type\":[\"WebPage\",\"ItemPage\"],\"@id\":\"https:\/\/www.ygm.com.tr\/en\/product\/sp-0510-03-rkd-100-qu-v21\/\",\"url\":\"https:\/\/www.ygm.com.tr\/en\/product\/sp-0510-03-rkd-100-qu-v21\/\",\"name\":\"SP 0510.03 RKD 100 QU V21 - YGM | Y\u00fczey Geli\u015ftirme Merkezi\",\"isPartOf\":{\"@id\":\"https:\/\/www.ygm.com.tr\/en\/#website\"},\"primaryImageOfPage\":{\"@id\":\"https:\/\/www.ygm.com.tr\/en\/product\/sp-0510-03-rkd-100-qu-v21\/#primaryimage\"},\"image\":{\"@id\":\"https:\/\/www.ygm.com.tr\/en\/product\/sp-0510-03-rkd-100-qu-v21\/#primaryimage\"},\"thumbnailUrl\":\"https:\/\/www.ygm.com.tr\/wp-content\/uploads\/urun_resimleri\/PN.03.11.027-2_1_3_EKR.jpg\",\"datePublished\":\"2024-11-16T04:21:29+00:00\",\"dateModified\":\"2024-11-16T04:22:25+00:00\",\"description\":\"SP 0510.03 RKD 100 QU V21 - YGM | Y\u00fczey Geli\u015ftirme Merkezi\",\"breadcrumb\":{\"@id\":\"https:\/\/www.ygm.com.tr\/en\/product\/sp-0510-03-rkd-100-qu-v21\/#breadcrumb\"},\"inLanguage\":\"en-US\",\"potentialAction\":[{\"@type\":\"ReadAction\",\"target\":[\"https:\/\/www.ygm.com.tr\/en\/product\/sp-0510-03-rkd-100-qu-v21\/\"]}]},{\"@type\":\"ImageObject\",\"inLanguage\":\"en-US\",\"@id\":\"https:\/\/www.ygm.com.tr\/en\/product\/sp-0510-03-rkd-100-qu-v21\/#primaryimage\",\"url\":\"https:\/\/www.ygm.com.tr\/wp-content\/uploads\/urun_resimleri\/PN.03.11.027-2_1_3_EKR.jpg\",\"contentUrl\":\"https:\/\/www.ygm.com.tr\/wp-content\/uploads\/urun_resimleri\/PN.03.11.027-2_1_3_EKR.jpg\",\"width\":1044,\"height\":461},{\"@type\":\"BreadcrumbList\",\"@id\":\"https:\/\/www.ygm.com.tr\/en\/product\/sp-0510-03-rkd-100-qu-v21\/#breadcrumb\",\"itemListElement\":[{\"@type\":\"ListItem\",\"position\":1,\"name\":\"Home\",\"item\":\"https:\/\/www.ygm.com.tr\/en\/\"},{\"@type\":\"ListItem\",\"position\":2,\"name\":\"\u00dcr\u00fcnler\",\"item\":\"https:\/\/www.ygm.com.tr\/urunler\/\"},{\"@type\":\"ListItem\",\"position\":3,\"name\":\"Products\",\"item\":\"https:\/\/www.ygm.com.tr\/en\/product-category\/products-en\/\"},{\"@type\":\"ListItem\",\"position\":4,\"name\":\"Sandpapers and Other Abrasives\",\"item\":\"https:\/\/www.ygm.com.tr\/en\/product-category\/products-en\/sandpapers-and-other-abrasives\/\"},{\"@type\":\"ListItem\",\"position\":5,\"name\":\"Stemmed\",\"item\":\"https:\/\/www.ygm.com.tr\/en\/product-category\/products-en\/sandpapers-and-other-abrasives\/stemmed\/\"},{\"@type\":\"ListItem\",\"position\":6,\"name\":\"SP 0510.03 RKD 100 QU V21\"}]},{\"@type\":\"WebSite\",\"@id\":\"https:\/\/www.ygm.com.tr\/en\/#website\",\"url\":\"https:\/\/www.ygm.com.tr\/en\/\",\"name\":\"YGM | Y\u00fczey Geli\u015ftirme Merkezi\",\"description\":\"Y\u00fczey i\u015fleme m\u00fchendisli\u011fi\",\"publisher\":{\"@id\":\"https:\/\/www.ygm.com.tr\/en\/#organization\"},\"potentialAction\":[{\"@type\":\"SearchAction\",\"target\":{\"@type\":\"EntryPoint\",\"urlTemplate\":\"https:\/\/www.ygm.com.tr\/en\/?s={search_term_string}\"},\"query-input\":{\"@type\":\"PropertyValueSpecification\",\"valueRequired\":true,\"valueName\":\"search_term_string\"}}],\"inLanguage\":\"en-US\"},{\"@type\":\"Organization\",\"@id\":\"https:\/\/www.ygm.com.tr\/en\/#organization\",\"name\":\"YGM | Y\u00fczey Geli\u015ftirme Merkezi\",\"alternateName\":\"YGM\",\"url\":\"https:\/\/www.ygm.com.tr\/en\/\",\"logo\":{\"@type\":\"ImageObject\",\"inLanguage\":\"en-US\",\"@id\":\"https:\/\/www.ygm.com.tr\/en\/#\/schema\/logo\/image\/\",\"url\":\"https:\/\/www.ygm.com.tr\/wp-content\/uploads\/2023\/06\/YGM_logo.svg\",\"contentUrl\":\"https:\/\/www.ygm.com.tr\/wp-content\/uploads\/2023\/06\/YGM_logo.svg\",\"width\":606,\"height\":359,\"caption\":\"YGM | Y\u00fczey Geli\u015ftirme Merkezi\"},\"image\":{\"@id\":\"https:\/\/www.ygm.com.tr\/en\/#\/schema\/logo\/image\/\"},\"sameAs\":[\"https:\/\/www.facebook.com\/people\/Yzey-Gelitirme-Merkezi\/100063886306150\/\",\"https:\/\/www.instagram.com\/ygm_makina\/\",\"https:\/\/tr.linkedin.com\/company\/yzey-gelitirme-merkezi\",\"https:\/\/wa.me\/905465895950\",\"https:\/\/www.facebook.com\/profile.php?id=100063886306150\"]}]}<\/script>\n<!-- \/ Yoast SEO plugin. -->","yoast_head_json":{"title":"SP 0510.03 RKD 100 QU V21 - YGM | Y\u00fczey Geli\u015ftirme Merkezi","description":"SP 0510.03 RKD 100 QU V21 - YGM | Y\u00fczey Geli\u015ftirme Merkezi","robots":{"index":"index","follow":"follow","max-snippet":"max-snippet:-1","max-image-preview":"max-image-preview:large","max-video-preview":"max-video-preview:-1"},"canonical":"https:\/\/www.ygm.com.tr\/en\/product\/sp-0510-03-rkd-100-qu-v21\/","og_locale":"en_US","og_type":"article","og_title":"SP 0510.03 RKD 100 QU V21 - YGM | Y\u00fczey Geli\u015ftirme Merkezi","og_description":"SP 0510.03 RKD 100 QU V21 - YGM | Y\u00fczey Geli\u015ftirme Merkezi","og_url":"https:\/\/www.ygm.com.tr\/en\/product\/sp-0510-03-rkd-100-qu-v21\/","og_site_name":"YGM | Y\u00fczey Geli\u015ftirme Merkezi","article_publisher":"https:\/\/www.facebook.com\/people\/Yzey-Gelitirme-Merkezi\/100063886306150\/","article_modified_time":"2024-11-16T04:22:25+00:00","og_image":[{"width":1044,"height":461,"url":"https:\/\/www.ygm.com.tr\/wp-content\/uploads\/urun_resimleri\/PN.03.11.027-2_1_3_EKR.jpg","type":"image\/jpeg"}],"twitter_card":"summary_large_image","schema":{"@context":"https:\/\/schema.org","@graph":[{"@type":["WebPage","ItemPage"],"@id":"https:\/\/www.ygm.com.tr\/en\/product\/sp-0510-03-rkd-100-qu-v21\/","url":"https:\/\/www.ygm.com.tr\/en\/product\/sp-0510-03-rkd-100-qu-v21\/","name":"SP 0510.03 RKD 100 QU V21 - YGM | Y\u00fczey Geli\u015ftirme Merkezi","isPartOf":{"@id":"https:\/\/www.ygm.com.tr\/en\/#website"},"primaryImageOfPage":{"@id":"https:\/\/www.ygm.com.tr\/en\/product\/sp-0510-03-rkd-100-qu-v21\/#primaryimage"},"image":{"@id":"https:\/\/www.ygm.com.tr\/en\/product\/sp-0510-03-rkd-100-qu-v21\/#primaryimage"},"thumbnailUrl":"https:\/\/www.ygm.com.tr\/wp-content\/uploads\/urun_resimleri\/PN.03.11.027-2_1_3_EKR.jpg","datePublished":"2024-11-16T04:21:29+00:00","dateModified":"2024-11-16T04:22:25+00:00","description":"SP 0510.03 RKD 100 QU V21 - YGM | Y\u00fczey Geli\u015ftirme Merkezi","breadcrumb":{"@id":"https:\/\/www.ygm.com.tr\/en\/product\/sp-0510-03-rkd-100-qu-v21\/#breadcrumb"},"inLanguage":"en-US","potentialAction":[{"@type":"ReadAction","target":["https:\/\/www.ygm.com.tr\/en\/product\/sp-0510-03-rkd-100-qu-v21\/"]}]},{"@type":"ImageObject","inLanguage":"en-US","@id":"https:\/\/www.ygm.com.tr\/en\/product\/sp-0510-03-rkd-100-qu-v21\/#primaryimage","url":"https:\/\/www.ygm.com.tr\/wp-content\/uploads\/urun_resimleri\/PN.03.11.027-2_1_3_EKR.jpg","contentUrl":"https:\/\/www.ygm.com.tr\/wp-content\/uploads\/urun_resimleri\/PN.03.11.027-2_1_3_EKR.jpg","width":1044,"height":461},{"@type":"BreadcrumbList","@id":"https:\/\/www.ygm.com.tr\/en\/product\/sp-0510-03-rkd-100-qu-v21\/#breadcrumb","itemListElement":[{"@type":"ListItem","position":1,"name":"Home","item":"https:\/\/www.ygm.com.tr\/en\/"},{"@type":"ListItem","position":2,"name":"\u00dcr\u00fcnler","item":"https:\/\/www.ygm.com.tr\/urunler\/"},{"@type":"ListItem","position":3,"name":"Products","item":"https:\/\/www.ygm.com.tr\/en\/product-category\/products-en\/"},{"@type":"ListItem","position":4,"name":"Sandpapers and Other Abrasives","item":"https:\/\/www.ygm.com.tr\/en\/product-category\/products-en\/sandpapers-and-other-abrasives\/"},{"@type":"ListItem","position":5,"name":"Stemmed","item":"https:\/\/www.ygm.com.tr\/en\/product-category\/products-en\/sandpapers-and-other-abrasives\/stemmed\/"},{"@type":"ListItem","position":6,"name":"SP 0510.03 RKD 100 QU V21"}]},{"@type":"WebSite","@id":"https:\/\/www.ygm.com.tr\/en\/#website","url":"https:\/\/www.ygm.com.tr\/en\/","name":"YGM | Y\u00fczey Geli\u015ftirme Merkezi","description":"Y\u00fczey i\u015fleme m\u00fchendisli\u011fi","publisher":{"@id":"https:\/\/www.ygm.com.tr\/en\/#organization"},"potentialAction":[{"@type":"SearchAction","target":{"@type":"EntryPoint","urlTemplate":"https:\/\/www.ygm.com.tr\/en\/?s={search_term_string}"},"query-input":{"@type":"PropertyValueSpecification","valueRequired":true,"valueName":"search_term_string"}}],"inLanguage":"en-US"},{"@type":"Organization","@id":"https:\/\/www.ygm.com.tr\/en\/#organization","name":"YGM | Y\u00fczey Geli\u015ftirme Merkezi","alternateName":"YGM","url":"https:\/\/www.ygm.com.tr\/en\/","logo":{"@type":"ImageObject","inLanguage":"en-US","@id":"https:\/\/www.ygm.com.tr\/en\/#\/schema\/logo\/image\/","url":"https:\/\/www.ygm.com.tr\/wp-content\/uploads\/2023\/06\/YGM_logo.svg","contentUrl":"https:\/\/www.ygm.com.tr\/wp-content\/uploads\/2023\/06\/YGM_logo.svg","width":606,"height":359,"caption":"YGM | Y\u00fczey Geli\u015ftirme Merkezi"},"image":{"@id":"https:\/\/www.ygm.com.tr\/en\/#\/schema\/logo\/image\/"},"sameAs":["https:\/\/www.facebook.com\/people\/Yzey-Gelitirme-Merkezi\/100063886306150\/","https:\/\/www.instagram.com\/ygm_makina\/","https:\/\/tr.linkedin.com\/company\/yzey-gelitirme-merkezi","https:\/\/wa.me\/905465895950","https:\/\/www.facebook.com\/profile.php?id=100063886306150"]}]}},"_links":{"self":[{"href":"https:\/\/www.ygm.com.tr\/en\/wp-json\/wp\/v2\/product\/25436","targetHints":{"allow":["GET"]}}],"collection":[{"href":"https:\/\/www.ygm.com.tr\/en\/wp-json\/wp\/v2\/product"}],"about":[{"href":"https:\/\/www.ygm.com.tr\/en\/wp-json\/wp\/v2\/types\/product"}],"version-history":[{"count":0,"href":"https:\/\/www.ygm.com.tr\/en\/wp-json\/wp\/v2\/product\/25436\/revisions"}],"wp:featuredmedia":[{"embeddable":true,"href":"https:\/\/www.ygm.com.tr\/en\/wp-json\/wp\/v2\/media\/25447"}],"wp:attachment":[{"href":"https:\/\/www.ygm.com.tr\/en\/wp-json\/wp\/v2\/media?parent=25436"}],"wp:term":[{"taxonomy":"product_brand","embeddable":true,"href":"https:\/\/www.ygm.com.tr\/en\/wp-json\/wp\/v2\/product_brand?post=25436"},{"taxonomy":"product_cat","embeddable":true,"href":"https:\/\/www.ygm.com.tr\/en\/wp-json\/wp\/v2\/product_cat?post=25436"},{"taxonomy":"product_tag","embeddable":true,"href":"https:\/\/www.ygm.com.tr\/en\/wp-json\/wp\/v2\/product_tag?post=25436"}],"curies":[{"name":"wp","href":"https:\/\/api.w.org\/{rel}","templated":true}]}}