{"id":25192,"date":"2024-11-16T06:39:39","date_gmt":"2024-11-16T03:39:39","guid":{"rendered":"https:\/\/www.ygm.com.tr\/urun\/hfns-0307-03-z5\/"},"modified":"2024-11-16T06:40:44","modified_gmt":"2024-11-16T03:40:44","slug":"hfns-0307-03-z5","status":"publish","type":"product","link":"https:\/\/www.ygm.com.tr\/en\/product\/hfns-0307-03-z5\/","title":{"rendered":"HFNS 0307.03 Z5"},"content":{"rendered":"<ul>\n<li>Very fine single cut for high-quality surfaces<\/li>\n<li>Efficient working: quickly achieve high removal rate and exceptionally good surface results at the same time<\/li>\n<li>perfect dimensional stability: Fits perfectly in the power tool<\/li>\n<li>Cut for a long duration without interruptions, offering the best surface result in optimal amount of time<\/li>\n<li>With economical single cut<\/li>\n<li>No dangerous shank breakage thanks to high-quality steel shank<\/li>\n<li>High removal rates in the shortest possible time when machining cast steel, weld seams, high-strength hardened and unhardened steel and stainless steel. This lets you get excellent surface results quickly and efficiently.<\/li>\n<li>The high-quality steel shank of the tool fits perfectly in the power tool. Jamming, slippage or even shaft breakage are a thing of the past.<\/li>\n<li>The long cutting edges of this tool do not have any interruptions and offer the best surface results with their cost-effective single toothing.<\/li>\n<\/ul>\n","protected":false},"excerpt":{"rendered":"<p>Very fine single cut for high-quality surfaces Efficient working: quickly achieve high removal rate and exceptionally good surface results at<\/p>\n","protected":false},"featured_media":25203,"template":"","meta":[],"product_brand":[],"product_cat":[90124,90405,90123],"product_tag":[],"class_list":{"0":"post-25192","1":"product","2":"type-product","3":"status-publish","4":"has-post-thumbnail","6":"product_cat-carbide","7":"product_cat-products-en","8":"product_cat-sandpapers-and-other-abrasives","10":"first","11":"instock","12":"taxable","13":"shipping-taxable","14":"purchasable","15":"product-type-simple"},"yoast_head":"<!-- This site is optimized with the Yoast SEO plugin v27.4 - https:\/\/yoast.com\/product\/yoast-seo-wordpress\/ -->\n<title>HFNS 0307.03 Z5 - YGM | Y\u00fczey Geli\u015ftirme Merkezi<\/title>\n<meta name=\"description\" content=\"HFNS 0307.03 Z5 - YGM | Y\u00fczey Geli\u015ftirme Merkezi\" \/>\n<meta name=\"robots\" content=\"index, follow, max-snippet:-1, max-image-preview:large, max-video-preview:-1\" \/>\n<link rel=\"canonical\" href=\"https:\/\/www.ygm.com.tr\/en\/product\/hfns-0307-03-z5\/\" \/>\n<meta property=\"og:locale\" content=\"en_US\" \/>\n<meta property=\"og:type\" content=\"article\" \/>\n<meta property=\"og:title\" content=\"HFNS 0307.03 Z5 - YGM | Y\u00fczey Geli\u015ftirme Merkezi\" \/>\n<meta property=\"og:description\" content=\"HFNS 0307.03 Z5 - YGM | Y\u00fczey Geli\u015ftirme Merkezi\" \/>\n<meta property=\"og:url\" content=\"https:\/\/www.ygm.com.tr\/en\/product\/hfns-0307-03-z5\/\" \/>\n<meta property=\"og:site_name\" content=\"YGM | Y\u00fczey Geli\u015ftirme Merkezi\" \/>\n<meta property=\"article:publisher\" content=\"https:\/\/www.facebook.com\/people\/Yzey-Gelitirme-Merkezi\/100063886306150\/\" \/>\n<meta property=\"article:modified_time\" content=\"2024-11-16T03:40:44+00:00\" \/>\n<meta property=\"og:image\" content=\"https:\/\/www.ygm.com.tr\/wp-content\/uploads\/urun_resimleri\/PN.03.10.027-A10120307305.jpg\" \/>\n\t<meta property=\"og:image:width\" content=\"771\" \/>\n\t<meta property=\"og:image:height\" content=\"276\" \/>\n\t<meta property=\"og:image:type\" content=\"image\/jpeg\" \/>\n<meta name=\"twitter:card\" content=\"summary_large_image\" \/>\n<meta name=\"twitter:label1\" content=\"Est. reading time\" \/>\n\t<meta name=\"twitter:data1\" content=\"1 minute\" \/>\n<script type=\"application\/ld+json\" class=\"yoast-schema-graph\">{\"@context\":\"https:\\\/\\\/schema.org\",\"@graph\":[{\"@type\":[\"WebPage\",\"ItemPage\"],\"@id\":\"https:\\\/\\\/www.ygm.com.tr\\\/en\\\/product\\\/hfns-0307-03-z5\\\/\",\"url\":\"https:\\\/\\\/www.ygm.com.tr\\\/en\\\/product\\\/hfns-0307-03-z5\\\/\",\"name\":\"HFNS 0307.03 Z5 - YGM | Y\u00fczey Geli\u015ftirme Merkezi\",\"isPartOf\":{\"@id\":\"https:\\\/\\\/www.ygm.com.tr\\\/en\\\/#website\"},\"primaryImageOfPage\":{\"@id\":\"https:\\\/\\\/www.ygm.com.tr\\\/en\\\/product\\\/hfns-0307-03-z5\\\/#primaryimage\"},\"image\":{\"@id\":\"https:\\\/\\\/www.ygm.com.tr\\\/en\\\/product\\\/hfns-0307-03-z5\\\/#primaryimage\"},\"thumbnailUrl\":\"https:\\\/\\\/www.ygm.com.tr\\\/wp-content\\\/uploads\\\/urun_resimleri\\\/PN.03.10.027-A10120307305.jpg\",\"datePublished\":\"2024-11-16T03:39:39+00:00\",\"dateModified\":\"2024-11-16T03:40:44+00:00\",\"description\":\"HFNS 0307.03 Z5 - YGM | Y\u00fczey Geli\u015ftirme Merkezi\",\"breadcrumb\":{\"@id\":\"https:\\\/\\\/www.ygm.com.tr\\\/en\\\/product\\\/hfns-0307-03-z5\\\/#breadcrumb\"},\"inLanguage\":\"en-US\",\"potentialAction\":[{\"@type\":\"ReadAction\",\"target\":[\"https:\\\/\\\/www.ygm.com.tr\\\/en\\\/product\\\/hfns-0307-03-z5\\\/\"]}]},{\"@type\":\"ImageObject\",\"inLanguage\":\"en-US\",\"@id\":\"https:\\\/\\\/www.ygm.com.tr\\\/en\\\/product\\\/hfns-0307-03-z5\\\/#primaryimage\",\"url\":\"https:\\\/\\\/www.ygm.com.tr\\\/wp-content\\\/uploads\\\/urun_resimleri\\\/PN.03.10.027-A10120307305.jpg\",\"contentUrl\":\"https:\\\/\\\/www.ygm.com.tr\\\/wp-content\\\/uploads\\\/urun_resimleri\\\/PN.03.10.027-A10120307305.jpg\",\"width\":771,\"height\":276},{\"@type\":\"BreadcrumbList\",\"@id\":\"https:\\\/\\\/www.ygm.com.tr\\\/en\\\/product\\\/hfns-0307-03-z5\\\/#breadcrumb\",\"itemListElement\":[{\"@type\":\"ListItem\",\"position\":1,\"name\":\"Home\",\"item\":\"https:\\\/\\\/www.ygm.com.tr\\\/en\\\/\"},{\"@type\":\"ListItem\",\"position\":2,\"name\":\"\u00dcr\u00fcnler\",\"item\":\"https:\\\/\\\/www.ygm.com.tr\\\/urunler\\\/\"},{\"@type\":\"ListItem\",\"position\":3,\"name\":\"Products\",\"item\":\"https:\\\/\\\/www.ygm.com.tr\\\/en\\\/product-category\\\/products-en\\\/\"},{\"@type\":\"ListItem\",\"position\":4,\"name\":\"Sandpapers and Other Abrasives\",\"item\":\"https:\\\/\\\/www.ygm.com.tr\\\/en\\\/product-category\\\/products-en\\\/sandpapers-and-other-abrasives\\\/\"},{\"@type\":\"ListItem\",\"position\":5,\"name\":\"Carbide\",\"item\":\"https:\\\/\\\/www.ygm.com.tr\\\/en\\\/product-category\\\/products-en\\\/sandpapers-and-other-abrasives\\\/carbide\\\/\"},{\"@type\":\"ListItem\",\"position\":6,\"name\":\"HFNS 0307.03 Z5\"}]},{\"@type\":\"WebSite\",\"@id\":\"https:\\\/\\\/www.ygm.com.tr\\\/en\\\/#website\",\"url\":\"https:\\\/\\\/www.ygm.com.tr\\\/en\\\/\",\"name\":\"YGM | Y\u00fczey Geli\u015ftirme Merkezi\",\"description\":\"Y\u00fczey i\u015fleme m\u00fchendisli\u011fi\",\"publisher\":{\"@id\":\"https:\\\/\\\/www.ygm.com.tr\\\/en\\\/#organization\"},\"potentialAction\":[{\"@type\":\"SearchAction\",\"target\":{\"@type\":\"EntryPoint\",\"urlTemplate\":\"https:\\\/\\\/www.ygm.com.tr\\\/en\\\/?s={search_term_string}\"},\"query-input\":{\"@type\":\"PropertyValueSpecification\",\"valueRequired\":true,\"valueName\":\"search_term_string\"}}],\"inLanguage\":\"en-US\"},{\"@type\":\"Organization\",\"@id\":\"https:\\\/\\\/www.ygm.com.tr\\\/en\\\/#organization\",\"name\":\"YGM | Y\u00fczey Geli\u015ftirme Merkezi\",\"alternateName\":\"YGM\",\"url\":\"https:\\\/\\\/www.ygm.com.tr\\\/en\\\/\",\"logo\":{\"@type\":\"ImageObject\",\"inLanguage\":\"en-US\",\"@id\":\"https:\\\/\\\/www.ygm.com.tr\\\/en\\\/#\\\/schema\\\/logo\\\/image\\\/\",\"url\":\"https:\\\/\\\/www.ygm.com.tr\\\/wp-content\\\/uploads\\\/2023\\\/06\\\/YGM_logo.svg\",\"contentUrl\":\"https:\\\/\\\/www.ygm.com.tr\\\/wp-content\\\/uploads\\\/2023\\\/06\\\/YGM_logo.svg\",\"width\":606,\"height\":359,\"caption\":\"YGM | Y\u00fczey Geli\u015ftirme Merkezi\"},\"image\":{\"@id\":\"https:\\\/\\\/www.ygm.com.tr\\\/en\\\/#\\\/schema\\\/logo\\\/image\\\/\"},\"sameAs\":[\"https:\\\/\\\/www.facebook.com\\\/people\\\/Yzey-Gelitirme-Merkezi\\\/100063886306150\\\/\",\"https:\\\/\\\/www.instagram.com\\\/ygm_makina\\\/\",\"https:\\\/\\\/tr.linkedin.com\\\/company\\\/yzey-gelitirme-merkezi\",\"https:\\\/\\\/wa.me\\\/905465895950\",\"https:\\\/\\\/www.facebook.com\\\/profile.php?id=100063886306150\"]}]}<\/script>\n<!-- \/ Yoast SEO plugin. -->","yoast_head_json":{"title":"HFNS 0307.03 Z5 - YGM | Y\u00fczey Geli\u015ftirme Merkezi","description":"HFNS 0307.03 Z5 - YGM | Y\u00fczey Geli\u015ftirme Merkezi","robots":{"index":"index","follow":"follow","max-snippet":"max-snippet:-1","max-image-preview":"max-image-preview:large","max-video-preview":"max-video-preview:-1"},"canonical":"https:\/\/www.ygm.com.tr\/en\/product\/hfns-0307-03-z5\/","og_locale":"en_US","og_type":"article","og_title":"HFNS 0307.03 Z5 - YGM | Y\u00fczey Geli\u015ftirme Merkezi","og_description":"HFNS 0307.03 Z5 - YGM | Y\u00fczey Geli\u015ftirme Merkezi","og_url":"https:\/\/www.ygm.com.tr\/en\/product\/hfns-0307-03-z5\/","og_site_name":"YGM | Y\u00fczey Geli\u015ftirme Merkezi","article_publisher":"https:\/\/www.facebook.com\/people\/Yzey-Gelitirme-Merkezi\/100063886306150\/","article_modified_time":"2024-11-16T03:40:44+00:00","og_image":[{"width":771,"height":276,"url":"https:\/\/www.ygm.com.tr\/wp-content\/uploads\/urun_resimleri\/PN.03.10.027-A10120307305.jpg","type":"image\/jpeg"}],"twitter_card":"summary_large_image","twitter_misc":{"Est. reading time":"1 minute"},"schema":{"@context":"https:\/\/schema.org","@graph":[{"@type":["WebPage","ItemPage"],"@id":"https:\/\/www.ygm.com.tr\/en\/product\/hfns-0307-03-z5\/","url":"https:\/\/www.ygm.com.tr\/en\/product\/hfns-0307-03-z5\/","name":"HFNS 0307.03 Z5 - YGM | Y\u00fczey Geli\u015ftirme Merkezi","isPartOf":{"@id":"https:\/\/www.ygm.com.tr\/en\/#website"},"primaryImageOfPage":{"@id":"https:\/\/www.ygm.com.tr\/en\/product\/hfns-0307-03-z5\/#primaryimage"},"image":{"@id":"https:\/\/www.ygm.com.tr\/en\/product\/hfns-0307-03-z5\/#primaryimage"},"thumbnailUrl":"https:\/\/www.ygm.com.tr\/wp-content\/uploads\/urun_resimleri\/PN.03.10.027-A10120307305.jpg","datePublished":"2024-11-16T03:39:39+00:00","dateModified":"2024-11-16T03:40:44+00:00","description":"HFNS 0307.03 Z5 - YGM | Y\u00fczey Geli\u015ftirme Merkezi","breadcrumb":{"@id":"https:\/\/www.ygm.com.tr\/en\/product\/hfns-0307-03-z5\/#breadcrumb"},"inLanguage":"en-US","potentialAction":[{"@type":"ReadAction","target":["https:\/\/www.ygm.com.tr\/en\/product\/hfns-0307-03-z5\/"]}]},{"@type":"ImageObject","inLanguage":"en-US","@id":"https:\/\/www.ygm.com.tr\/en\/product\/hfns-0307-03-z5\/#primaryimage","url":"https:\/\/www.ygm.com.tr\/wp-content\/uploads\/urun_resimleri\/PN.03.10.027-A10120307305.jpg","contentUrl":"https:\/\/www.ygm.com.tr\/wp-content\/uploads\/urun_resimleri\/PN.03.10.027-A10120307305.jpg","width":771,"height":276},{"@type":"BreadcrumbList","@id":"https:\/\/www.ygm.com.tr\/en\/product\/hfns-0307-03-z5\/#breadcrumb","itemListElement":[{"@type":"ListItem","position":1,"name":"Home","item":"https:\/\/www.ygm.com.tr\/en\/"},{"@type":"ListItem","position":2,"name":"\u00dcr\u00fcnler","item":"https:\/\/www.ygm.com.tr\/urunler\/"},{"@type":"ListItem","position":3,"name":"Products","item":"https:\/\/www.ygm.com.tr\/en\/product-category\/products-en\/"},{"@type":"ListItem","position":4,"name":"Sandpapers and Other Abrasives","item":"https:\/\/www.ygm.com.tr\/en\/product-category\/products-en\/sandpapers-and-other-abrasives\/"},{"@type":"ListItem","position":5,"name":"Carbide","item":"https:\/\/www.ygm.com.tr\/en\/product-category\/products-en\/sandpapers-and-other-abrasives\/carbide\/"},{"@type":"ListItem","position":6,"name":"HFNS 0307.03 Z5"}]},{"@type":"WebSite","@id":"https:\/\/www.ygm.com.tr\/en\/#website","url":"https:\/\/www.ygm.com.tr\/en\/","name":"YGM | Y\u00fczey Geli\u015ftirme Merkezi","description":"Y\u00fczey i\u015fleme m\u00fchendisli\u011fi","publisher":{"@id":"https:\/\/www.ygm.com.tr\/en\/#organization"},"potentialAction":[{"@type":"SearchAction","target":{"@type":"EntryPoint","urlTemplate":"https:\/\/www.ygm.com.tr\/en\/?s={search_term_string}"},"query-input":{"@type":"PropertyValueSpecification","valueRequired":true,"valueName":"search_term_string"}}],"inLanguage":"en-US"},{"@type":"Organization","@id":"https:\/\/www.ygm.com.tr\/en\/#organization","name":"YGM | Y\u00fczey Geli\u015ftirme Merkezi","alternateName":"YGM","url":"https:\/\/www.ygm.com.tr\/en\/","logo":{"@type":"ImageObject","inLanguage":"en-US","@id":"https:\/\/www.ygm.com.tr\/en\/#\/schema\/logo\/image\/","url":"https:\/\/www.ygm.com.tr\/wp-content\/uploads\/2023\/06\/YGM_logo.svg","contentUrl":"https:\/\/www.ygm.com.tr\/wp-content\/uploads\/2023\/06\/YGM_logo.svg","width":606,"height":359,"caption":"YGM | Y\u00fczey Geli\u015ftirme Merkezi"},"image":{"@id":"https:\/\/www.ygm.com.tr\/en\/#\/schema\/logo\/image\/"},"sameAs":["https:\/\/www.facebook.com\/people\/Yzey-Gelitirme-Merkezi\/100063886306150\/","https:\/\/www.instagram.com\/ygm_makina\/","https:\/\/tr.linkedin.com\/company\/yzey-gelitirme-merkezi","https:\/\/wa.me\/905465895950","https:\/\/www.facebook.com\/profile.php?id=100063886306150"]}]}},"_links":{"self":[{"href":"https:\/\/www.ygm.com.tr\/en\/wp-json\/wp\/v2\/product\/25192","targetHints":{"allow":["GET"]}}],"collection":[{"href":"https:\/\/www.ygm.com.tr\/en\/wp-json\/wp\/v2\/product"}],"about":[{"href":"https:\/\/www.ygm.com.tr\/en\/wp-json\/wp\/v2\/types\/product"}],"version-history":[{"count":0,"href":"https:\/\/www.ygm.com.tr\/en\/wp-json\/wp\/v2\/product\/25192\/revisions"}],"wp:featuredmedia":[{"embeddable":true,"href":"https:\/\/www.ygm.com.tr\/en\/wp-json\/wp\/v2\/media\/25203"}],"wp:attachment":[{"href":"https:\/\/www.ygm.com.tr\/en\/wp-json\/wp\/v2\/media?parent=25192"}],"wp:term":[{"taxonomy":"product_brand","embeddable":true,"href":"https:\/\/www.ygm.com.tr\/en\/wp-json\/wp\/v2\/product_brand?post=25192"},{"taxonomy":"product_cat","embeddable":true,"href":"https:\/\/www.ygm.com.tr\/en\/wp-json\/wp\/v2\/product_cat?post=25192"},{"taxonomy":"product_tag","embeddable":true,"href":"https:\/\/www.ygm.com.tr\/en\/wp-json\/wp\/v2\/product_tag?post=25192"}],"curies":[{"name":"wp","href":"https:\/\/api.w.org\/{rel}","templated":true}]}}