{"id":12583,"date":"2024-01-29T17:22:18","date_gmt":"2024-01-29T14:22:18","guid":{"rendered":"https:\/\/www2.ygm.com.tr\/mission-vision\/"},"modified":"2024-02-01T13:54:04","modified_gmt":"2024-02-01T10:54:04","slug":"mission-vision","status":"publish","type":"page","link":"https:\/\/www.ygm.com.tr\/en\/mission-vision\/","title":{"rendered":"Mission &#8211; Vision"},"content":{"rendered":"\t\t<div data-elementor-type=\"wp-page\" data-elementor-id=\"12583\" class=\"elementor elementor-12583 elementor-12550\" data-elementor-post-type=\"page\">\n\t\t\t\t<div class=\"elementor-element elementor-element-96c9fc3 e-con-full wd-section-stretch e-flex e-con e-parent\" data-id=\"96c9fc3\" data-element_type=\"container\">\n\t\t<div class=\"elementor-element elementor-element-e71f153 e-con-full e-flex e-con e-child\" data-id=\"e71f153\" data-element_type=\"container\">\n\t\t\t\t<div class=\"elementor-element elementor-element-d4aaa9a wd-width-100 elementor-widget elementor-widget-wd_title\" data-id=\"d4aaa9a\" data-element_type=\"widget\" data-widget_type=\"wd_title.default\">\n\t\t\t\t<div class=\"elementor-widget-container\">\n\t\t\t\t\t\t\t<div class=\"title-wrapper wd-set-mb reset-last-child wd-title-color-primary wd-title-style-simple wd-title-size-large text-center\">\n\n\t\t\t\n\t\t\t<div class=\"liner-continer\">\n\t\t\t\t<h4 class=\"woodmart-title-container title wd-fontsize-xxl\">Mission and Vision<\/h4> \n\t\t\t\t\t\t\t<\/div>\n\n\t\t\t\t\t<\/div>\n\t\t\t\t\t\t<\/div>\n\t\t\t\t<\/div>\n\t\t\t\t<\/div>\n\t\t\t\t<div class=\"elementor-element elementor-element-f543160 elementor-widget__width-initial elementor-widget elementor-widget-wd_text_block\" data-id=\"f543160\" data-element_type=\"widget\" data-widget_type=\"wd_text_block.default\">\n\t\t\t\t<div class=\"elementor-widget-container\">\n\t\t\t\t\t\t\t<div class=\"wd-text-block reset-last-child text-center color-title color-scheme-dark\">\n\t\t\t\n\t\t\t<p> Our company is driven by a mission that supports the sustainable productivity of its customers and enables them to succeed. To be a company that produces creative solutions together with our business partners and makes a difference with its technology and brands. Being the first choice of suppliers and customers, being a center of knowledge and an innovative company, contributing to employee development, providing job opportunities for young people, and respecting people, nature, ethical values and laws.<\/p>\n\t\t\t\t\t<\/div>\n\t\t\t\t\t\t<\/div>\n\t\t\t\t<\/div>\n\t\t\t\t<\/div>\n\t\t<div class=\"elementor-element elementor-element-79b49136 e-con-full e-flex e-con e-parent\" data-id=\"79b49136\" data-element_type=\"container\" data-settings=\"{&quot;background_background&quot;:&quot;gradient&quot;}\">\n\t\t<div class=\"elementor-element elementor-element-563ce0fc e-con-full e-flex e-con e-child\" data-id=\"563ce0fc\" data-element_type=\"container\">\n\t\t\t\t<div class=\"elementor-element elementor-element-32f5b01 elementor-widget-divider--view-line elementor-invisible elementor-widget elementor-widget-divider\" data-id=\"32f5b01\" data-element_type=\"widget\" data-settings=\"{&quot;_animation&quot;:&quot;fadeInDown&quot;}\" data-widget_type=\"divider.default\">\n\t\t\t\t<div class=\"elementor-widget-container\">\n\t\t\t\t\t\t\t<div class=\"elementor-divider\">\n\t\t\t<span class=\"elementor-divider-separator\">\n\t\t\t\t\t\t<\/span>\n\t\t<\/div>\n\t\t\t\t\t\t<\/div>\n\t\t\t\t<\/div>\n\t\t\t\t<div class=\"elementor-element elementor-element-7979fe5 elementor-widget elementor-widget-wd_image_or_svg\" data-id=\"7979fe5\" data-element_type=\"widget\" data-widget_type=\"wd_image_or_svg.default\">\n\t\t\t\t<div class=\"elementor-widget-container\">\n\t\t\t\t\t\n\t\t<div class=\"wd-image text-center\">\n\t\t\t\t\t\t\t\t<img decoding=\"async\" class=\" wd-lazy-fade\"  alt=\"YGM | y\u00fczey geli\u015ftirme merekezi\" src=\"https:\/\/www.ygm.com.tr\/wp-content\/themes\/woodmart\/images\/lazy.svg\" data-src=\"https:\/\/www.ygm.com.tr\/wp-content\/uploads\/2023\/06\/YGM_logo_footer.svg\" title=\"YGM_logo_footer\" loading=\"lazy\" width=\"300\" height=\"300\">\t\t\t\t\t<\/div>\n\n\t\t\t\t\t\t<\/div>\n\t\t\t\t<\/div>\n\t\t\t\t<div class=\"elementor-element elementor-element-a498bd5 elementor-widget-tablet__width-inherit elementor-widget__width-initial elementor-widget elementor-widget-heading\" data-id=\"a498bd5\" data-element_type=\"widget\" data-widget_type=\"heading.default\">\n\t\t\t\t<div class=\"elementor-widget-container\">\n\t\t\t\t\t<h4 class=\"elementor-heading-title elementor-size-default\">Y\u00fczey Geli\u015ftirme Merkezi <\/h4>\t\t\t\t<\/div>\n\t\t\t\t<\/div>\n\t\t\t\t<div class=\"elementor-element elementor-element-ed2b6bc elementor-widget-divider--view-line elementor-invisible elementor-widget elementor-widget-divider\" data-id=\"ed2b6bc\" data-element_type=\"widget\" data-settings=\"{&quot;_animation&quot;:&quot;fadeInUp&quot;}\" data-widget_type=\"divider.default\">\n\t\t\t\t<div class=\"elementor-widget-container\">\n\t\t\t\t\t\t\t<div class=\"elementor-divider\">\n\t\t\t<span class=\"elementor-divider-separator\">\n\t\t\t\t\t\t<\/span>\n\t\t<\/div>\n\t\t\t\t\t\t<\/div>\n\t\t\t\t<\/div>\n\t\t\t\t<div class=\"elementor-element elementor-element-efb6ced elementor-widget-tablet__width-inherit elementor-widget__width-initial elementor-widget elementor-widget-heading\" data-id=\"efb6ced\" data-element_type=\"widget\" data-widget_type=\"heading.default\">\n\t\t\t\t<div class=\"elementor-widget-container\">\n\t\t\t\t\t<h5 class=\"elementor-heading-title elementor-size-default\">Surface Development Center <\/h5>\t\t\t\t<\/div>\n\t\t\t\t<\/div>\n\t\t\t\t<\/div>\n\t\t<div class=\"elementor-element elementor-element-40c08bf4 e-con-full e-flex e-con e-child\" data-id=\"40c08bf4\" data-element_type=\"container\">\n\t\t<div class=\"elementor-element elementor-element-6f8d4f18 e-con-full e-flex e-con e-child\" data-id=\"6f8d4f18\" data-element_type=\"container\">\n\t\t\t\t<div class=\"elementor-element elementor-element-1e5ebd32 elementor-flip-box--effect-fade elementor-widget elementor-widget-flip-box\" data-id=\"1e5ebd32\" data-element_type=\"widget\" data-widget_type=\"flip-box.default\">\n\t\t\t\t<div class=\"elementor-widget-container\">\n\t\t\t\t\t\t\t<div class=\"elementor-flip-box\" tabindex=\"0\">\n\t\t\t<div class=\"elementor-flip-box__layer elementor-flip-box__front\">\n\t\t\t\t<div class=\"elementor-flip-box__layer__overlay\">\n\t\t\t\t\t<div class=\"elementor-flip-box__layer__inner\">\n\t\t\t\t\t\t\t\t\t\t\t\t\t<div class=\"elementor-icon-wrapper elementor-view-default\">\n\t\t\t\t\t\t\t\t<div class=\"elementor-icon\">\n\t\t\t\t\t\t\t\t\t\t\t\t\t\t\t\t\t<\/div>\n\t\t\t\t\t\t\t<\/div>\n\t\t\t\t\t\t\n\t\t\t\t\t\t\t\t\t\t\t\t\t<h3 class=\"elementor-flip-box__layer__title\">\n\t\t\t\t\t\t\t\tOur Vision\t\t\t\t\t\t\t<\/h3>\n\t\t\t\t\t\t\n\t\t\t\t\t\t\t\t\t\t\t\t\t<div class=\"elementor-flip-box__layer__description\">\n\t\t\t\t\t\t\t\tOur vision is to be a global company that produces creative solutions with our\nbusiness partners as a pioneer in our fields of activity, makes a difference with\nits technology and brands, and respects the individual and the environment.\t\t\t\t\t\t\t<\/div>\n\t\t\t\t\t\t\t\t\t\t\t<\/div>\n\t\t\t\t<\/div>\n\t\t\t<\/div>\n\t\t\t<div class=\"elementor-flip-box__layer elementor-flip-box__back\">\n\t\t\t<div class=\"elementor-flip-box__layer__overlay\">\n\t\t\t\t<div class=\"elementor-flip-box__layer__inner\">\n\t\t\t\t\t\n\t\t\t\t\t\n\t\t\t\t\t\t\t\t<\/div>\n\t\t<\/div>\n\t\t<\/div>\n\t\t<\/div>\n\t\t\t\t\t\t<\/div>\n\t\t\t\t<\/div>\n\t\t\t\t<\/div>\n\t\t<div class=\"elementor-element elementor-element-7ea90544 e-con-full e-flex e-con e-child\" data-id=\"7ea90544\" data-element_type=\"container\">\n\t\t\t\t<div class=\"elementor-element elementor-element-771192fe elementor-flip-box--effect-fade elementor-widget elementor-widget-flip-box\" data-id=\"771192fe\" data-element_type=\"widget\" data-widget_type=\"flip-box.default\">\n\t\t\t\t<div class=\"elementor-widget-container\">\n\t\t\t\t\t\t\t<div class=\"elementor-flip-box\" tabindex=\"0\">\n\t\t\t<div class=\"elementor-flip-box__layer elementor-flip-box__front\">\n\t\t\t\t<div class=\"elementor-flip-box__layer__overlay\">\n\t\t\t\t\t<div class=\"elementor-flip-box__layer__inner\">\n\t\t\t\t\t\t\n\t\t\t\t\t\t\t\t\t\t\t\t\t<h3 class=\"elementor-flip-box__layer__title\">\n\t\t\t\t\t\t\t\tOur Mission\t\t\t\t\t\t\t<\/h3>\n\t\t\t\t\t\t\n\t\t\t\t\t\t\t\t\t\t\t\t\t<div class=\"elementor-flip-box__layer__description\">\n\t\t\t\t\t\t\t\tOur mission is to ensure the sustainable productivity and success of our\ncustomers by providing the best products and technical support in the areas in\nwhich we operate.\t\t\t\t\t\t\t<\/div>\n\t\t\t\t\t\t\t\t\t\t\t<\/div>\n\t\t\t\t<\/div>\n\t\t\t<\/div>\n\t\t\t<div class=\"elementor-flip-box__layer elementor-flip-box__back\">\n\t\t\t<div class=\"elementor-flip-box__layer__overlay\">\n\t\t\t\t<div class=\"elementor-flip-box__layer__inner\">\n\t\t\t\t\t\n\t\t\t\t\t\n\t\t\t\t\t\t\t\t<\/div>\n\t\t<\/div>\n\t\t<\/div>\n\t\t<\/div>\n\t\t\t\t\t\t<\/div>\n\t\t\t\t<\/div>\n\t\t\t\t<\/div>\n\t\t<div class=\"elementor-element elementor-element-50fdcb16 e-con-full e-flex e-con e-child\" data-id=\"50fdcb16\" data-element_type=\"container\">\n\t\t\t\t<div class=\"elementor-element elementor-element-2b7d0544 elementor-flip-box--effect-fade elementor-widget elementor-widget-flip-box\" data-id=\"2b7d0544\" data-element_type=\"widget\" data-widget_type=\"flip-box.default\">\n\t\t\t\t<div class=\"elementor-widget-container\">\n\t\t\t\t\t\t\t<div class=\"elementor-flip-box\" tabindex=\"0\">\n\t\t\t<div class=\"elementor-flip-box__layer elementor-flip-box__front\">\n\t\t\t\t<div class=\"elementor-flip-box__layer__overlay\">\n\t\t\t\t\t<div class=\"elementor-flip-box__layer__inner\">\n\t\t\t\t\t\t\n\t\t\t\t\t\t\t\t\t\t\t\t\t<h3 class=\"elementor-flip-box__layer__title\">\n\t\t\t\t\t\t\t\tOur Values\t\t\t\t\t\t\t<\/h3>\n\t\t\t\t\t\t\n\t\t\t\t\t\t\t\t\t\t\t\t\t<div class=\"elementor-flip-box__layer__description\">\n\t\t\t\t\t\t\t\t\u25a0 To be the first choice of suppliers and customers<br>\n<br>\n\u25a0 To be the center of knowledge and the most innovative company in its field<br>\n<br>\n\u25a0 Contributing to the development of its employees<br>\n<br>\n\u25a0 Providing job opportunities for young people<br>\n<br>\n\u25a0 To continue its activities respecting people, nature, ethical values and laws\t\t\t\t\t\t\t<\/div>\n\t\t\t\t\t\t\t\t\t\t\t<\/div>\n\t\t\t\t<\/div>\n\t\t\t<\/div>\n\t\t\t<div class=\"elementor-flip-box__layer elementor-flip-box__back\">\n\t\t\t<div class=\"elementor-flip-box__layer__overlay\">\n\t\t\t\t<div class=\"elementor-flip-box__layer__inner\">\n\t\t\t\t\t\n\t\t\t\t\t\n\t\t\t\t\t\t\t\t<\/div>\n\t\t<\/div>\n\t\t<\/div>\n\t\t<\/div>\n\t\t\t\t\t\t<\/div>\n\t\t\t\t<\/div>\n\t\t\t\t<\/div>\n\t\t\t\t<\/div>\n\t\t\t\t<\/div>\n\t\t\t\t<\/div>\n\t\t","protected":false},"excerpt":{"rendered":"<p>Mission and Vision Our company is driven by a mission that supports the sustainable productivity of its customers and enables<\/p>\n","protected":false},"author":3,"featured_media":0,"parent":0,"menu_order":0,"comment_status":"closed","ping_status":"closed","template":"","meta":{"footnotes":""},"class_list":["post-12583","page","type-page","status-publish","hentry"],"yoast_head":"<!-- This site is optimized with the Yoast SEO plugin v27.6 - https:\/\/yoast.com\/product\/yoast-seo-wordpress\/ -->\n<title>Mission - Vision - YGM | Y\u00fczey Geli\u015ftirme Merkezi<\/title>\n<meta name=\"description\" content=\"- Mission - Vision - YGM | Y\u00fczey Geli\u015ftirme Merkezi\" \/>\n<meta name=\"robots\" content=\"index, follow, max-snippet:-1, max-image-preview:large, max-video-preview:-1\" \/>\n<link rel=\"canonical\" href=\"https:\/\/www.ygm.com.tr\/en\/mission-vision\/\" \/>\n<meta property=\"og:locale\" content=\"en_US\" \/>\n<meta property=\"og:type\" content=\"article\" \/>\n<meta property=\"og:title\" content=\"Mission - Vision - YGM | Y\u00fczey Geli\u015ftirme Merkezi\" \/>\n<meta property=\"og:description\" content=\"- Mission - Vision - YGM | Y\u00fczey Geli\u015ftirme Merkezi\" \/>\n<meta property=\"og:url\" content=\"https:\/\/www.ygm.com.tr\/en\/mission-vision\/\" \/>\n<meta property=\"og:site_name\" content=\"YGM | Y\u00fczey Geli\u015ftirme Merkezi\" \/>\n<meta property=\"article:publisher\" content=\"https:\/\/www.facebook.com\/people\/Yzey-Gelitirme-Merkezi\/100063886306150\/\" \/>\n<meta property=\"article:modified_time\" content=\"2024-02-01T10:54:04+00:00\" \/>\n<meta property=\"og:image\" content=\"https:\/\/www.ygm.com.tr\/wp-content\/uploads\/2023\/06\/YGM_logo_footer.svg\" \/>\n<meta name=\"twitter:card\" content=\"summary_large_image\" \/>\n<meta name=\"twitter:label1\" content=\"Est. reading time\" \/>\n\t<meta name=\"twitter:data1\" content=\"1 minute\" \/>\n<script type=\"application\/ld+json\" class=\"yoast-schema-graph\">{\"@context\":\"https:\\\/\\\/schema.org\",\"@graph\":[{\"@type\":\"WebPage\",\"@id\":\"https:\\\/\\\/www.ygm.com.tr\\\/en\\\/mission-vision\\\/\",\"url\":\"https:\\\/\\\/www.ygm.com.tr\\\/en\\\/mission-vision\\\/\",\"name\":\"Mission - Vision - YGM | Y\u00fczey Geli\u015ftirme Merkezi\",\"isPartOf\":{\"@id\":\"https:\\\/\\\/www.ygm.com.tr\\\/en\\\/#website\"},\"primaryImageOfPage\":{\"@id\":\"https:\\\/\\\/www.ygm.com.tr\\\/en\\\/mission-vision\\\/#primaryimage\"},\"image\":{\"@id\":\"https:\\\/\\\/www.ygm.com.tr\\\/en\\\/mission-vision\\\/#primaryimage\"},\"thumbnailUrl\":\"https:\\\/\\\/www.ygm.com.tr\\\/wp-content\\\/uploads\\\/2023\\\/06\\\/YGM_logo_footer.svg\",\"datePublished\":\"2024-01-29T14:22:18+00:00\",\"dateModified\":\"2024-02-01T10:54:04+00:00\",\"description\":\"- Mission - Vision - YGM | Y\u00fczey Geli\u015ftirme Merkezi\",\"breadcrumb\":{\"@id\":\"https:\\\/\\\/www.ygm.com.tr\\\/en\\\/mission-vision\\\/#breadcrumb\"},\"inLanguage\":\"en-US\",\"potentialAction\":[{\"@type\":\"ReadAction\",\"target\":[\"https:\\\/\\\/www.ygm.com.tr\\\/en\\\/mission-vision\\\/\"]}]},{\"@type\":\"ImageObject\",\"inLanguage\":\"en-US\",\"@id\":\"https:\\\/\\\/www.ygm.com.tr\\\/en\\\/mission-vision\\\/#primaryimage\",\"url\":\"https:\\\/\\\/www.ygm.com.tr\\\/wp-content\\\/uploads\\\/2023\\\/06\\\/YGM_logo_footer.svg\",\"contentUrl\":\"https:\\\/\\\/www.ygm.com.tr\\\/wp-content\\\/uploads\\\/2023\\\/06\\\/YGM_logo_footer.svg\"},{\"@type\":\"BreadcrumbList\",\"@id\":\"https:\\\/\\\/www.ygm.com.tr\\\/en\\\/mission-vision\\\/#breadcrumb\",\"itemListElement\":[{\"@type\":\"ListItem\",\"position\":1,\"name\":\"Home\",\"item\":\"https:\\\/\\\/www.ygm.com.tr\\\/en\\\/\"},{\"@type\":\"ListItem\",\"position\":2,\"name\":\"Mission &#8211; Vision\"}]},{\"@type\":\"WebSite\",\"@id\":\"https:\\\/\\\/www.ygm.com.tr\\\/en\\\/#website\",\"url\":\"https:\\\/\\\/www.ygm.com.tr\\\/en\\\/\",\"name\":\"YGM | Y\u00fczey Geli\u015ftirme Merkezi\",\"description\":\"Y\u00fczey i\u015fleme m\u00fchendisli\u011fi\",\"publisher\":{\"@id\":\"https:\\\/\\\/www.ygm.com.tr\\\/en\\\/#organization\"},\"potentialAction\":[{\"@type\":\"SearchAction\",\"target\":{\"@type\":\"EntryPoint\",\"urlTemplate\":\"https:\\\/\\\/www.ygm.com.tr\\\/en\\\/?s={search_term_string}\"},\"query-input\":{\"@type\":\"PropertyValueSpecification\",\"valueRequired\":true,\"valueName\":\"search_term_string\"}}],\"inLanguage\":\"en-US\"},{\"@type\":\"Organization\",\"@id\":\"https:\\\/\\\/www.ygm.com.tr\\\/en\\\/#organization\",\"name\":\"YGM | Y\u00fczey Geli\u015ftirme Merkezi\",\"alternateName\":\"YGM\",\"url\":\"https:\\\/\\\/www.ygm.com.tr\\\/en\\\/\",\"logo\":{\"@type\":\"ImageObject\",\"inLanguage\":\"en-US\",\"@id\":\"https:\\\/\\\/www.ygm.com.tr\\\/en\\\/#\\\/schema\\\/logo\\\/image\\\/\",\"url\":\"https:\\\/\\\/www.ygm.com.tr\\\/wp-content\\\/uploads\\\/2023\\\/06\\\/YGM_logo.svg\",\"contentUrl\":\"https:\\\/\\\/www.ygm.com.tr\\\/wp-content\\\/uploads\\\/2023\\\/06\\\/YGM_logo.svg\",\"width\":606,\"height\":359,\"caption\":\"YGM | Y\u00fczey Geli\u015ftirme Merkezi\"},\"image\":{\"@id\":\"https:\\\/\\\/www.ygm.com.tr\\\/en\\\/#\\\/schema\\\/logo\\\/image\\\/\"},\"sameAs\":[\"https:\\\/\\\/www.facebook.com\\\/people\\\/Yzey-Gelitirme-Merkezi\\\/100063886306150\\\/\",\"https:\\\/\\\/www.instagram.com\\\/ygm_makina\\\/\",\"https:\\\/\\\/tr.linkedin.com\\\/company\\\/yzey-gelitirme-merkezi\",\"https:\\\/\\\/wa.me\\\/905465895950\",\"https:\\\/\\\/www.facebook.com\\\/profile.php?id=100063886306150\"]}]}<\/script>\n<!-- \/ Yoast SEO plugin. -->","yoast_head_json":{"title":"Mission - Vision - YGM | Y\u00fczey Geli\u015ftirme Merkezi","description":"- Mission - Vision - YGM | Y\u00fczey Geli\u015ftirme Merkezi","robots":{"index":"index","follow":"follow","max-snippet":"max-snippet:-1","max-image-preview":"max-image-preview:large","max-video-preview":"max-video-preview:-1"},"canonical":"https:\/\/www.ygm.com.tr\/en\/mission-vision\/","og_locale":"en_US","og_type":"article","og_title":"Mission - Vision - YGM | Y\u00fczey Geli\u015ftirme Merkezi","og_description":"- Mission - Vision - YGM | Y\u00fczey Geli\u015ftirme Merkezi","og_url":"https:\/\/www.ygm.com.tr\/en\/mission-vision\/","og_site_name":"YGM | Y\u00fczey Geli\u015ftirme Merkezi","article_publisher":"https:\/\/www.facebook.com\/people\/Yzey-Gelitirme-Merkezi\/100063886306150\/","article_modified_time":"2024-02-01T10:54:04+00:00","og_image":[{"url":"https:\/\/www.ygm.com.tr\/wp-content\/uploads\/2023\/06\/YGM_logo_footer.svg","type":"","width":"","height":""}],"twitter_card":"summary_large_image","twitter_misc":{"Est. reading time":"1 minute"},"schema":{"@context":"https:\/\/schema.org","@graph":[{"@type":"WebPage","@id":"https:\/\/www.ygm.com.tr\/en\/mission-vision\/","url":"https:\/\/www.ygm.com.tr\/en\/mission-vision\/","name":"Mission - Vision - YGM | Y\u00fczey Geli\u015ftirme Merkezi","isPartOf":{"@id":"https:\/\/www.ygm.com.tr\/en\/#website"},"primaryImageOfPage":{"@id":"https:\/\/www.ygm.com.tr\/en\/mission-vision\/#primaryimage"},"image":{"@id":"https:\/\/www.ygm.com.tr\/en\/mission-vision\/#primaryimage"},"thumbnailUrl":"https:\/\/www.ygm.com.tr\/wp-content\/uploads\/2023\/06\/YGM_logo_footer.svg","datePublished":"2024-01-29T14:22:18+00:00","dateModified":"2024-02-01T10:54:04+00:00","description":"- Mission - Vision - YGM | Y\u00fczey Geli\u015ftirme Merkezi","breadcrumb":{"@id":"https:\/\/www.ygm.com.tr\/en\/mission-vision\/#breadcrumb"},"inLanguage":"en-US","potentialAction":[{"@type":"ReadAction","target":["https:\/\/www.ygm.com.tr\/en\/mission-vision\/"]}]},{"@type":"ImageObject","inLanguage":"en-US","@id":"https:\/\/www.ygm.com.tr\/en\/mission-vision\/#primaryimage","url":"https:\/\/www.ygm.com.tr\/wp-content\/uploads\/2023\/06\/YGM_logo_footer.svg","contentUrl":"https:\/\/www.ygm.com.tr\/wp-content\/uploads\/2023\/06\/YGM_logo_footer.svg"},{"@type":"BreadcrumbList","@id":"https:\/\/www.ygm.com.tr\/en\/mission-vision\/#breadcrumb","itemListElement":[{"@type":"ListItem","position":1,"name":"Home","item":"https:\/\/www.ygm.com.tr\/en\/"},{"@type":"ListItem","position":2,"name":"Mission &#8211; Vision"}]},{"@type":"WebSite","@id":"https:\/\/www.ygm.com.tr\/en\/#website","url":"https:\/\/www.ygm.com.tr\/en\/","name":"YGM | Y\u00fczey Geli\u015ftirme Merkezi","description":"Y\u00fczey i\u015fleme m\u00fchendisli\u011fi","publisher":{"@id":"https:\/\/www.ygm.com.tr\/en\/#organization"},"potentialAction":[{"@type":"SearchAction","target":{"@type":"EntryPoint","urlTemplate":"https:\/\/www.ygm.com.tr\/en\/?s={search_term_string}"},"query-input":{"@type":"PropertyValueSpecification","valueRequired":true,"valueName":"search_term_string"}}],"inLanguage":"en-US"},{"@type":"Organization","@id":"https:\/\/www.ygm.com.tr\/en\/#organization","name":"YGM | Y\u00fczey Geli\u015ftirme Merkezi","alternateName":"YGM","url":"https:\/\/www.ygm.com.tr\/en\/","logo":{"@type":"ImageObject","inLanguage":"en-US","@id":"https:\/\/www.ygm.com.tr\/en\/#\/schema\/logo\/image\/","url":"https:\/\/www.ygm.com.tr\/wp-content\/uploads\/2023\/06\/YGM_logo.svg","contentUrl":"https:\/\/www.ygm.com.tr\/wp-content\/uploads\/2023\/06\/YGM_logo.svg","width":606,"height":359,"caption":"YGM | Y\u00fczey Geli\u015ftirme Merkezi"},"image":{"@id":"https:\/\/www.ygm.com.tr\/en\/#\/schema\/logo\/image\/"},"sameAs":["https:\/\/www.facebook.com\/people\/Yzey-Gelitirme-Merkezi\/100063886306150\/","https:\/\/www.instagram.com\/ygm_makina\/","https:\/\/tr.linkedin.com\/company\/yzey-gelitirme-merkezi","https:\/\/wa.me\/905465895950","https:\/\/www.facebook.com\/profile.php?id=100063886306150"]}]}},"_links":{"self":[{"href":"https:\/\/www.ygm.com.tr\/en\/wp-json\/wp\/v2\/pages\/12583","targetHints":{"allow":["GET"]}}],"collection":[{"href":"https:\/\/www.ygm.com.tr\/en\/wp-json\/wp\/v2\/pages"}],"about":[{"href":"https:\/\/www.ygm.com.tr\/en\/wp-json\/wp\/v2\/types\/page"}],"author":[{"embeddable":true,"href":"https:\/\/www.ygm.com.tr\/en\/wp-json\/wp\/v2\/users\/3"}],"replies":[{"embeddable":true,"href":"https:\/\/www.ygm.com.tr\/en\/wp-json\/wp\/v2\/comments?post=12583"}],"version-history":[{"count":0,"href":"https:\/\/www.ygm.com.tr\/en\/wp-json\/wp\/v2\/pages\/12583\/revisions"}],"wp:attachment":[{"href":"https:\/\/www.ygm.com.tr\/en\/wp-json\/wp\/v2\/media?parent=12583"}],"curies":[{"name":"wp","href":"https:\/\/api.w.org\/{rel}","templated":true}]}}