{"id":12547,"date":"2022-11-05T02:46:54","date_gmt":"2022-11-04T23:46:54","guid":{"rendered":"https:\/\/www2.ygm.com.tr\/product-machine-list\/"},"modified":"2025-06-28T16:59:04","modified_gmt":"2025-06-28T13:59:04","slug":"product-machine-list","status":"publish","type":"page","link":"https:\/\/www.ygm.com.tr\/en\/product-machine-list\/","title":{"rendered":"Machine Models"},"content":{"rendered":"\t\t<div data-elementor-type=\"wp-page\" data-elementor-id=\"12547\" class=\"elementor elementor-12547 elementor-4451\" data-elementor-post-type=\"page\">\n\t\t\t\t<div class=\"elementor-element elementor-element-35475e5 e-con-full e-flex e-con e-parent\" data-id=\"35475e5\" data-element_type=\"container\" id=\"malist\">\n\t\t<div class=\"elementor-element elementor-element-43410b6 e-con-full e-flex e-con e-child\" data-id=\"43410b6\" data-element_type=\"container\">\n\t\t\t\t<div class=\"elementor-element elementor-element-e5483a8 elementor-widget elementor-widget-wd_text_block\" data-id=\"e5483a8\" data-element_type=\"widget\" data-widget_type=\"wd_text_block.default\">\n\t\t\t\t<div class=\"elementor-widget-container\">\n\t\t\t\t\t\t\t<div class=\"wd-text-block reset-last-child text-left\">\n\t\t\t\n\t\t\t<div class=\"machinelist\"><span class=\"secilen_makina\" style=\"display:none;\"><\/span><span class=\"secilen_model\" style=\"display:none;\"><\/span><div class=\"makina_marka\"><a class=\"makinalar_button\" id=\"bando\">Bando<\/a><\/div><div class=\"makina_marka\"><a class=\"makinalar_button\" id=\"baudin\">Baudin<\/a><\/div><div class=\"makina_marka\"><a class=\"makinalar_button\" id=\"bavelloni\">Bavelloni<\/a><\/div><div class=\"makina_marka\"><a class=\"makinalar_button\" id=\"beijiang\">BEIJIANG<\/a><\/div><div class=\"makina_marka\"><a class=\"makinalar_button\" id=\"benteler\">Benteler<\/a><\/div><div class=\"makina_marka\"><a class=\"makinalar_button\" id=\"besana\">BESANA<\/a><\/div><div class=\"makina_marka\"><a class=\"makinalar_button\" id=\"best-makina\">Best Makina<\/a><\/div><div class=\"makina_marka\"><a class=\"makinalar_button\" id=\"bodo-gherard\">BODO-GHERARD<\/a><\/div><div class=\"makina_marka\"><a class=\"makinalar_button\" id=\"bottero\">Bottero<\/a><\/div><div class=\"makina_marka\"><a class=\"makinalar_button\" id=\"bovone\">Bovone<\/a><\/div><div class=\"makina_marka\"><a class=\"makinalar_button\" id=\"busetti-intermac\">Busetti - Intermac<\/a><\/div><div class=\"makina_marka\"><a class=\"makinalar_button\" id=\"bystronic\">Bystronic<\/a><\/div><div class=\"makina_marka\"><a class=\"makinalar_button\" id=\"cms-brembana\">CMS BREMBANA<\/a><\/div><div class=\"makina_marka\"><a class=\"makinalar_button\" id=\"covesa\">COVESA<\/a><\/div><div class=\"makina_marka\"><a class=\"makinalar_button\" id=\"deka\">Deka<\/a><\/div><div class=\"makina_marka\"><a class=\"makinalar_button\" id=\"delta\">Delta<\/a><\/div><div class=\"makina_marka\"><a class=\"makinalar_button\" id=\"deway\">Deway<\/a><\/div><div class=\"makina_marka\"><a class=\"makinalar_button\" id=\"dongil\">DONGIL<\/a><\/div><div class=\"makina_marka\"><a class=\"makinalar_button\" id=\"enkong\">Enkong<\/a><\/div><div class=\"makina_marka\"><a class=\"makinalar_button\" id=\"esen-makina\">Esen Makina<\/a><\/div><div class=\"makina_marka\"><a class=\"makinalar_button\" id=\"forel\">Forel<\/a><\/div><div class=\"makina_marka\"><a class=\"makinalar_button\" id=\"forvet\">Forvet<\/a><\/div><div class=\"makina_marka\"><a class=\"makinalar_button\" id=\"fushan\">Fushan<\/a><\/div><div class=\"makina_marka\"><a class=\"makinalar_button\" id=\"glassline\">Glassline<\/a><\/div><div class=\"makina_marka\"><a class=\"makinalar_button\" id=\"golive\">Golive<\/a><\/div><div class=\"makina_marka\"><a class=\"makinalar_button\" id=\"he-pro\">He-pro<\/a><\/div><div class=\"makina_marka\"><a class=\"makinalar_button\" id=\"lattuada\">Lattuada<\/a><\/div><div class=\"makina_marka\"><a class=\"makinalar_button\" id=\"lippert\">Lippert<\/a><\/div><div class=\"makina_marka\"><a class=\"makinalar_button\" id=\"lisec\">Lisec<\/a><\/div><div class=\"makina_marka\"><a class=\"makinalar_button\" id=\"neptun\">Neptun<\/a><\/div><div class=\"makina_marka\"><a class=\"makinalar_button\" id=\"qingdao\">QINGDAO<\/a><\/div><div class=\"makina_marka\"><a class=\"makinalar_button\" id=\"rs-rohmer-stimpfig\">RS (Rohmer Stimpfig)<\/a><\/div><div class=\"makina_marka\"><a class=\"makinalar_button\" id=\"sama\">Sama<\/a><\/div><div class=\"makina_marka\"><a class=\"makinalar_button\" id=\"schiatti\">Schiatti<\/a><\/div><div class=\"makina_marka\"><a class=\"makinalar_button\" id=\"suntech\">Suntech<\/a><\/div><div class=\"makina_marka\"><a class=\"makinalar_button\" id=\"tesir\">Tesir<\/a><\/div><div class=\"makina_marka\"><a class=\"makinalar_button\" id=\"xinhaian\">XINHAIAN<\/a><\/div><div class=\"makina_marka\"><a class=\"makinalar_button\" id=\"zanetti\">ZANETTI<\/a><\/div><div class=\"makina_marka\"><a class=\"makinalar_button\" id=\"zxm\">ZXM<\/a><\/div><\/div><script>\t\n\tjQuery(\".makinalar_button\").on(\"click\",function() {\n\t\tjQuery(\".zebra-list li\").remove();\n\t\tname = jQuery(this).text();\n\t\tjQuery(\".zloader\").show().css({\"animation\":\"rotateb 1s linear infinite\"});\n\t\tjQuery.post(\"\/makinemodellerigetir.php\",{\"makina_adi\": name,\"lang\":\"en\"},function(data,status) {\n\t\t\t\/\/jQuery(\".zloader\").hide();\n\t\t\tif (data) {\n\t\t\tjQuery(\".secilen_makina\").text(name);\n\t\t\tjQuery(\".zebra-list\").html('<div class=\"zloader\" style=\"display:none\"><\/div>'+data);\n\t\t\t\t\tif (jQuery(window).width() < 1024) { jQuery('html, body').animate({\n\t\t\t\t\tscrollTop: jQuery('.model_adi').first().offset().top - 100\n\t\t\t\t}, 1000);\n\t\t\t\t}\n\t\t\t}\n\t\t\telse jQuery(\".zebra-list\").html('<div class=\"zloader\" style=\"display:none\"><\/div>'+\"Bu makinaya ait herhangi bir model bulunamad\u0131!\");\n\t\t});\n\t});\n\tjQuery(\"#\").click();\n\t<\/script>\n\t\t\t\t\t<\/div>\n\t\t\t\t\t\t<\/div>\n\t\t\t\t<\/div>\n\t\t\t\t<\/div>\n\t\t<div class=\"elementor-element elementor-element-ebe9353 e-con-full e-flex e-con e-child\" data-id=\"ebe9353\" data-element_type=\"container\" id=\"modellist\">\n\t\t\t\t<div class=\"elementor-element elementor-element-d4cf570 elementor-widget elementor-widget-wd_text_block\" data-id=\"d4cf570\" data-element_type=\"widget\" data-widget_type=\"wd_text_block.default\">\n\t\t\t\t<div class=\"elementor-widget-container\">\n\t\t\t\t\t\t\t<div class=\"wd-text-block reset-last-child text-left\">\n\t\t\t\n\t\t\t<\/div><ul class=\"zebra-list\"><div class=\"zloader\" style=\"display:none\"><\/ul>\n\t\t\t\t\t<\/div>\n\t\t\t\t\t\t<\/div>\n\t\t\t\t<\/div>\n\t\t\t\t<\/div>\n\t\t\t\t<\/div>\n\t\t<div class=\"elementor-element elementor-element-0fda340 e-con-full e-flex e-con e-parent\" data-id=\"0fda340\" data-element_type=\"container\" id=\"modisk\">\n\t\t<div class=\"elementor-element elementor-element-8145896 e-con-full e-flex e-con e-child\" data-id=\"8145896\" data-element_type=\"container\" id=\"mlogos\">\n\t\t\t\t<\/div>\n\t\t<div class=\"elementor-element elementor-element-e080d2d e-con-full e-flex e-con e-child\" data-id=\"e080d2d\" data-element_type=\"container\" id=\"mmodel\">\n\t\t\t\t<\/div>\n\t\t<div class=\"elementor-element elementor-element-5afe2d8 e-con-full e-flex e-con e-child\" data-id=\"5afe2d8\" data-element_type=\"container\">\n\t\t\t\t<div class=\"elementor-element elementor-element-593e075 elementor-widget elementor-widget-wd_text_block\" data-id=\"593e075\" data-element_type=\"widget\" data-widget_type=\"wd_text_block.default\">\n\t\t\t\t<div class=\"elementor-widget-container\">\n\t\t\t\t\t\t\t<div class=\"wd-text-block reset-last-child text-left\">\n\t\t\t\n\t\t\t<div id=\"konteyner\" style=\"margin-top: 16px; border-top: solid 1px #dd3333; padding-top: 28px;\">\n<div id=\"urunlist\"><\/div>\n<div id=\"diskpos\"><\/div>\n<\/div>\n\n\t\t\t\t\t<\/div>\n\t\t\t\t\t\t<\/div>\n\t\t\t\t<\/div>\n\t\t\t\t<\/div>\n\t\t\t\t<\/div>\n\t\t\t\t<\/div>\n\t\t","protected":false},"excerpt":{"rendered":"<p>BandoBaudinBavelloniBEIJIANGBentelerBESANABest MakinaBODO-GHERARDBotteroBovoneBusetti &#8211; IntermacBystronicCMS BREMBANACOVESADekaDeltaDewayDONGILEnkongEsen MakinaForelForvetFushanGlasslineGoliveHe-proLattuadaLippertLisecNeptunQINGDAORS (Rohmer Stimpfig)SamaSchiattiSuntechTesirXINHAIANZANETTIZXM<\/p>\n","protected":false},"author":3,"featured_media":0,"parent":0,"menu_order":0,"comment_status":"closed","ping_status":"closed","template":"","meta":{"footnotes":""},"class_list":["post-12547","page","type-page","status-publish","hentry"],"yoast_head":"<!-- This site is optimized with the Yoast SEO plugin v27.0 - https:\/\/yoast.com\/product\/yoast-seo-wordpress\/ -->\n<title>Machine Models - YGM | Y\u00fczey Geli\u015ftirme Merkezi<\/title>\n<meta name=\"description\" content=\"- Machine Models - YGM | Y\u00fczey Geli\u015ftirme Merkezi\" \/>\n<meta name=\"robots\" content=\"index, follow, max-snippet:-1, max-image-preview:large, max-video-preview:-1\" \/>\n<link rel=\"canonical\" href=\"https:\/\/www.ygm.com.tr\/en\/product-machine-list\/\" \/>\n<meta property=\"og:locale\" content=\"en_US\" \/>\n<meta property=\"og:type\" content=\"article\" \/>\n<meta property=\"og:title\" content=\"Machine Models - YGM | Y\u00fczey Geli\u015ftirme Merkezi\" \/>\n<meta property=\"og:description\" content=\"- Machine Models - YGM | Y\u00fczey Geli\u015ftirme Merkezi\" \/>\n<meta property=\"og:url\" content=\"https:\/\/www.ygm.com.tr\/en\/product-machine-list\/\" \/>\n<meta property=\"og:site_name\" content=\"YGM | Y\u00fczey Geli\u015ftirme Merkezi\" \/>\n<meta property=\"article:publisher\" content=\"https:\/\/www.facebook.com\/people\/Yzey-Gelitirme-Merkezi\/100063886306150\/\" \/>\n<meta property=\"article:modified_time\" content=\"2025-06-28T13:59:04+00:00\" \/>\n<meta name=\"twitter:card\" content=\"summary_large_image\" \/>\n<meta name=\"twitter:label1\" content=\"Est. reading time\" \/>\n\t<meta name=\"twitter:data1\" content=\"1 minute\" \/>\n<script type=\"application\/ld+json\" class=\"yoast-schema-graph\">{\"@context\":\"https:\/\/schema.org\",\"@graph\":[{\"@type\":\"WebPage\",\"@id\":\"https:\/\/www.ygm.com.tr\/en\/product-machine-list\/\",\"url\":\"https:\/\/www.ygm.com.tr\/en\/product-machine-list\/\",\"name\":\"Machine Models - YGM | Y\u00fczey Geli\u015ftirme Merkezi\",\"isPartOf\":{\"@id\":\"https:\/\/www.ygm.com.tr\/en\/#website\"},\"datePublished\":\"2022-11-04T23:46:54+00:00\",\"dateModified\":\"2025-06-28T13:59:04+00:00\",\"description\":\"- Machine Models - YGM | Y\u00fczey Geli\u015ftirme Merkezi\",\"breadcrumb\":{\"@id\":\"https:\/\/www.ygm.com.tr\/en\/product-machine-list\/#breadcrumb\"},\"inLanguage\":\"en-US\",\"potentialAction\":[{\"@type\":\"ReadAction\",\"target\":[\"https:\/\/www.ygm.com.tr\/en\/product-machine-list\/\"]}]},{\"@type\":\"BreadcrumbList\",\"@id\":\"https:\/\/www.ygm.com.tr\/en\/product-machine-list\/#breadcrumb\",\"itemListElement\":[{\"@type\":\"ListItem\",\"position\":1,\"name\":\"Home\",\"item\":\"https:\/\/www.ygm.com.tr\/en\/\"},{\"@type\":\"ListItem\",\"position\":2,\"name\":\"Machine Models\"}]},{\"@type\":\"WebSite\",\"@id\":\"https:\/\/www.ygm.com.tr\/en\/#website\",\"url\":\"https:\/\/www.ygm.com.tr\/en\/\",\"name\":\"YGM | Y\u00fczey Geli\u015ftirme Merkezi\",\"description\":\"Y\u00fczey i\u015fleme m\u00fchendisli\u011fi\",\"publisher\":{\"@id\":\"https:\/\/www.ygm.com.tr\/en\/#organization\"},\"potentialAction\":[{\"@type\":\"SearchAction\",\"target\":{\"@type\":\"EntryPoint\",\"urlTemplate\":\"https:\/\/www.ygm.com.tr\/en\/?s={search_term_string}\"},\"query-input\":{\"@type\":\"PropertyValueSpecification\",\"valueRequired\":true,\"valueName\":\"search_term_string\"}}],\"inLanguage\":\"en-US\"},{\"@type\":\"Organization\",\"@id\":\"https:\/\/www.ygm.com.tr\/en\/#organization\",\"name\":\"YGM | Y\u00fczey Geli\u015ftirme Merkezi\",\"alternateName\":\"YGM\",\"url\":\"https:\/\/www.ygm.com.tr\/en\/\",\"logo\":{\"@type\":\"ImageObject\",\"inLanguage\":\"en-US\",\"@id\":\"https:\/\/www.ygm.com.tr\/en\/#\/schema\/logo\/image\/\",\"url\":\"https:\/\/www.ygm.com.tr\/wp-content\/uploads\/2023\/06\/YGM_logo.svg\",\"contentUrl\":\"https:\/\/www.ygm.com.tr\/wp-content\/uploads\/2023\/06\/YGM_logo.svg\",\"width\":606,\"height\":359,\"caption\":\"YGM | Y\u00fczey Geli\u015ftirme Merkezi\"},\"image\":{\"@id\":\"https:\/\/www.ygm.com.tr\/en\/#\/schema\/logo\/image\/\"},\"sameAs\":[\"https:\/\/www.facebook.com\/people\/Yzey-Gelitirme-Merkezi\/100063886306150\/\",\"https:\/\/www.instagram.com\/ygm_makina\/\",\"https:\/\/tr.linkedin.com\/company\/yzey-gelitirme-merkezi\",\"https:\/\/wa.me\/905465895950\",\"https:\/\/www.facebook.com\/profile.php?id=100063886306150\"]}]}<\/script>\n<!-- \/ Yoast SEO plugin. -->","yoast_head_json":{"title":"Machine Models - YGM | Y\u00fczey Geli\u015ftirme Merkezi","description":"- Machine Models - YGM | Y\u00fczey Geli\u015ftirme Merkezi","robots":{"index":"index","follow":"follow","max-snippet":"max-snippet:-1","max-image-preview":"max-image-preview:large","max-video-preview":"max-video-preview:-1"},"canonical":"https:\/\/www.ygm.com.tr\/en\/product-machine-list\/","og_locale":"en_US","og_type":"article","og_title":"Machine Models - YGM | Y\u00fczey Geli\u015ftirme Merkezi","og_description":"- Machine Models - YGM | Y\u00fczey Geli\u015ftirme Merkezi","og_url":"https:\/\/www.ygm.com.tr\/en\/product-machine-list\/","og_site_name":"YGM | Y\u00fczey Geli\u015ftirme Merkezi","article_publisher":"https:\/\/www.facebook.com\/people\/Yzey-Gelitirme-Merkezi\/100063886306150\/","article_modified_time":"2025-06-28T13:59:04+00:00","twitter_card":"summary_large_image","twitter_misc":{"Est. reading time":"1 minute"},"schema":{"@context":"https:\/\/schema.org","@graph":[{"@type":"WebPage","@id":"https:\/\/www.ygm.com.tr\/en\/product-machine-list\/","url":"https:\/\/www.ygm.com.tr\/en\/product-machine-list\/","name":"Machine Models - YGM | Y\u00fczey Geli\u015ftirme Merkezi","isPartOf":{"@id":"https:\/\/www.ygm.com.tr\/en\/#website"},"datePublished":"2022-11-04T23:46:54+00:00","dateModified":"2025-06-28T13:59:04+00:00","description":"- Machine Models - YGM | Y\u00fczey Geli\u015ftirme Merkezi","breadcrumb":{"@id":"https:\/\/www.ygm.com.tr\/en\/product-machine-list\/#breadcrumb"},"inLanguage":"en-US","potentialAction":[{"@type":"ReadAction","target":["https:\/\/www.ygm.com.tr\/en\/product-machine-list\/"]}]},{"@type":"BreadcrumbList","@id":"https:\/\/www.ygm.com.tr\/en\/product-machine-list\/#breadcrumb","itemListElement":[{"@type":"ListItem","position":1,"name":"Home","item":"https:\/\/www.ygm.com.tr\/en\/"},{"@type":"ListItem","position":2,"name":"Machine Models"}]},{"@type":"WebSite","@id":"https:\/\/www.ygm.com.tr\/en\/#website","url":"https:\/\/www.ygm.com.tr\/en\/","name":"YGM | Y\u00fczey Geli\u015ftirme Merkezi","description":"Y\u00fczey i\u015fleme m\u00fchendisli\u011fi","publisher":{"@id":"https:\/\/www.ygm.com.tr\/en\/#organization"},"potentialAction":[{"@type":"SearchAction","target":{"@type":"EntryPoint","urlTemplate":"https:\/\/www.ygm.com.tr\/en\/?s={search_term_string}"},"query-input":{"@type":"PropertyValueSpecification","valueRequired":true,"valueName":"search_term_string"}}],"inLanguage":"en-US"},{"@type":"Organization","@id":"https:\/\/www.ygm.com.tr\/en\/#organization","name":"YGM | Y\u00fczey Geli\u015ftirme Merkezi","alternateName":"YGM","url":"https:\/\/www.ygm.com.tr\/en\/","logo":{"@type":"ImageObject","inLanguage":"en-US","@id":"https:\/\/www.ygm.com.tr\/en\/#\/schema\/logo\/image\/","url":"https:\/\/www.ygm.com.tr\/wp-content\/uploads\/2023\/06\/YGM_logo.svg","contentUrl":"https:\/\/www.ygm.com.tr\/wp-content\/uploads\/2023\/06\/YGM_logo.svg","width":606,"height":359,"caption":"YGM | Y\u00fczey Geli\u015ftirme Merkezi"},"image":{"@id":"https:\/\/www.ygm.com.tr\/en\/#\/schema\/logo\/image\/"},"sameAs":["https:\/\/www.facebook.com\/people\/Yzey-Gelitirme-Merkezi\/100063886306150\/","https:\/\/www.instagram.com\/ygm_makina\/","https:\/\/tr.linkedin.com\/company\/yzey-gelitirme-merkezi","https:\/\/wa.me\/905465895950","https:\/\/www.facebook.com\/profile.php?id=100063886306150"]}]}},"_links":{"self":[{"href":"https:\/\/www.ygm.com.tr\/en\/wp-json\/wp\/v2\/pages\/12547","targetHints":{"allow":["GET"]}}],"collection":[{"href":"https:\/\/www.ygm.com.tr\/en\/wp-json\/wp\/v2\/pages"}],"about":[{"href":"https:\/\/www.ygm.com.tr\/en\/wp-json\/wp\/v2\/types\/page"}],"author":[{"embeddable":true,"href":"https:\/\/www.ygm.com.tr\/en\/wp-json\/wp\/v2\/users\/3"}],"replies":[{"embeddable":true,"href":"https:\/\/www.ygm.com.tr\/en\/wp-json\/wp\/v2\/comments?post=12547"}],"version-history":[{"count":0,"href":"https:\/\/www.ygm.com.tr\/en\/wp-json\/wp\/v2\/pages\/12547\/revisions"}],"wp:attachment":[{"href":"https:\/\/www.ygm.com.tr\/en\/wp-json\/wp\/v2\/media?parent=12547"}],"curies":[{"name":"wp","href":"https:\/\/api.w.org\/{rel}","templated":true}]}}