{"id":12432,"date":"2022-09-02T12:49:39","date_gmt":"2022-09-02T09:49:39","guid":{"rendered":"https:\/\/www2.ygm.com.tr\/privacy-policy\/"},"modified":"2024-01-26T09:36:10","modified_gmt":"2024-01-26T06:36:10","slug":"privacy-policy","status":"publish","type":"page","link":"https:\/\/www.ygm.com.tr\/en\/privacy-policy\/","title":{"rendered":"Privacy Policy"},"content":{"rendered":"\t\t<div data-elementor-type=\"wp-page\" data-elementor-id=\"12432\" class=\"elementor elementor-12432\" data-elementor-post-type=\"page\">\n\t\t\t\t<div class=\"wd-negative-gap elementor-element elementor-element-61a34af e-flex e-con-boxed e-con e-parent\" data-id=\"61a34af\" data-element_type=\"container\">\n\t\t\t\t\t<div class=\"e-con-inner\">\n\t\t\t\t<div class=\"elementor-element elementor-element-f9dd30d color-scheme-inherit text-left elementor-widget elementor-widget-text-editor\" data-id=\"f9dd30d\" data-element_type=\"widget\" data-widget_type=\"text-editor.default\">\n\t\t\t\t<div class=\"elementor-widget-container\">\n\t\t\t\t\t\t\t\t\t<p><a href=\"https:\/\/www.ygm.com.tr\/wp-content\/uploads\/2023\/06\/YGM_logo_footer.svg\"><img loading=\"lazy\" decoding=\"async\" class=\" wd-lazy-fade  wp-image-5125\" role=\"img\" src=\"https:\/\/www.ygm.com.tr\/wp-content\/themes\/woodmart\/images\/lazy.svg\" data-src=\"https:\/\/www.ygm.com.tr\/wp-content\/uploads\/2023\/06\/YGM_logo_footer.svg\" alt=\"YGM | surface development center\" width=\"134\" height=\"79\"><\/a><\/p>\n<p><strong class=\"privacy-policy-tutorial\"><\/strong> <strong class=\"privacy-policy-tutorial\">YGM <\/strong><strong class=\"privacy-policy-tutorial\">Makina M\u00fchendislik D\u0131\u015f Ticaret Limited \u015eirketi<br><\/strong><\/p>\t\t\t\t\t\t\t\t<\/div>\n\t\t\t\t<\/div>\n\t\t\t\t\t<\/div>\n\t\t\t\t<\/div>\n\t\t\t\t<section class=\"wd-negative-gap elementor-section elementor-top-section elementor-element elementor-element-a2f1be7 elementor-section-full_width elementor-section-height-default elementor-section-height-default\" data-id=\"a2f1be7\" data-element_type=\"section\">\n\t\t\t\t\t\t<div class=\"elementor-container elementor-column-gap-default\">\n\t\t\t\t\t<div class=\"elementor-column elementor-col-100 elementor-top-column elementor-element elementor-element-600c7f85\" data-id=\"600c7f85\" data-element_type=\"column\">\n\t\t\t<div class=\"elementor-widget-wrap elementor-element-populated\">\n\t\t\t\t\t\t<div class=\"elementor-element elementor-element-51ffbd90 color-scheme-inherit text-left elementor-widget elementor-widget-text-editor\" data-id=\"51ffbd90\" data-element_type=\"widget\" data-widget_type=\"text-editor.default\">\n\t\t\t\t<div class=\"elementor-widget-container\">\n\t\t\t\t\t\t\t\t\t\n<h2>We are  <\/h2>\n<p><strong class=\"privacy-policy-tutorial\">Your location <\/strong>Our website address is: https:\/\/ygm.com.tr<\/p>\n\n<h2>Comments<\/h2>\n\n<p><strong class=\"privacy-policy-tutorial\">Our site: <\/strong>When visitors leave comments on the site, we collect the data shown in the comment form, as well as the visitor&#8217;s IP address and browser information text to help detect unwanted comments.<\/p>\n\n<p>An anonymized text (also called a hash) generated from your email address may be provided to the Gravatar service to see if you are using the service. The Gravatar service&#8217;s privacy policy is available at https:\/\/automattic.com\/privacy\/. After your comment is approved, your profile picture will be visible to everyone along with your comment.<\/p>\n\n<h2>Media<\/h2>\n\n<p><strong class=\"privacy-policy-tutorial\">Items: <\/strong>If you upload images to the website, you should avoid uploading images with embedded location data (EXIF GPS). Website visitors can download and extract any location information from images on the website.<\/p>\n\n<h2>Cookies<\/h2>\n\n<p><strong class=\"privacy-policy-tutorial\">On your Server and Browser: <\/strong>If you leave a comment on our site, you can choose to save your name, e-mail address and website in cookies. These are for your convenience so you don&#8217;t have to fill in your information again when you leave another comment. These cookies stay for one year.<\/p>\n\n<p>If you visit our home page, we will set a temporary cookie to determine if your browser accepts cookies. This cookie contains no personal data and is discarded when you close your browser.<\/p>\n\n<p>When you log in, we will save a few cookies to save your login information and screen view selection. Login cookies stay for two days and screen options cookies stay for one year. If you choose &#8220;Remember me&#8221;, your login will last for two weeks. If you log out of your account, the login cookies will be removed.<\/p>\n\n<p>If you edit or publish an article, an additional cookie is saved in your browser. This cookie does not contain any personal data and only shows the post ID of the article you are editing. It expires after 1 day.<\/p>\n\n<h2>Content embedded from other sites<\/h2>\n\n<p><strong class=\"privacy-policy-tutorial\">Media and Media: <\/strong>Articles on this site may contain embedded content (e.g. videos, images, articles, etc.). Content embedded from other websites behaves exactly the same as if the visitor had visited the other website.<\/p>\n\n<p>These websites may collect data about you, use cookies, embed third-party tracking, and monitor your interaction with that embedded content, including tracking your interaction with the embedded content if you have an account and are logged in to this website.<\/p>\n\n<h2>Who we share your data with<\/h2>\n\n<p><strong class=\"privacy-policy-tutorial\">Data: <\/strong>When you request a password reset, your IP address is included in the reset email. If you receive a newsletter subscription or an offer regarding our products, the information you send to ensure the necessary communication is e-mail, company name, etc. is used to provide communication back to you. When you visit our website, your non-sensitive data is shared through the analysis software we use to provide you with better service.<\/p>\n\n<h2>How long we keep your data<\/h2>\n\n<p><strong class=\"privacy-policy-tutorial\">Storage: <\/strong>If you leave a comment, the comment and its metadata are stored indefinitely. This way, we can automatically recognize and approve your follow-up comments instead of keeping them in the moderation queue.<\/p>\n\n<p>For users who register on our website (if any), we also store the personal information they provide in their user profile. All users can view, edit or delete their personal information at any time (except for changing usernames). Website administrators can also view and edit this information. Registration information contact information etc. information is restricted by a 10-year statutory period. will be deleted completely after this period (for discontinued links).<\/p>\n\n<h2>What are your rights over your data?<\/h2>\n\n<p><strong class=\"privacy-policy-tutorial\">Your rights: <\/strong>If you have an account or comments on this site, you may request to receive an exported file of the personal data we hold about you, including the data you have provided to us. You can also request to delete all personal data we hold about you. This does not include any data that we have to comply with for administrative, legal or security purposes. They are excluded if they are in commercial contact and are engaged in an ongoing process.<\/p>\n\n<h2>Where your data is sent<\/h2>\n\n<p><strong class=\"privacy-policy-tutorial\">Analysis and processing service: <\/strong>Visitor comments can be checked through an automatic spam detection service. communication requests are sent to the ERP\/CRM system.<\/p>\n<p>You can send all your requests about your data by contacting us from the contact section.<\/p>\n\t\t\t\t\t\t\t\t<\/div>\n\t\t\t\t<\/div>\n\t\t\t\t\t<\/div>\n\t\t<\/div>\n\t\t\t\t\t<\/div>\n\t\t<\/section>\n\t\t\t\t<\/div>\n\t\t","protected":false},"excerpt":{"rendered":"<p>YGM Makina M\u00fchendislik D\u0131\u015f Ticaret Limited \u015eirketi We are Your location Our website address is: https:\/\/ygm.com.tr Comments Our site: When<\/p>\n","protected":false},"author":2,"featured_media":0,"parent":0,"menu_order":0,"comment_status":"closed","ping_status":"closed","template":"elementor_header_footer","meta":{"footnotes":""},"class_list":["post-12432","page","type-page","status-publish","hentry"],"yoast_head":"<!-- This site is optimized with the Yoast SEO plugin v27.4 - https:\/\/yoast.com\/product\/yoast-seo-wordpress\/ -->\n<title>Privacy Policy - YGM | Y\u00fczey Geli\u015ftirme Merkezi<\/title>\n<meta name=\"description\" content=\"- Privacy Policy - YGM | Y\u00fczey Geli\u015ftirme Merkezi\" \/>\n<meta name=\"robots\" content=\"index, follow, max-snippet:-1, max-image-preview:large, max-video-preview:-1\" \/>\n<link rel=\"canonical\" href=\"https:\/\/www.ygm.com.tr\/en\/privacy-policy\/\" \/>\n<meta property=\"og:locale\" content=\"en_US\" \/>\n<meta property=\"og:type\" content=\"article\" \/>\n<meta property=\"og:title\" content=\"Privacy Policy - YGM | Y\u00fczey Geli\u015ftirme Merkezi\" \/>\n<meta property=\"og:description\" content=\"- Privacy Policy - YGM | Y\u00fczey Geli\u015ftirme Merkezi\" \/>\n<meta property=\"og:url\" content=\"https:\/\/www.ygm.com.tr\/en\/privacy-policy\/\" \/>\n<meta property=\"og:site_name\" content=\"YGM | Y\u00fczey Geli\u015ftirme Merkezi\" \/>\n<meta property=\"article:publisher\" content=\"https:\/\/www.facebook.com\/people\/Yzey-Gelitirme-Merkezi\/100063886306150\/\" \/>\n<meta property=\"article:modified_time\" content=\"2024-01-26T06:36:10+00:00\" \/>\n<meta name=\"twitter:card\" content=\"summary_large_image\" \/>\n<meta name=\"twitter:label1\" content=\"Est. reading time\" \/>\n\t<meta name=\"twitter:data1\" content=\"4 minutes\" \/>\n<script type=\"application\/ld+json\" class=\"yoast-schema-graph\">{\"@context\":\"https:\\\/\\\/schema.org\",\"@graph\":[{\"@type\":\"WebPage\",\"@id\":\"https:\\\/\\\/www.ygm.com.tr\\\/en\\\/privacy-policy\\\/\",\"url\":\"https:\\\/\\\/www.ygm.com.tr\\\/en\\\/privacy-policy\\\/\",\"name\":\"Privacy Policy - YGM | Y\u00fczey Geli\u015ftirme Merkezi\",\"isPartOf\":{\"@id\":\"https:\\\/\\\/www.ygm.com.tr\\\/en\\\/#website\"},\"primaryImageOfPage\":{\"@id\":\"https:\\\/\\\/www.ygm.com.tr\\\/en\\\/privacy-policy\\\/#primaryimage\"},\"image\":{\"@id\":\"https:\\\/\\\/www.ygm.com.tr\\\/en\\\/privacy-policy\\\/#primaryimage\"},\"thumbnailUrl\":\"https:\\\/\\\/www.ygm.com.tr\\\/wp-content\\\/uploads\\\/2023\\\/06\\\/YGM_logo_footer.svg\",\"datePublished\":\"2022-09-02T09:49:39+00:00\",\"dateModified\":\"2024-01-26T06:36:10+00:00\",\"description\":\"- Privacy Policy - YGM | Y\u00fczey Geli\u015ftirme Merkezi\",\"breadcrumb\":{\"@id\":\"https:\\\/\\\/www.ygm.com.tr\\\/en\\\/privacy-policy\\\/#breadcrumb\"},\"inLanguage\":\"en-US\",\"potentialAction\":[{\"@type\":\"ReadAction\",\"target\":[\"https:\\\/\\\/www.ygm.com.tr\\\/en\\\/privacy-policy\\\/\"]}]},{\"@type\":\"ImageObject\",\"inLanguage\":\"en-US\",\"@id\":\"https:\\\/\\\/www.ygm.com.tr\\\/en\\\/privacy-policy\\\/#primaryimage\",\"url\":\"https:\\\/\\\/www.ygm.com.tr\\\/wp-content\\\/uploads\\\/2023\\\/06\\\/YGM_logo_footer.svg\",\"contentUrl\":\"https:\\\/\\\/www.ygm.com.tr\\\/wp-content\\\/uploads\\\/2023\\\/06\\\/YGM_logo_footer.svg\"},{\"@type\":\"BreadcrumbList\",\"@id\":\"https:\\\/\\\/www.ygm.com.tr\\\/en\\\/privacy-policy\\\/#breadcrumb\",\"itemListElement\":[{\"@type\":\"ListItem\",\"position\":1,\"name\":\"Home\",\"item\":\"https:\\\/\\\/www.ygm.com.tr\\\/en\\\/\"},{\"@type\":\"ListItem\",\"position\":2,\"name\":\"Privacy Policy\"}]},{\"@type\":\"WebSite\",\"@id\":\"https:\\\/\\\/www.ygm.com.tr\\\/en\\\/#website\",\"url\":\"https:\\\/\\\/www.ygm.com.tr\\\/en\\\/\",\"name\":\"YGM | Y\u00fczey Geli\u015ftirme Merkezi\",\"description\":\"Y\u00fczey i\u015fleme m\u00fchendisli\u011fi\",\"publisher\":{\"@id\":\"https:\\\/\\\/www.ygm.com.tr\\\/en\\\/#organization\"},\"potentialAction\":[{\"@type\":\"SearchAction\",\"target\":{\"@type\":\"EntryPoint\",\"urlTemplate\":\"https:\\\/\\\/www.ygm.com.tr\\\/en\\\/?s={search_term_string}\"},\"query-input\":{\"@type\":\"PropertyValueSpecification\",\"valueRequired\":true,\"valueName\":\"search_term_string\"}}],\"inLanguage\":\"en-US\"},{\"@type\":\"Organization\",\"@id\":\"https:\\\/\\\/www.ygm.com.tr\\\/en\\\/#organization\",\"name\":\"YGM | Y\u00fczey Geli\u015ftirme Merkezi\",\"alternateName\":\"YGM\",\"url\":\"https:\\\/\\\/www.ygm.com.tr\\\/en\\\/\",\"logo\":{\"@type\":\"ImageObject\",\"inLanguage\":\"en-US\",\"@id\":\"https:\\\/\\\/www.ygm.com.tr\\\/en\\\/#\\\/schema\\\/logo\\\/image\\\/\",\"url\":\"https:\\\/\\\/www.ygm.com.tr\\\/wp-content\\\/uploads\\\/2023\\\/06\\\/YGM_logo.svg\",\"contentUrl\":\"https:\\\/\\\/www.ygm.com.tr\\\/wp-content\\\/uploads\\\/2023\\\/06\\\/YGM_logo.svg\",\"width\":606,\"height\":359,\"caption\":\"YGM | Y\u00fczey Geli\u015ftirme Merkezi\"},\"image\":{\"@id\":\"https:\\\/\\\/www.ygm.com.tr\\\/en\\\/#\\\/schema\\\/logo\\\/image\\\/\"},\"sameAs\":[\"https:\\\/\\\/www.facebook.com\\\/people\\\/Yzey-Gelitirme-Merkezi\\\/100063886306150\\\/\",\"https:\\\/\\\/www.instagram.com\\\/ygm_makina\\\/\",\"https:\\\/\\\/tr.linkedin.com\\\/company\\\/yzey-gelitirme-merkezi\",\"https:\\\/\\\/wa.me\\\/905465895950\",\"https:\\\/\\\/www.facebook.com\\\/profile.php?id=100063886306150\"]}]}<\/script>\n<!-- \/ Yoast SEO plugin. -->","yoast_head_json":{"title":"Privacy Policy - YGM | Y\u00fczey Geli\u015ftirme Merkezi","description":"- Privacy Policy - YGM | Y\u00fczey Geli\u015ftirme Merkezi","robots":{"index":"index","follow":"follow","max-snippet":"max-snippet:-1","max-image-preview":"max-image-preview:large","max-video-preview":"max-video-preview:-1"},"canonical":"https:\/\/www.ygm.com.tr\/en\/privacy-policy\/","og_locale":"en_US","og_type":"article","og_title":"Privacy Policy - YGM | Y\u00fczey Geli\u015ftirme Merkezi","og_description":"- Privacy Policy - YGM | Y\u00fczey Geli\u015ftirme Merkezi","og_url":"https:\/\/www.ygm.com.tr\/en\/privacy-policy\/","og_site_name":"YGM | Y\u00fczey Geli\u015ftirme Merkezi","article_publisher":"https:\/\/www.facebook.com\/people\/Yzey-Gelitirme-Merkezi\/100063886306150\/","article_modified_time":"2024-01-26T06:36:10+00:00","twitter_card":"summary_large_image","twitter_misc":{"Est. reading time":"4 minutes"},"schema":{"@context":"https:\/\/schema.org","@graph":[{"@type":"WebPage","@id":"https:\/\/www.ygm.com.tr\/en\/privacy-policy\/","url":"https:\/\/www.ygm.com.tr\/en\/privacy-policy\/","name":"Privacy Policy - YGM | Y\u00fczey Geli\u015ftirme Merkezi","isPartOf":{"@id":"https:\/\/www.ygm.com.tr\/en\/#website"},"primaryImageOfPage":{"@id":"https:\/\/www.ygm.com.tr\/en\/privacy-policy\/#primaryimage"},"image":{"@id":"https:\/\/www.ygm.com.tr\/en\/privacy-policy\/#primaryimage"},"thumbnailUrl":"https:\/\/www.ygm.com.tr\/wp-content\/uploads\/2023\/06\/YGM_logo_footer.svg","datePublished":"2022-09-02T09:49:39+00:00","dateModified":"2024-01-26T06:36:10+00:00","description":"- Privacy Policy - YGM | Y\u00fczey Geli\u015ftirme Merkezi","breadcrumb":{"@id":"https:\/\/www.ygm.com.tr\/en\/privacy-policy\/#breadcrumb"},"inLanguage":"en-US","potentialAction":[{"@type":"ReadAction","target":["https:\/\/www.ygm.com.tr\/en\/privacy-policy\/"]}]},{"@type":"ImageObject","inLanguage":"en-US","@id":"https:\/\/www.ygm.com.tr\/en\/privacy-policy\/#primaryimage","url":"https:\/\/www.ygm.com.tr\/wp-content\/uploads\/2023\/06\/YGM_logo_footer.svg","contentUrl":"https:\/\/www.ygm.com.tr\/wp-content\/uploads\/2023\/06\/YGM_logo_footer.svg"},{"@type":"BreadcrumbList","@id":"https:\/\/www.ygm.com.tr\/en\/privacy-policy\/#breadcrumb","itemListElement":[{"@type":"ListItem","position":1,"name":"Home","item":"https:\/\/www.ygm.com.tr\/en\/"},{"@type":"ListItem","position":2,"name":"Privacy Policy"}]},{"@type":"WebSite","@id":"https:\/\/www.ygm.com.tr\/en\/#website","url":"https:\/\/www.ygm.com.tr\/en\/","name":"YGM | Y\u00fczey Geli\u015ftirme Merkezi","description":"Y\u00fczey i\u015fleme m\u00fchendisli\u011fi","publisher":{"@id":"https:\/\/www.ygm.com.tr\/en\/#organization"},"potentialAction":[{"@type":"SearchAction","target":{"@type":"EntryPoint","urlTemplate":"https:\/\/www.ygm.com.tr\/en\/?s={search_term_string}"},"query-input":{"@type":"PropertyValueSpecification","valueRequired":true,"valueName":"search_term_string"}}],"inLanguage":"en-US"},{"@type":"Organization","@id":"https:\/\/www.ygm.com.tr\/en\/#organization","name":"YGM | Y\u00fczey Geli\u015ftirme Merkezi","alternateName":"YGM","url":"https:\/\/www.ygm.com.tr\/en\/","logo":{"@type":"ImageObject","inLanguage":"en-US","@id":"https:\/\/www.ygm.com.tr\/en\/#\/schema\/logo\/image\/","url":"https:\/\/www.ygm.com.tr\/wp-content\/uploads\/2023\/06\/YGM_logo.svg","contentUrl":"https:\/\/www.ygm.com.tr\/wp-content\/uploads\/2023\/06\/YGM_logo.svg","width":606,"height":359,"caption":"YGM | Y\u00fczey Geli\u015ftirme Merkezi"},"image":{"@id":"https:\/\/www.ygm.com.tr\/en\/#\/schema\/logo\/image\/"},"sameAs":["https:\/\/www.facebook.com\/people\/Yzey-Gelitirme-Merkezi\/100063886306150\/","https:\/\/www.instagram.com\/ygm_makina\/","https:\/\/tr.linkedin.com\/company\/yzey-gelitirme-merkezi","https:\/\/wa.me\/905465895950","https:\/\/www.facebook.com\/profile.php?id=100063886306150"]}]}},"_links":{"self":[{"href":"https:\/\/www.ygm.com.tr\/en\/wp-json\/wp\/v2\/pages\/12432","targetHints":{"allow":["GET"]}}],"collection":[{"href":"https:\/\/www.ygm.com.tr\/en\/wp-json\/wp\/v2\/pages"}],"about":[{"href":"https:\/\/www.ygm.com.tr\/en\/wp-json\/wp\/v2\/types\/page"}],"author":[{"embeddable":true,"href":"https:\/\/www.ygm.com.tr\/en\/wp-json\/wp\/v2\/users\/2"}],"replies":[{"embeddable":true,"href":"https:\/\/www.ygm.com.tr\/en\/wp-json\/wp\/v2\/comments?post=12432"}],"version-history":[{"count":0,"href":"https:\/\/www.ygm.com.tr\/en\/wp-json\/wp\/v2\/pages\/12432\/revisions"}],"wp:attachment":[{"href":"https:\/\/www.ygm.com.tr\/en\/wp-json\/wp\/v2\/media?parent=12432"}],"curies":[{"name":"wp","href":"https:\/\/api.w.org\/{rel}","templated":true}]}}