{"id":12278,"date":"2023-07-09T23:36:08","date_gmt":"2023-07-09T20:36:08","guid":{"rendered":"https:\/\/www2.ygm.com.tr\/?page_id=12278"},"modified":"2025-06-28T15:22:34","modified_gmt":"2025-06-28T12:22:34","slug":"machines","status":"publish","type":"page","link":"https:\/\/www.ygm.com.tr\/en\/machines\/","title":{"rendered":"Product Finder"},"content":{"rendered":"\t\t<div data-elementor-type=\"wp-page\" data-elementor-id=\"12278\" class=\"elementor elementor-12278 elementor-7323\" data-elementor-post-type=\"page\">\n\t\t\t\t\t\t<section class=\"wd-negative-gap elementor-section elementor-top-section elementor-element elementor-element-3242016 wd-section-stretch elementor-hidden-mobile animated-fast elementor-section-boxed elementor-section-height-default elementor-section-height-default elementor-invisible\" data-id=\"3242016\" data-element_type=\"section\" data-settings=\"{&quot;background_background&quot;:&quot;classic&quot;,&quot;background_motion_fx_motion_fx_scrolling&quot;:&quot;yes&quot;,&quot;background_motion_fx_translateY_effect&quot;:&quot;yes&quot;,&quot;background_motion_fx_translateY_speed&quot;:{&quot;unit&quot;:&quot;px&quot;,&quot;size&quot;:5,&quot;sizes&quot;:[]},&quot;background_motion_fx_range&quot;:&quot;viewport&quot;,&quot;sticky&quot;:&quot;bottom&quot;,&quot;animation&quot;:&quot;fadeInDown&quot;,&quot;animation_delay&quot;:100,&quot;background_motion_fx_scale_effect&quot;:&quot;yes&quot;,&quot;background_motion_fx_scale_speed&quot;:{&quot;unit&quot;:&quot;px&quot;,&quot;size&quot;:2,&quot;sizes&quot;:[]},&quot;background_motion_fx_mouseTrack_direction&quot;:&quot;negative&quot;,&quot;background_motion_fx_mouseTrack_speed&quot;:{&quot;unit&quot;:&quot;px&quot;,&quot;size&quot;:0,&quot;sizes&quot;:[]},&quot;background_motion_fx_opacity_effect&quot;:&quot;yes&quot;,&quot;background_motion_fx_opacity_level&quot;:{&quot;unit&quot;:&quot;px&quot;,&quot;size&quot;:5.20000000000000017763568394002504646778106689453125,&quot;sizes&quot;:[]},&quot;background_motion_fx_scale_direction&quot;:&quot;in-out-in&quot;,&quot;background_motion_fx_motion_fx_mouse&quot;:&quot;yes&quot;,&quot;background_motion_fx_mouseTrack_effect&quot;:&quot;yes&quot;,&quot;background_motion_fx_translateY_affectedRange&quot;:{&quot;unit&quot;:&quot;%&quot;,&quot;size&quot;:&quot;&quot;,&quot;sizes&quot;:{&quot;start&quot;:0,&quot;end&quot;:100}},&quot;background_motion_fx_opacity_direction&quot;:&quot;out-in&quot;,&quot;background_motion_fx_opacity_range&quot;:{&quot;unit&quot;:&quot;%&quot;,&quot;size&quot;:&quot;&quot;,&quot;sizes&quot;:{&quot;start&quot;:20,&quot;end&quot;:80}},&quot;background_motion_fx_scale_range&quot;:{&quot;unit&quot;:&quot;%&quot;,&quot;size&quot;:&quot;&quot;,&quot;sizes&quot;:{&quot;start&quot;:20,&quot;end&quot;:80}},&quot;background_motion_fx_devices&quot;:[&quot;desktop&quot;,&quot;tablet&quot;,&quot;mobile&quot;],&quot;sticky_on&quot;:[&quot;desktop&quot;,&quot;tablet&quot;,&quot;mobile&quot;],&quot;sticky_offset&quot;:0,&quot;sticky_effects_offset&quot;:0}\">\n\t\t\t\t\t\t\t<div class=\"elementor-background-overlay\"><\/div>\n\t\t\t\t\t\t\t<div class=\"elementor-container elementor-column-gap-no\">\n\t\t\t\t\t<div class=\"elementor-column elementor-col-100 elementor-top-column elementor-element elementor-element-1acb699\" data-id=\"1acb699\" data-element_type=\"column\">\n\t\t\t<div class=\"elementor-widget-wrap\">\n\t\t\t\t\t\t\t<\/div>\n\t\t<\/div>\n\t\t\t\t\t<\/div>\n\t\t<\/section>\n\t\t\t\t<section class=\"wd-negative-gap elementor-section elementor-top-section elementor-element elementor-element-199b2d1 elementor-section-content-middle elementor-section-boxed elementor-section-height-default elementor-section-height-default\" data-id=\"199b2d1\" data-element_type=\"section\" data-settings=\"{&quot;background_background&quot;:&quot;classic&quot;}\">\n\t\t\t\t\t\t<div class=\"elementor-container elementor-column-gap-no\">\n\t\t\t\t\t<div class=\"elementor-column elementor-col-100 elementor-top-column elementor-element elementor-element-62b7136\" data-id=\"62b7136\" data-element_type=\"column\">\n\t\t\t<div class=\"elementor-widget-wrap elementor-element-populated\">\n\t\t\t\t<div class=\"elementor-element elementor-element-27a74c5 e-con-full e-flex e-con e-parent\" data-id=\"27a74c5\" data-element_type=\"container\">\n\t\t\t\t<div class=\"elementor-element elementor-element-5652f3d wd-el-breadcrumbs text-left elementor-widget elementor-widget-wd_wc_breadcrumb\" data-id=\"5652f3d\" data-element_type=\"widget\" data-widget_type=\"wd_wc_breadcrumb.default\">\n\t\t\t\t<div class=\"elementor-widget-container\">\n\t\t\t\t\t\t\t\t<div class=\"yoast-breadcrumb\">\n\t\t\t\t<span><span><a href=\"https:\/\/www.ygm.com.tr\/en\/\">Home<\/a><\/span><\/span>\t\t\t<\/div>\n\t\t\t\t\t\t\t<\/div>\n\t\t\t\t<\/div>\n\t\t\t\t<\/div>\n\t\t\t\t\t<\/div>\n\t\t<\/div>\n\t\t\t\t\t<\/div>\n\t\t<\/section>\n\t\t<div class=\"wd-negative-gap elementor-element elementor-element-5b108e6 e-flex e-con-boxed e-con e-parent\" data-id=\"5b108e6\" data-element_type=\"container\">\n\t\t\t\t\t<div class=\"e-con-inner\">\n\t\t\t\t<div class=\"elementor-element elementor-element-c85455a elementor-widget elementor-widget-shortcode\" data-id=\"c85455a\" data-element_type=\"widget\" data-widget_type=\"shortcode.default\">\n\t\t\t\t<div class=\"elementor-widget-container\">\n\t\t\t\t\t<div class=\"makinalist\"><div>\n  <img decoding=\"async\" class=\"mlogo\" src=\"https:\/\/www.ygm.com.tr\/wp-content\/uploads\/2024\/11\/no_mlogo.png\">\n  <span class=\"mmarka\"><a href=\"https:\/\/www.ygm.com.tr\/en\/product-machine-list\/?mname=besana\">BESANA<\/a><\/span>\n<span class=\"mmodel\">Model:(1)<\/span>\n  <\/div><div>\n  <img decoding=\"async\" class=\"mlogo\" src=\"https:\/\/www.ygm.com.tr\/wp-content\/uploads\/makine_logolari\/bavelloni_small.png\">\n  <span class=\"mmarka\"><a href=\"https:\/\/www.ygm.com.tr\/en\/product-machine-list\/?mname=bavelloni\">Bavelloni<\/a><\/span>\n<span class=\"mmodel\">Model:(3)<\/span>\n  <\/div><div>\n  <img decoding=\"async\" class=\"mlogo\" src=\"https:\/\/www.ygm.com.tr\/wp-content\/uploads\/makine_logolari\/baudin_small.png\">\n  <span class=\"mmarka\"><a href=\"https:\/\/www.ygm.com.tr\/en\/product-machine-list\/?mname=baudin\">Baudin<\/a><\/span>\n<span class=\"mmodel\">Model:(0)<\/span>\n  <\/div><div>\n  <img decoding=\"async\" class=\"mlogo\" src=\"https:\/\/www.ygm.com.tr\/wp-content\/uploads\/makine_logolari\/bottero_small.png\">\n  <span class=\"mmarka\"><a href=\"https:\/\/www.ygm.com.tr\/en\/product-machine-list\/?mname=bottero\">Bottero<\/a><\/span>\n<span class=\"mmodel\">Model:(2)<\/span>\n  <\/div><div>\n  <img decoding=\"async\" class=\"mlogo\" src=\"https:\/\/www.ygm.com.tr\/wp-content\/uploads\/makine_logolari\/bussetti_small.png\">\n  <span class=\"mmarka\"><a href=\"https:\/\/www.ygm.com.tr\/en\/product-machine-list\/?mname=busetti-intermac\">Busetti - Intermac<\/a><\/span>\n<span class=\"mmodel\">Model:(1)<\/span>\n  <\/div><div>\n  <img decoding=\"async\" class=\"mlogo\" src=\"https:\/\/www.ygm.com.tr\/wp-content\/uploads\/makine_logolari\/lattuada.png\">\n  <span class=\"mmarka\"><a href=\"https:\/\/www.ygm.com.tr\/en\/product-machine-list\/?mname=lattuada\">Lattuada<\/a><\/span>\n<span class=\"mmodel\">Model:(0)<\/span>\n  <\/div><div>\n  <img decoding=\"async\" class=\"mlogo\" src=\"https:\/\/www.ygm.com.tr\/wp-content\/uploads\/makine_logolari\/schiatti_small.png\">\n  <span class=\"mmarka\"><a href=\"https:\/\/www.ygm.com.tr\/en\/product-machine-list\/?mname=schiatti\">Schiatti<\/a><\/span>\n<span class=\"mmodel\">Model:(1)<\/span>\n  <\/div><div>\n  <img decoding=\"async\" class=\"mlogo\" src=\"https:\/\/www.ygm.com.tr\/wp-content\/uploads\/makine_logolari\/neptun_small.png\">\n  <span class=\"mmarka\"><a href=\"https:\/\/www.ygm.com.tr\/en\/product-machine-list\/?mname=neptun\">Neptun<\/a><\/span>\n<span class=\"mmodel\">Model:(0)<\/span>\n  <\/div><div>\n  <img decoding=\"async\" class=\"mlogo\" src=\"https:\/\/www.ygm.com.tr\/wp-content\/uploads\/makine_logolari\/bovone_small.png\">\n  <span class=\"mmarka\"><a href=\"https:\/\/www.ygm.com.tr\/en\/product-machine-list\/?mname=bovone\">Bovone<\/a><\/span>\n<span class=\"mmodel\">Model:(0)<\/span>\n  <\/div><div>\n  <img decoding=\"async\" class=\"mlogo\" src=\"https:\/\/www.ygm.com.tr\/wp-content\/uploads\/makine_logolari\/fushan_small.png\">\n  <span class=\"mmarka\"><a href=\"https:\/\/www.ygm.com.tr\/en\/product-machine-list\/?mname=fushan\">Fushan<\/a><\/span>\n<span class=\"mmodel\">Model:(0)<\/span>\n  <\/div><div>\n  <img decoding=\"async\" class=\"mlogo\" src=\"https:\/\/www.ygm.com.tr\/wp-content\/uploads\/makine_logolari\/suntech_small.png\">\n  <span class=\"mmarka\"><a href=\"https:\/\/www.ygm.com.tr\/en\/product-machine-list\/?mname=suntech\">Suntech<\/a><\/span>\n<span class=\"mmodel\">Model:(0)<\/span>\n  <\/div><div>\n  <img decoding=\"async\" class=\"mlogo\" src=\"https:\/\/www.ygm.com.tr\/wp-content\/uploads\/makine_logolari\/delta_small.png\">\n  <span class=\"mmarka\"><a href=\"https:\/\/www.ygm.com.tr\/en\/product-machine-list\/?mname=delta\">Delta<\/a><\/span>\n<span class=\"mmodel\">Model:(0)<\/span>\n  <\/div><div>\n  <img decoding=\"async\" class=\"mlogo\" src=\"https:\/\/www.ygm.com.tr\/wp-content\/uploads\/makine_logolari\/deway_small.png\">\n  <span class=\"mmarka\"><a href=\"https:\/\/www.ygm.com.tr\/en\/product-machine-list\/?mname=deway\">Deway<\/a><\/span>\n<span class=\"mmodel\">Model:(0)<\/span>\n  <\/div><div>\n  <img decoding=\"async\" class=\"mlogo\" src=\"https:\/\/www.ygm.com.tr\/wp-content\/uploads\/makine_logolari\/bando_small.png\">\n  <span class=\"mmarka\"><a href=\"https:\/\/www.ygm.com.tr\/en\/product-machine-list\/?mname=bando\">Bando<\/a><\/span>\n<span class=\"mmodel\">Model:(1)<\/span>\n  <\/div><div>\n  <img decoding=\"async\" class=\"mlogo\" src=\"https:\/\/www.ygm.com.tr\/wp-content\/uploads\/2024\/11\/no_mlogo.png\">\n  <span class=\"mmarka\"><a href=\"https:\/\/www.ygm.com.tr\/en\/product-machine-list\/?mname=glassline\">Glassline<\/a><\/span>\n<span class=\"mmodel\">Model:(0)<\/span>\n  <\/div><div>\n  <img decoding=\"async\" class=\"mlogo\" src=\"https:\/\/www.ygm.com.tr\/wp-content\/uploads\/2024\/11\/no_mlogo.png\">\n  <span class=\"mmarka\"><a href=\"https:\/\/www.ygm.com.tr\/en\/product-machine-list\/?mname=bystronic\">Bystronic<\/a><\/span>\n<span class=\"mmodel\">Model:(0)<\/span>\n  <\/div><div>\n  <img decoding=\"async\" class=\"mlogo\" src=\"https:\/\/www.ygm.com.tr\/wp-content\/uploads\/makine_logolari\/forel_small.png\">\n  <span class=\"mmarka\"><a href=\"https:\/\/www.ygm.com.tr\/en\/product-machine-list\/?mname=forel\">Forel<\/a><\/span>\n<span class=\"mmodel\">Model:(0)<\/span>\n  <\/div><div>\n  <img decoding=\"async\" class=\"mlogo\" src=\"https:\/\/www.ygm.com.tr\/wp-content\/uploads\/makine_logolari\/forvet_small.png\">\n  <span class=\"mmarka\"><a href=\"https:\/\/www.ygm.com.tr\/en\/product-machine-list\/?mname=forvet\">Forvet<\/a><\/span>\n<span class=\"mmodel\">Model:(0)<\/span>\n  <\/div><div>\n  <img decoding=\"async\" class=\"mlogo\" src=\"https:\/\/www.ygm.com.tr\/wp-content\/uploads\/2024\/11\/no_mlogo.png\">\n  <span class=\"mmarka\"><a href=\"https:\/\/www.ygm.com.tr\/en\/product-machine-list\/?mname=tesir\">Tesir<\/a><\/span>\n<span class=\"mmodel\">Model:(0)<\/span>\n  <\/div><div>\n  <img decoding=\"async\" class=\"mlogo\" src=\"https:\/\/www.ygm.com.tr\/wp-content\/uploads\/2024\/11\/no_mlogo.png\">\n  <span class=\"mmarka\"><a href=\"https:\/\/www.ygm.com.tr\/en\/product-machine-list\/?mname=deka\">Deka<\/a><\/span>\n<span class=\"mmodel\">Model:(0)<\/span>\n  <\/div><div>\n  <img decoding=\"async\" class=\"mlogo\" src=\"https:\/\/www.ygm.com.tr\/wp-content\/uploads\/2024\/11\/no_mlogo.png\">\n  <span class=\"mmarka\"><a href=\"https:\/\/www.ygm.com.tr\/en\/product-machine-list\/?mname=lisec\">Lisec<\/a><\/span>\n<span class=\"mmodel\">Model:(0)<\/span>\n  <\/div><div>\n  <img decoding=\"async\" class=\"mlogo\" src=\"https:\/\/www.ygm.com.tr\/wp-content\/uploads\/2024\/11\/no_mlogo.png\">\n  <span class=\"mmarka\"><a href=\"https:\/\/www.ygm.com.tr\/en\/product-machine-list\/?mname=best-makina\">Best Makina<\/a><\/span>\n<span class=\"mmodel\">Model:(0)<\/span>\n  <\/div><div>\n  <img decoding=\"async\" class=\"mlogo\" src=\"https:\/\/www.ygm.com.tr\/wp-content\/uploads\/2024\/11\/no_mlogo.png\">\n  <span class=\"mmarka\"><a href=\"https:\/\/www.ygm.com.tr\/en\/product-machine-list\/?mname=esen-makina\">Esen Makina<\/a><\/span>\n<span class=\"mmodel\">Model:(0)<\/span>\n  <\/div><div>\n  <img decoding=\"async\" class=\"mlogo\" src=\"https:\/\/www.ygm.com.tr\/wp-content\/uploads\/2024\/11\/no_mlogo.png\">\n  <span class=\"mmarka\"><a href=\"https:\/\/www.ygm.com.tr\/en\/product-machine-list\/?mname=enkong\">Enkong<\/a><\/span>\n<span class=\"mmodel\">Model:(0)<\/span>\n  <\/div><div>\n  <img decoding=\"async\" class=\"mlogo\" src=\"https:\/\/www.ygm.com.tr\/wp-content\/uploads\/2024\/11\/no_mlogo.png\">\n  <span class=\"mmarka\"><a href=\"https:\/\/www.ygm.com.tr\/en\/product-machine-list\/?mname=benteler\">Benteler<\/a><\/span>\n<span class=\"mmodel\">Model:(1)<\/span>\n  <\/div><div>\n  <img decoding=\"async\" class=\"mlogo\" src=\"https:\/\/www.ygm.com.tr\/wp-content\/uploads\/2024\/11\/no_mlogo.png\">\n  <span class=\"mmarka\"><a href=\"https:\/\/www.ygm.com.tr\/en\/product-machine-list\/?mname=zxm\">ZXM<\/a><\/span>\n<span class=\"mmodel\">Model:(0)<\/span>\n  <\/div><div>\n  <img decoding=\"async\" class=\"mlogo\" src=\"https:\/\/www.ygm.com.tr\/wp-content\/uploads\/2024\/11\/no_mlogo.png\">\n  <span class=\"mmarka\"><a href=\"https:\/\/www.ygm.com.tr\/en\/product-machine-list\/?mname=lippert\">Lippert<\/a><\/span>\n<span class=\"mmodel\">Model:(0)<\/span>\n  <\/div><div>\n  <img decoding=\"async\" class=\"mlogo\" src=\"https:\/\/www.ygm.com.tr\/wp-content\/uploads\/2024\/11\/no_mlogo.png\">\n  <span class=\"mmarka\"><a href=\"https:\/\/www.ygm.com.tr\/en\/product-machine-list\/?mname=sama\">Sama<\/a><\/span>\n<span class=\"mmodel\">Model:(0)<\/span>\n  <\/div><div>\n  <img decoding=\"async\" class=\"mlogo\" src=\"https:\/\/www.ygm.com.tr\/wp-content\/uploads\/2024\/11\/no_mlogo.png\">\n  <span class=\"mmarka\"><a href=\"https:\/\/www.ygm.com.tr\/en\/product-machine-list\/?mname=he-pro\">He-pro<\/a><\/span>\n<span class=\"mmodel\">Model:(0)<\/span>\n  <\/div><div>\n  <img decoding=\"async\" class=\"mlogo\" src=\"https:\/\/www.ygm.com.tr\/wp-content\/uploads\/makine_logolari\/beijiang_small.png\">\n  <span class=\"mmarka\"><a href=\"https:\/\/www.ygm.com.tr\/en\/product-machine-list\/?mname=beijiang\">BEIJIANG<\/a><\/span>\n<span class=\"mmodel\">Model:(0)<\/span>\n  <\/div><div>\n  <img decoding=\"async\" class=\"mlogo\" src=\"https:\/\/www.ygm.com.tr\/wp-content\/uploads\/makine_logolari\/covesa_small.png\">\n  <span class=\"mmarka\"><a href=\"https:\/\/www.ygm.com.tr\/en\/product-machine-list\/?mname=covesa\">COVESA<\/a><\/span>\n<span class=\"mmodel\">Model:(0)<\/span>\n  <\/div><div>\n  <img decoding=\"async\" class=\"mlogo\" src=\"https:\/\/www.ygm.com.tr\/wp-content\/uploads\/makine_logolari\/xinhaian_small.png\">\n  <span class=\"mmarka\"><a href=\"https:\/\/www.ygm.com.tr\/en\/product-machine-list\/?mname=xinhaian\">XINHAIAN<\/a><\/span>\n<span class=\"mmodel\">Model:(0)<\/span>\n  <\/div><div>\n  <img decoding=\"async\" class=\"mlogo\" src=\"https:\/\/www.ygm.com.tr\/wp-content\/uploads\/makine_logolari\/dongil_small.png\">\n  <span class=\"mmarka\"><a href=\"https:\/\/www.ygm.com.tr\/en\/product-machine-list\/?mname=dongil\">DONGIL<\/a><\/span>\n<span class=\"mmodel\">Model:(0)<\/span>\n  <\/div><div>\n  <img decoding=\"async\" class=\"mlogo\" src=\"https:\/\/www.ygm.com.tr\/wp-content\/uploads\/makine_logolari\/zanetti_small.png\">\n  <span class=\"mmarka\"><a href=\"https:\/\/www.ygm.com.tr\/en\/product-machine-list\/?mname=zanetti\">ZANETTI<\/a><\/span>\n<span class=\"mmodel\">Model:(0)<\/span>\n  <\/div><div>\n  <img decoding=\"async\" class=\"mlogo\" src=\"https:\/\/www.ygm.com.tr\/wp-content\/uploads\/makine_logolari\/brembana_small.png\">\n  <span class=\"mmarka\"><a href=\"https:\/\/www.ygm.com.tr\/en\/product-machine-list\/?mname=cms-brembana\">CMS BREMBANA<\/a><\/span>\n<span class=\"mmodel\">Model:(0)<\/span>\n  <\/div><div>\n  <img decoding=\"async\" class=\"mlogo\" src=\"https:\/\/www.ygm.com.tr\/wp-content\/uploads\/makine_logolari\/bodo-gherard_small.png\">\n  <span class=\"mmarka\"><a href=\"https:\/\/www.ygm.com.tr\/en\/product-machine-list\/?mname=bodo-gherard\">BODO-GHERARD<\/a><\/span>\n<span class=\"mmodel\">Model:(0)<\/span>\n  <\/div><div>\n  <img decoding=\"async\" class=\"mlogo\" src=\"https:\/\/www.ygm.com.tr\/wp-content\/uploads\/makine_logolari\/quingdao_small.png\">\n  <span class=\"mmarka\"><a href=\"https:\/\/www.ygm.com.tr\/en\/product-machine-list\/?mname=qingdao\">QINGDAO<\/a><\/span>\n<span class=\"mmodel\">Model:(0)<\/span>\n  <\/div><div>\n  <img decoding=\"async\" class=\"mlogo\" src=\"https:\/\/www.ygm.com.tr\/wp-content\/uploads\/2024\/11\/no_mlogo.png\">\n  <span class=\"mmarka\"><a href=\"https:\/\/www.ygm.com.tr\/en\/product-machine-list\/?mname=rs-rohmer-stimpfig\">RS (Rohmer Stimpfig)<\/a><\/span>\n<span class=\"mmodel\">Model:(0)<\/span>\n  <\/div><div>\n  <img decoding=\"async\" class=\"mlogo\" src=\"https:\/\/www.ygm.com.tr\/wp-content\/uploads\/2024\/11\/no_mlogo.png\">\n  <span class=\"mmarka\"><a href=\"https:\/\/www.ygm.com.tr\/en\/product-machine-list\/?mname=golive\">Golive<\/a><\/span>\n<span class=\"mmodel\">Model:(0)<\/span>\n  <\/div><\/div>\t\t<div class=\"elementor-shortcode\">\n<\/div>\n\t\t\t\t\t\t<\/div>\n\t\t\t\t<\/div>\n\t\t\t\t\t<\/div>\n\t\t\t\t<\/div>\n\t\t<div class=\"wd-negative-gap elementor-element elementor-element-9c2106c e-flex e-con-boxed e-con e-parent\" data-id=\"9c2106c\" data-element_type=\"container\">\n\t\t\t\t\t<div class=\"e-con-inner\">\n\t\t\t\t<div class=\"elementor-element elementor-element-f51dc45 elementor-widget elementor-widget-wd_text_block\" data-id=\"f51dc45\" data-element_type=\"widget\" data-widget_type=\"wd_text_block.default\">\n\t\t\t\t<div class=\"elementor-widget-container\">\n\t\t\t\t\t\t\t<div class=\"wd-text-block reset-last-child text-left\">\n\t\t\t\n\t\t\t<p><script>jQuery(document).ready(function() {\n  jQuery(\".makinalist div\").hover(\n    function() {\n      jQuery(this).css(\"cursor\", \"pointer\");\n    },\n    function() {\n      jQuery(this).css(\"cursor\", \"default\");\n    }\n  );\n  jQuery(\".makinalist div\").on(\"click\", function() {\n    var link = jQuery(this).find(\"a\").attr(\"href\");\n    if (link) {\n      window.location.href = link; \n }\n  });\n});\n<\/script><\/p>\n\n\t\t\t\t\t<\/div>\n\t\t\t\t\t\t<\/div>\n\t\t\t\t<\/div>\n\t\t\t\t\t<\/div>\n\t\t\t\t<\/div>\n\t\t\t\t<\/div>\n\t\t","protected":false},"excerpt":{"rendered":"<p>Home<\/p>\n","protected":false},"author":3,"featured_media":0,"parent":0,"menu_order":0,"comment_status":"closed","ping_status":"closed","template":"elementor_header_footer","meta":{"footnotes":""},"class_list":["post-12278","page","type-page","status-publish","hentry"],"yoast_head":"<!-- This site is optimized with the Yoast SEO plugin v27.6 - https:\/\/yoast.com\/product\/yoast-seo-wordpress\/ -->\n<title>Product Finder - YGM | Y\u00fczey Geli\u015ftirme Merkezi<\/title>\n<meta name=\"description\" content=\"- Product Finder - YGM | Y\u00fczey Geli\u015ftirme Merkezi\" \/>\n<meta name=\"robots\" content=\"index, follow, max-snippet:-1, max-image-preview:large, max-video-preview:-1\" \/>\n<link rel=\"canonical\" href=\"https:\/\/www.ygm.com.tr\/en\/machines\/\" \/>\n<meta property=\"og:locale\" content=\"en_US\" \/>\n<meta property=\"og:type\" content=\"article\" \/>\n<meta property=\"og:title\" content=\"Product Finder - YGM | Y\u00fczey Geli\u015ftirme Merkezi\" \/>\n<meta property=\"og:description\" content=\"- Product Finder - YGM | Y\u00fczey Geli\u015ftirme Merkezi\" \/>\n<meta property=\"og:url\" content=\"https:\/\/www.ygm.com.tr\/en\/machines\/\" \/>\n<meta property=\"og:site_name\" content=\"YGM | Y\u00fczey Geli\u015ftirme Merkezi\" \/>\n<meta property=\"article:publisher\" content=\"https:\/\/www.facebook.com\/people\/Yzey-Gelitirme-Merkezi\/100063886306150\/\" \/>\n<meta property=\"article:modified_time\" content=\"2025-06-28T12:22:34+00:00\" \/>\n<meta name=\"twitter:card\" content=\"summary_large_image\" \/>\n<meta name=\"twitter:label1\" content=\"Est. reading time\" \/>\n\t<meta name=\"twitter:data1\" content=\"1 minute\" \/>\n<script type=\"application\/ld+json\" class=\"yoast-schema-graph\">{\"@context\":\"https:\\\/\\\/schema.org\",\"@graph\":[{\"@type\":\"WebPage\",\"@id\":\"https:\\\/\\\/www.ygm.com.tr\\\/en\\\/machines\\\/\",\"url\":\"https:\\\/\\\/www.ygm.com.tr\\\/en\\\/machines\\\/\",\"name\":\"Product Finder - YGM | Y\u00fczey Geli\u015ftirme Merkezi\",\"isPartOf\":{\"@id\":\"https:\\\/\\\/www.ygm.com.tr\\\/en\\\/#website\"},\"datePublished\":\"2023-07-09T20:36:08+00:00\",\"dateModified\":\"2025-06-28T12:22:34+00:00\",\"description\":\"- Product Finder - YGM | Y\u00fczey Geli\u015ftirme Merkezi\",\"breadcrumb\":{\"@id\":\"https:\\\/\\\/www.ygm.com.tr\\\/en\\\/machines\\\/#breadcrumb\"},\"inLanguage\":\"en-US\",\"potentialAction\":[{\"@type\":\"ReadAction\",\"target\":[\"https:\\\/\\\/www.ygm.com.tr\\\/en\\\/machines\\\/\"]}]},{\"@type\":\"BreadcrumbList\",\"@id\":\"https:\\\/\\\/www.ygm.com.tr\\\/en\\\/machines\\\/#breadcrumb\",\"itemListElement\":[{\"@type\":\"ListItem\",\"position\":1,\"name\":\"Home\",\"item\":\"https:\\\/\\\/www.ygm.com.tr\\\/en\\\/\"},{\"@type\":\"ListItem\",\"position\":2,\"name\":\"Product Finder\"}]},{\"@type\":\"WebSite\",\"@id\":\"https:\\\/\\\/www.ygm.com.tr\\\/en\\\/#website\",\"url\":\"https:\\\/\\\/www.ygm.com.tr\\\/en\\\/\",\"name\":\"YGM | Y\u00fczey Geli\u015ftirme Merkezi\",\"description\":\"Y\u00fczey i\u015fleme m\u00fchendisli\u011fi\",\"publisher\":{\"@id\":\"https:\\\/\\\/www.ygm.com.tr\\\/en\\\/#organization\"},\"potentialAction\":[{\"@type\":\"SearchAction\",\"target\":{\"@type\":\"EntryPoint\",\"urlTemplate\":\"https:\\\/\\\/www.ygm.com.tr\\\/en\\\/?s={search_term_string}\"},\"query-input\":{\"@type\":\"PropertyValueSpecification\",\"valueRequired\":true,\"valueName\":\"search_term_string\"}}],\"inLanguage\":\"en-US\"},{\"@type\":\"Organization\",\"@id\":\"https:\\\/\\\/www.ygm.com.tr\\\/en\\\/#organization\",\"name\":\"YGM | Y\u00fczey Geli\u015ftirme Merkezi\",\"alternateName\":\"YGM\",\"url\":\"https:\\\/\\\/www.ygm.com.tr\\\/en\\\/\",\"logo\":{\"@type\":\"ImageObject\",\"inLanguage\":\"en-US\",\"@id\":\"https:\\\/\\\/www.ygm.com.tr\\\/en\\\/#\\\/schema\\\/logo\\\/image\\\/\",\"url\":\"https:\\\/\\\/www.ygm.com.tr\\\/wp-content\\\/uploads\\\/2023\\\/06\\\/YGM_logo.svg\",\"contentUrl\":\"https:\\\/\\\/www.ygm.com.tr\\\/wp-content\\\/uploads\\\/2023\\\/06\\\/YGM_logo.svg\",\"width\":606,\"height\":359,\"caption\":\"YGM | Y\u00fczey Geli\u015ftirme Merkezi\"},\"image\":{\"@id\":\"https:\\\/\\\/www.ygm.com.tr\\\/en\\\/#\\\/schema\\\/logo\\\/image\\\/\"},\"sameAs\":[\"https:\\\/\\\/www.facebook.com\\\/people\\\/Yzey-Gelitirme-Merkezi\\\/100063886306150\\\/\",\"https:\\\/\\\/www.instagram.com\\\/ygm_makina\\\/\",\"https:\\\/\\\/tr.linkedin.com\\\/company\\\/yzey-gelitirme-merkezi\",\"https:\\\/\\\/wa.me\\\/905465895950\",\"https:\\\/\\\/www.facebook.com\\\/profile.php?id=100063886306150\"]}]}<\/script>\n<!-- \/ Yoast SEO plugin. -->","yoast_head_json":{"title":"Product Finder - YGM | Y\u00fczey Geli\u015ftirme Merkezi","description":"- Product Finder - YGM | Y\u00fczey Geli\u015ftirme Merkezi","robots":{"index":"index","follow":"follow","max-snippet":"max-snippet:-1","max-image-preview":"max-image-preview:large","max-video-preview":"max-video-preview:-1"},"canonical":"https:\/\/www.ygm.com.tr\/en\/machines\/","og_locale":"en_US","og_type":"article","og_title":"Product Finder - YGM | Y\u00fczey Geli\u015ftirme Merkezi","og_description":"- Product Finder - YGM | Y\u00fczey Geli\u015ftirme Merkezi","og_url":"https:\/\/www.ygm.com.tr\/en\/machines\/","og_site_name":"YGM | Y\u00fczey Geli\u015ftirme Merkezi","article_publisher":"https:\/\/www.facebook.com\/people\/Yzey-Gelitirme-Merkezi\/100063886306150\/","article_modified_time":"2025-06-28T12:22:34+00:00","twitter_card":"summary_large_image","twitter_misc":{"Est. reading time":"1 minute"},"schema":{"@context":"https:\/\/schema.org","@graph":[{"@type":"WebPage","@id":"https:\/\/www.ygm.com.tr\/en\/machines\/","url":"https:\/\/www.ygm.com.tr\/en\/machines\/","name":"Product Finder - YGM | Y\u00fczey Geli\u015ftirme Merkezi","isPartOf":{"@id":"https:\/\/www.ygm.com.tr\/en\/#website"},"datePublished":"2023-07-09T20:36:08+00:00","dateModified":"2025-06-28T12:22:34+00:00","description":"- Product Finder - YGM | Y\u00fczey Geli\u015ftirme Merkezi","breadcrumb":{"@id":"https:\/\/www.ygm.com.tr\/en\/machines\/#breadcrumb"},"inLanguage":"en-US","potentialAction":[{"@type":"ReadAction","target":["https:\/\/www.ygm.com.tr\/en\/machines\/"]}]},{"@type":"BreadcrumbList","@id":"https:\/\/www.ygm.com.tr\/en\/machines\/#breadcrumb","itemListElement":[{"@type":"ListItem","position":1,"name":"Home","item":"https:\/\/www.ygm.com.tr\/en\/"},{"@type":"ListItem","position":2,"name":"Product Finder"}]},{"@type":"WebSite","@id":"https:\/\/www.ygm.com.tr\/en\/#website","url":"https:\/\/www.ygm.com.tr\/en\/","name":"YGM | Y\u00fczey Geli\u015ftirme Merkezi","description":"Y\u00fczey i\u015fleme m\u00fchendisli\u011fi","publisher":{"@id":"https:\/\/www.ygm.com.tr\/en\/#organization"},"potentialAction":[{"@type":"SearchAction","target":{"@type":"EntryPoint","urlTemplate":"https:\/\/www.ygm.com.tr\/en\/?s={search_term_string}"},"query-input":{"@type":"PropertyValueSpecification","valueRequired":true,"valueName":"search_term_string"}}],"inLanguage":"en-US"},{"@type":"Organization","@id":"https:\/\/www.ygm.com.tr\/en\/#organization","name":"YGM | Y\u00fczey Geli\u015ftirme Merkezi","alternateName":"YGM","url":"https:\/\/www.ygm.com.tr\/en\/","logo":{"@type":"ImageObject","inLanguage":"en-US","@id":"https:\/\/www.ygm.com.tr\/en\/#\/schema\/logo\/image\/","url":"https:\/\/www.ygm.com.tr\/wp-content\/uploads\/2023\/06\/YGM_logo.svg","contentUrl":"https:\/\/www.ygm.com.tr\/wp-content\/uploads\/2023\/06\/YGM_logo.svg","width":606,"height":359,"caption":"YGM | Y\u00fczey Geli\u015ftirme Merkezi"},"image":{"@id":"https:\/\/www.ygm.com.tr\/en\/#\/schema\/logo\/image\/"},"sameAs":["https:\/\/www.facebook.com\/people\/Yzey-Gelitirme-Merkezi\/100063886306150\/","https:\/\/www.instagram.com\/ygm_makina\/","https:\/\/tr.linkedin.com\/company\/yzey-gelitirme-merkezi","https:\/\/wa.me\/905465895950","https:\/\/www.facebook.com\/profile.php?id=100063886306150"]}]}},"_links":{"self":[{"href":"https:\/\/www.ygm.com.tr\/en\/wp-json\/wp\/v2\/pages\/12278","targetHints":{"allow":["GET"]}}],"collection":[{"href":"https:\/\/www.ygm.com.tr\/en\/wp-json\/wp\/v2\/pages"}],"about":[{"href":"https:\/\/www.ygm.com.tr\/en\/wp-json\/wp\/v2\/types\/page"}],"author":[{"embeddable":true,"href":"https:\/\/www.ygm.com.tr\/en\/wp-json\/wp\/v2\/users\/3"}],"replies":[{"embeddable":true,"href":"https:\/\/www.ygm.com.tr\/en\/wp-json\/wp\/v2\/comments?post=12278"}],"version-history":[{"count":0,"href":"https:\/\/www.ygm.com.tr\/en\/wp-json\/wp\/v2\/pages\/12278\/revisions"}],"wp:attachment":[{"href":"https:\/\/www.ygm.com.tr\/en\/wp-json\/wp\/v2\/media?parent=12278"}],"curies":[{"name":"wp","href":"https:\/\/api.w.org\/{rel}","templated":true}]}}